{"id":69369,"date":"2024-03-22T16:23:52","date_gmt":"2024-03-22T15:23:52","guid":{"rendered":"https:\/\/abinox-chr-clim.com\/index.php\/product\/cuiseur-a-riz-buffalo-42l\/"},"modified":"2026-04-14T09:50:41","modified_gmt":"2026-04-14T07:50:41","slug":"cuiseur-a-riz-buffalo-42l","status":"publish","type":"product","link":"https:\/\/abinox-chr-clim.com\/index.php\/product\/cuiseur-a-riz-buffalo-42l\/","title":{"rendered":"Cuiseur \u00e0 riz Buffalo 4,2L"},"content":{"rendered":"<p>Du riz parfaitement cuit \u00e0 tout moment gr\u00e2ce \u00e0 ce cuiseur. Permet de cuire tous types de riz et bascule automatiquement en fonction maintien au chaud qui conserve le contenu \u00e0 la temp\u00e9rature id\u00e9ale de service. Livr\u00e9 avec cuill\u00e8re de service et mesure.<br \/>Passage automatique de la cuisson au maintien au chaud &#8211; pas besoin de transf\u00e9rer la nourriture entre les pots. Pot int\u00e9rieur anti-adh\u00e9sif extra robuste pour r\u00e9duire les temps de nettoyage. Spatule et doseur de riz inclus. R\u00e9f\u00e9rence soumise \u00e0 une Eco-participation mobilier de 0.36\u20ac par unit\u00e9 vendue. Couvercle robuste. Temps de cuisson rapide 35-40 min (riz blanc). Design facile \u00e0 nettoyer pour gagner du temps.Poign\u00e9es anti-chaleur pour un positionnement facile. Passage automatique de la cuisson au maintien au chaud &#8211; pas besoin de transf\u00e9rer la nourriture entre les pots.<\/p>\n<p>Caract\u00e9ristiques :<br \/> Capacit\u00e9 : 4,2L de riz sec \/ 10L de riz cuit.<br \/> Dimensions : 350(H) x 380(L) x 320(P) mm.<br \/> Mati\u00e8re : Acier inoxydable.<br \/> Sortie : 1,55kW.<br \/> Voltage : 230V.<br \/> Couleur : Blanc.<\/p>\n","protected":false},"excerpt":{"rendered":"<div><img decoding=\"async\" src=\"https:\/\/abinox-chr-clim.com\/wp-content\/uploads\/2024\/03\/abinox-garantie-1-an.webp\" width=\"150px\"\/><\/div>\n<p>Cuiseur \u00e0 riz Buffalo 4,2L<\/p>\n","protected":false},"featured_media":102948,"comment_status":"closed","ping_status":"closed","template":"","meta":[],"product_brand":[],"product_cat":[1181,1160,1297,1179],"product_tag":[],"class_list":{"0":"post-69369","1":"product","2":"type-product","3":"status-publish","4":"has-post-thumbnail","6":"product_cat-cuiseurs-a-riz-et-pates","7":"product_cat-materiel-electrique-et-de-cuisson","8":"product_cat-non-palettisable","9":"product_cat-petit-materiel","10":"product_shipping_class-free-shipping","12":"first","13":"instock","14":"featured","15":"taxable","16":"shipping-taxable","17":"purchasable","18":"product-type-simple"},"_links":{"self":[{"href":"https:\/\/abinox-chr-clim.com\/index.php\/wp-json\/wp\/v2\/product\/69369","targetHints":{"allow":["GET"]}}],"collection":[{"href":"https:\/\/abinox-chr-clim.com\/index.php\/wp-json\/wp\/v2\/product"}],"about":[{"href":"https:\/\/abinox-chr-clim.com\/index.php\/wp-json\/wp\/v2\/types\/product"}],"replies":[{"embeddable":true,"href":"https:\/\/abinox-chr-clim.com\/index.php\/wp-json\/wp\/v2\/comments?post=69369"}],"wp:featuredmedia":[{"embeddable":true,"href":"https:\/\/abinox-chr-clim.com\/index.php\/wp-json\/wp\/v2\/media\/102948"}],"wp:attachment":[{"href":"https:\/\/abinox-chr-clim.com\/index.php\/wp-json\/wp\/v2\/media?parent=69369"}],"wp:term":[{"taxonomy":"product_brand","embeddable":true,"href":"https:\/\/abinox-chr-clim.com\/index.php\/wp-json\/wp\/v2\/product_brand?post=69369"},{"taxonomy":"product_cat","embeddable":true,"href":"https:\/\/abinox-chr-clim.com\/index.php\/wp-json\/wp\/v2\/product_cat?post=69369"},{"taxonomy":"product_tag","embeddable":true,"href":"https:\/\/abinox-chr-clim.com\/index.php\/wp-json\/wp\/v2\/product_tag?post=69369"}],"curies":[{"name":"wp","href":"https:\/\/api.w.org\/{rel}","templated":true}]}}