{"id":69367,"date":"2024-03-22T16:23:51","date_gmt":"2024-03-22T15:23:51","guid":{"rendered":"https:\/\/abinox-chr-clim.com\/index.php\/product\/grand-cuiseur-a-riz-buffalo-9l\/"},"modified":"2026-04-14T09:44:54","modified_gmt":"2026-04-14T07:44:54","slug":"grand-cuiseur-a-riz-buffalo-9l","status":"publish","type":"product","link":"https:\/\/abinox-chr-clim.com\/index.php\/product\/grand-cuiseur-a-riz-buffalo-9l\/","title":{"rendered":"Grand cuiseur \u00e0 riz Buffalo 9L"},"content":{"rendered":"<p>Cuiseur \u00e0 riz professionnel grande capacit\u00e9 permettant d&rsquo;obtenir facilement 20L de riz pr\u00eat \u00e0 d\u00e9guster en seulement 40 minutes. Une fois la cuisson termin\u00e9e l&rsquo;appareil bascule automatiquement en mode maintien au chaud. Id\u00e9al pour les \u00e9tablissements servant de grandes quantit\u00e9s de riz. Fourni avec spatule, cuill\u00e8re de service et mesure de riz. En acier inoxydable r\u00e9sistant et durable, facile \u00e0 nettoyer.<br \/>Passage automatique du mode cuisson au mode maintien au chaud. Cuve int\u00e9rieure antiadh\u00e9sive extr\u00eamement r\u00e9sistante. Spatule et doseur fournis. R\u00e9f\u00e9rence soumise \u00e0 une Eco-participation mobilier de 0.98\u20ac par unit\u00e9 vendue. Couvercle et corps inox. Temps de cuisson environ 35-40 minutes (riz blanc). Facile \u00e0 nettoyer. Le couvercle comprend un r\u00e9cipient collecteur de condensation. Poign\u00e9es anti chaleur. R\u00e9f\u00e9rence soumise \u00e0 une Eco-participation DEEE de 0,62\u20ac par unit\u00e9 vendue. Passage automatique du mode cuisson au mode maintien au chaud.<\/p>\n<p>Caract\u00e9ristiques :<br \/> Capacit\u00e9 : 9L.<br \/> Dimensions : 415(H) x 480(L) x 560(P) mm.<br \/> Mati\u00e8re : Corps et couvercle inox.<br \/> Voltage : 230V.<br \/> Couleur : Noir et acier inoxydable.<br \/> Puissance : 2.85 kW.<\/p>\n","protected":false},"excerpt":{"rendered":"<div><img decoding=\"async\" src=\"https:\/\/abinox-chr-clim.com\/wp-content\/uploads\/2024\/03\/abinox-garantie-1-an.webp\" width=\"150px\"\/><\/div>\n<p>Grand cuiseur \u00e0 riz Buffalo 9L<\/p>\n","protected":false},"featured_media":84208,"comment_status":"closed","ping_status":"closed","template":"","meta":[],"product_brand":[],"product_cat":[1181,1160,1297,1179],"product_tag":[],"class_list":{"0":"post-69367","1":"product","2":"type-product","3":"status-publish","4":"has-post-thumbnail","6":"product_cat-cuiseurs-a-riz-et-pates","7":"product_cat-materiel-electrique-et-de-cuisson","8":"product_cat-non-palettisable","9":"product_cat-petit-materiel","10":"product_shipping_class-free-shipping","12":"first","13":"instock","14":"featured","15":"taxable","16":"shipping-taxable","17":"purchasable","18":"product-type-simple"},"_links":{"self":[{"href":"https:\/\/abinox-chr-clim.com\/index.php\/wp-json\/wp\/v2\/product\/69367","targetHints":{"allow":["GET"]}}],"collection":[{"href":"https:\/\/abinox-chr-clim.com\/index.php\/wp-json\/wp\/v2\/product"}],"about":[{"href":"https:\/\/abinox-chr-clim.com\/index.php\/wp-json\/wp\/v2\/types\/product"}],"replies":[{"embeddable":true,"href":"https:\/\/abinox-chr-clim.com\/index.php\/wp-json\/wp\/v2\/comments?post=69367"}],"wp:featuredmedia":[{"embeddable":true,"href":"https:\/\/abinox-chr-clim.com\/index.php\/wp-json\/wp\/v2\/media\/84208"}],"wp:attachment":[{"href":"https:\/\/abinox-chr-clim.com\/index.php\/wp-json\/wp\/v2\/media?parent=69367"}],"wp:term":[{"taxonomy":"product_brand","embeddable":true,"href":"https:\/\/abinox-chr-clim.com\/index.php\/wp-json\/wp\/v2\/product_brand?post=69367"},{"taxonomy":"product_cat","embeddable":true,"href":"https:\/\/abinox-chr-clim.com\/index.php\/wp-json\/wp\/v2\/product_cat?post=69367"},{"taxonomy":"product_tag","embeddable":true,"href":"https:\/\/abinox-chr-clim.com\/index.php\/wp-json\/wp\/v2\/product_tag?post=69367"}],"curies":[{"name":"wp","href":"https:\/\/api.w.org\/{rel}","templated":true}]}}