{"id":69366,"date":"2024-03-22T16:23:51","date_gmt":"2024-03-22T15:23:51","guid":{"rendered":"https:\/\/abinox-chr-clim.com\/index.php\/product\/cuiseur-a-riz-profesionnel-buffalo-10l\/"},"modified":"2026-04-14T08:35:36","modified_gmt":"2026-04-14T06:35:36","slug":"cuiseur-a-riz-profesionnel-buffalo-10l","status":"publish","type":"product","link":"https:\/\/abinox-chr-clim.com\/index.php\/product\/cuiseur-a-riz-profesionnel-buffalo-10l\/","title":{"rendered":"Cuiseur \u00e0 riz profesionnel Buffalo 10L"},"content":{"rendered":"<p>Avec sa grande capacit\u00e9 et des commandes conviviales, ce cuiseur \u00e0 riz professionnel permet une pr\u00e9paration sans effort pour les restaurants. Fourni avec une cuill\u00e8re de service et une mesure.<br \/>Passage automatique de la cuisson au maintien au chaud &#8211; le riz peut \u00eatre servi plus longtemps. Cuve int\u00e9rieure antiadh\u00e9sive tr\u00e8s r\u00e9sistante. Spatule et mesure de riz inclus. R\u00e9f\u00e9rence soumise \u00e0 une Eco-participation mobilier de 0.73\u20ac par unit\u00e9 vendue. Couvercle robuste. Temps de cuisson \u00e0 pleine charge\u00a0: environ 35 \u00e0 40 min (riz blanc). Design facile \u00e0 nettoyer pour gagner du temps.Poign\u00e9es anti-chaleur pour un positionnement facile. R\u00e9f\u00e9rence soumise \u00e0 une Eco-participation DEEE de 0,48\u20ac par unit\u00e9 vendue. Passage automatique de la cuisson au maintien au chaud &#8211; le riz peut \u00eatre servi plus longtemps.<\/p>\n<p>Caract\u00e9ristiques :<br \/> Capacit\u00e9 : 23L (92 portions) de riz cuit \/ 10L de riz sec.<br \/> Dimensions : 395(H) x 560(L) x 485(P) mm.<br \/> Mati\u00e8re : .<br \/> Sortie : 92 portions de riz.<br \/> Voltage : 230V<\/p>\n","protected":false},"excerpt":{"rendered":"<div><img decoding=\"async\" src=\"https:\/\/abinox-chr-clim.com\/wp-content\/uploads\/2024\/03\/abinox-garantie-1-an.webp\" width=\"150px\"\/><\/div>\n<p>Cuiseur \u00e0 riz profesionnel Buffalo 10L<\/p>\n","protected":false},"featured_media":80677,"comment_status":"closed","ping_status":"closed","template":"","meta":[],"product_brand":[],"product_cat":[1181,1160,1297,1179],"product_tag":[],"class_list":{"0":"post-69366","1":"product","2":"type-product","3":"status-publish","4":"has-post-thumbnail","6":"product_cat-cuiseurs-a-riz-et-pates","7":"product_cat-materiel-electrique-et-de-cuisson","8":"product_cat-non-palettisable","9":"product_cat-petit-materiel","10":"product_shipping_class-free-shipping","12":"first","13":"instock","14":"featured","15":"taxable","16":"shipping-taxable","17":"purchasable","18":"product-type-simple"},"_links":{"self":[{"href":"https:\/\/abinox-chr-clim.com\/index.php\/wp-json\/wp\/v2\/product\/69366","targetHints":{"allow":["GET"]}}],"collection":[{"href":"https:\/\/abinox-chr-clim.com\/index.php\/wp-json\/wp\/v2\/product"}],"about":[{"href":"https:\/\/abinox-chr-clim.com\/index.php\/wp-json\/wp\/v2\/types\/product"}],"replies":[{"embeddable":true,"href":"https:\/\/abinox-chr-clim.com\/index.php\/wp-json\/wp\/v2\/comments?post=69366"}],"wp:featuredmedia":[{"embeddable":true,"href":"https:\/\/abinox-chr-clim.com\/index.php\/wp-json\/wp\/v2\/media\/80677"}],"wp:attachment":[{"href":"https:\/\/abinox-chr-clim.com\/index.php\/wp-json\/wp\/v2\/media?parent=69366"}],"wp:term":[{"taxonomy":"product_brand","embeddable":true,"href":"https:\/\/abinox-chr-clim.com\/index.php\/wp-json\/wp\/v2\/product_brand?post=69366"},{"taxonomy":"product_cat","embeddable":true,"href":"https:\/\/abinox-chr-clim.com\/index.php\/wp-json\/wp\/v2\/product_cat?post=69366"},{"taxonomy":"product_tag","embeddable":true,"href":"https:\/\/abinox-chr-clim.com\/index.php\/wp-json\/wp\/v2\/product_tag?post=69366"}],"curies":[{"name":"wp","href":"https:\/\/api.w.org\/{rel}","templated":true}]}}