{"id":69365,"date":"2024-03-22T16:23:50","date_gmt":"2024-03-22T15:23:50","guid":{"rendered":"https:\/\/abinox-chr-clim.com\/index.php\/product\/fourneau-2-plaques-electriques-a-poser-lincat-silverlink-600-ht3\/"},"modified":"2025-06-30T11:21:36","modified_gmt":"2025-06-30T09:21:36","slug":"fourneau-2-plaques-electriques-a-poser-lincat-silverlink-600-ht3","status":"publish","type":"product","link":"https:\/\/abinox-chr-clim.com\/index.php\/product\/fourneau-2-plaques-electriques-a-poser-lincat-silverlink-600-ht3\/","title":{"rendered":"Fourneau 2 plaques \u00e9lectriques \u00e0 poser Lincat Silverlink 600 HT3"},"content":{"rendered":"<p>Fourneaux avec plaques chauffantes robustes, plaque de cuisson en acier inoxydable facile \u00e0 nettoyer et boutons de commande en plastique de qualit\u00e9.<br \/>Fourneau enti\u00e8rement press\u00e9 et lavable. Plaques chauffantes enti\u00e8rement press\u00e9es et scell\u00e9es pour un nettoyage facile. Diminution automatique de la puissance en cas de chauffe \u00e0 sec ou retrait de l&rsquo;ustensile de cuisson &#8211; prolonge la dur\u00e9e de vie de la plaque chauffante. Commandes ind\u00e9pendantes 6 positions pour chaque plaque. Con\u00e7u pour \u00eatre associ\u00e9 avec d&rsquo;autres appareils \u00e0 poser Silverlink 600.  Fourneau enti\u00e8rement press\u00e9 et lavable.<\/p>\n<p>Caract\u00e9ristiques :<br \/> Capacit\u00e9 : 2 plaques chauffantes 1,5kW.<br \/> Dimensions : 290(H) x 300(L) x 600(P) mm.<br \/> Mati\u00e8re : .<br \/> Voltage : 230V<\/p>\n","protected":false},"excerpt":{"rendered":"<div><img decoding=\"async\" src=\"https:\/\/abinox-chr-clim.com\/wp-content\/uploads\/2024\/03\/abinox-garantie-1-an.webp\" width=\"150px\"\/><\/div>\n<p>Fourneau 2 plaques \u00e9lectriques \u00e0 poser Lincat Silverlink 600 HT3<\/p>\n","protected":false},"featured_media":104398,"comment_status":"closed","ping_status":"closed","template":"","meta":[],"product_brand":[],"product_cat":[1180,1160,1297,1179],"product_tag":[],"class_list":{"0":"post-69365","1":"product","2":"type-product","3":"status-publish","4":"has-post-thumbnail","6":"product_cat-chauffe-aliments","7":"product_cat-materiel-electrique-et-de-cuisson","8":"product_cat-non-palettisable","9":"product_cat-petit-materiel","10":"product_shipping_class-free-shipping","12":"first","13":"outofstock","14":"featured","15":"taxable","16":"shipping-taxable","17":"purchasable","18":"product-type-simple"},"_links":{"self":[{"href":"https:\/\/abinox-chr-clim.com\/index.php\/wp-json\/wp\/v2\/product\/69365","targetHints":{"allow":["GET"]}}],"collection":[{"href":"https:\/\/abinox-chr-clim.com\/index.php\/wp-json\/wp\/v2\/product"}],"about":[{"href":"https:\/\/abinox-chr-clim.com\/index.php\/wp-json\/wp\/v2\/types\/product"}],"replies":[{"embeddable":true,"href":"https:\/\/abinox-chr-clim.com\/index.php\/wp-json\/wp\/v2\/comments?post=69365"}],"wp:featuredmedia":[{"embeddable":true,"href":"https:\/\/abinox-chr-clim.com\/index.php\/wp-json\/wp\/v2\/media\/104398"}],"wp:attachment":[{"href":"https:\/\/abinox-chr-clim.com\/index.php\/wp-json\/wp\/v2\/media?parent=69365"}],"wp:term":[{"taxonomy":"product_brand","embeddable":true,"href":"https:\/\/abinox-chr-clim.com\/index.php\/wp-json\/wp\/v2\/product_brand?post=69365"},{"taxonomy":"product_cat","embeddable":true,"href":"https:\/\/abinox-chr-clim.com\/index.php\/wp-json\/wp\/v2\/product_cat?post=69365"},{"taxonomy":"product_tag","embeddable":true,"href":"https:\/\/abinox-chr-clim.com\/index.php\/wp-json\/wp\/v2\/product_tag?post=69365"}],"curies":[{"name":"wp","href":"https:\/\/api.w.org\/{rel}","templated":true}]}}