{"id":69362,"date":"2024-03-22T16:23:48","date_gmt":"2024-03-22T15:23:48","guid":{"rendered":"https:\/\/abinox-chr-clim.com\/index.php\/product\/plaque-de-cuisson-electrique-caterlite-double\/"},"modified":"2026-04-24T09:07:16","modified_gmt":"2026-04-24T07:07:16","slug":"plaque-de-cuisson-electrique-caterlite-double","status":"publish","type":"product","link":"https:\/\/abinox-chr-clim.com\/index.php\/product\/plaque-de-cuisson-electrique-caterlite-double\/","title":{"rendered":"Plaque de cuisson \u00e9lectrique Caterlite double"},"content":{"rendered":"<p>Plaques de cuisson \u00e9lectriques compactes et faciles \u00e0 utiliser avec coupe-circuit de s\u00e9curit\u00e9 et contr\u00f4le thermostatique.<br \/>Corps en acier peint blanc. Coupe-circuit de s\u00e9curit\u00e9. Contr\u00f4le thermostatique. R\u00e9f\u00e9rence soumise \u00e0 une Eco-participation mobilier de 0.13\u20ac par unit\u00e9 vendue. Voyant lumineux on\/off.Pieds en caoutchouc anti-d\u00e9rapants. R\u00e9f\u00e9rence soumise \u00e0 une Eco-participation DEEE de 0,10\u20ac par unit\u00e9 vendue. Corps en acier peint blanc.<\/p>\n<p>Caract\u00e9ristiques :<br \/> Dimensions : 65(H) x 460(L) x 250(P) mm.<br \/> Mati\u00e8re : Acier.<br \/> Voltage : 230V.<br \/> Couleur : Blanc.<br \/> Puissance : 2.5 kW.<\/p>\n","protected":false},"excerpt":{"rendered":"<div><img decoding=\"async\" src=\"https:\/\/abinox-chr-clim.com\/wp-content\/uploads\/2024\/03\/abinox-garantie-1-an.webp\" width=\"150px\"\/><\/div>\n<p>Plaque de cuisson \u00e9lectrique Caterlite double<\/p>\n","protected":false},"featured_media":101586,"comment_status":"closed","ping_status":"closed","template":"","meta":[],"product_brand":[],"product_cat":[1180,1160,1297,1179],"product_tag":[],"class_list":{"0":"post-69362","1":"product","2":"type-product","3":"status-publish","4":"has-post-thumbnail","6":"product_cat-chauffe-aliments","7":"product_cat-materiel-electrique-et-de-cuisson","8":"product_cat-non-palettisable","9":"product_cat-petit-materiel","10":"product_shipping_class-free-shipping","12":"first","13":"instock","14":"featured","15":"taxable","16":"shipping-taxable","17":"purchasable","18":"product-type-simple"},"_links":{"self":[{"href":"https:\/\/abinox-chr-clim.com\/index.php\/wp-json\/wp\/v2\/product\/69362","targetHints":{"allow":["GET"]}}],"collection":[{"href":"https:\/\/abinox-chr-clim.com\/index.php\/wp-json\/wp\/v2\/product"}],"about":[{"href":"https:\/\/abinox-chr-clim.com\/index.php\/wp-json\/wp\/v2\/types\/product"}],"replies":[{"embeddable":true,"href":"https:\/\/abinox-chr-clim.com\/index.php\/wp-json\/wp\/v2\/comments?post=69362"}],"wp:featuredmedia":[{"embeddable":true,"href":"https:\/\/abinox-chr-clim.com\/index.php\/wp-json\/wp\/v2\/media\/101586"}],"wp:attachment":[{"href":"https:\/\/abinox-chr-clim.com\/index.php\/wp-json\/wp\/v2\/media?parent=69362"}],"wp:term":[{"taxonomy":"product_brand","embeddable":true,"href":"https:\/\/abinox-chr-clim.com\/index.php\/wp-json\/wp\/v2\/product_brand?post=69362"},{"taxonomy":"product_cat","embeddable":true,"href":"https:\/\/abinox-chr-clim.com\/index.php\/wp-json\/wp\/v2\/product_cat?post=69362"},{"taxonomy":"product_tag","embeddable":true,"href":"https:\/\/abinox-chr-clim.com\/index.php\/wp-json\/wp\/v2\/product_tag?post=69362"}],"curies":[{"name":"wp","href":"https:\/\/api.w.org\/{rel}","templated":true}]}}