{"id":69361,"date":"2024-03-22T16:23:47","date_gmt":"2024-03-22T15:23:47","guid":{"rendered":"https:\/\/abinox-chr-clim.com\/index.php\/product\/barbecue-au-charbon-buffalo\/"},"modified":"2026-04-23T09:45:55","modified_gmt":"2026-04-23T07:45:55","slug":"barbecue-au-charbon-buffalo","status":"publish","type":"product","link":"https:\/\/abinox-chr-clim.com\/index.php\/product\/barbecue-au-charbon-buffalo\/","title":{"rendered":"Barbecue au charbon Buffalo"},"content":{"rendered":"<p>Barbecue professionnel solide et \u00e9l\u00e9gant, parfait pour faire de d\u00e9licieuses grillades. La grande zone de cuisson offre un espace g\u00e9n\u00e9reux pour les services plus occup\u00e9s. Facile \u00e0 transporter et \u00e0 monter pour une utilisation rapide.<br \/>Structure en acier inoxydable \u00e9l\u00e9gante et solide, durable et facile \u00e0 nettoyer. La structure d\u00e9montable facilite le transport lorsque le service est termin\u00e9. Installation en une \u00e9tape &#8211; pr\u00eat \u00e0 l&#8217;emploi rapidement. R\u00e9f\u00e9rence soumise \u00e0 une Eco-participation mobilier de 0.56\u20ac par unit\u00e9 vendue. Choix id\u00e9al pour la restauration mobile, \u00e9v\u00e9nementielle ou \u00e0 domicile. Grande zone de cuisson &#8211; parfait pour cuire plusieurs plats diff\u00e9rents. Cuisson au charbon de bois traditionnelle\u00a0pour des grillades parfum\u00e9es.Structure solide de grande qualit\u00e9 pour un fonctionnement stable et s\u00fbr. Structure en acier inoxydable \u00e9l\u00e9gante et solide, durable et facile \u00e0 nettoyer.<\/p>\n<p>Caract\u00e9ristiques :<br \/> Dimensions : 900(H) x 1000(L) x 320(P) mm.<br \/> Mati\u00e8re : Acier.<br \/> Couleur : Argent.<\/p>\n","protected":false},"excerpt":{"rendered":"<div><img decoding=\"async\" src=\"https:\/\/abinox-chr-clim.com\/wp-content\/uploads\/2024\/03\/abinox-garantie-1-an.webp\" width=\"150px\"\/><\/div>\n<p>Barbecue au charbon Buffalo<\/p>\n","protected":false},"featured_media":101013,"comment_status":"closed","ping_status":"closed","template":"","meta":[],"product_brand":[],"product_cat":[1180,1160,1297,1179],"product_tag":[],"class_list":{"0":"post-69361","1":"product","2":"type-product","3":"status-publish","4":"has-post-thumbnail","6":"product_cat-chauffe-aliments","7":"product_cat-materiel-electrique-et-de-cuisson","8":"product_cat-non-palettisable","9":"product_cat-petit-materiel","10":"product_shipping_class-free-shipping","12":"first","13":"instock","14":"featured","15":"taxable","16":"shipping-taxable","17":"purchasable","18":"product-type-simple"},"_links":{"self":[{"href":"https:\/\/abinox-chr-clim.com\/index.php\/wp-json\/wp\/v2\/product\/69361","targetHints":{"allow":["GET"]}}],"collection":[{"href":"https:\/\/abinox-chr-clim.com\/index.php\/wp-json\/wp\/v2\/product"}],"about":[{"href":"https:\/\/abinox-chr-clim.com\/index.php\/wp-json\/wp\/v2\/types\/product"}],"replies":[{"embeddable":true,"href":"https:\/\/abinox-chr-clim.com\/index.php\/wp-json\/wp\/v2\/comments?post=69361"}],"wp:featuredmedia":[{"embeddable":true,"href":"https:\/\/abinox-chr-clim.com\/index.php\/wp-json\/wp\/v2\/media\/101013"}],"wp:attachment":[{"href":"https:\/\/abinox-chr-clim.com\/index.php\/wp-json\/wp\/v2\/media?parent=69361"}],"wp:term":[{"taxonomy":"product_brand","embeddable":true,"href":"https:\/\/abinox-chr-clim.com\/index.php\/wp-json\/wp\/v2\/product_brand?post=69361"},{"taxonomy":"product_cat","embeddable":true,"href":"https:\/\/abinox-chr-clim.com\/index.php\/wp-json\/wp\/v2\/product_cat?post=69361"},{"taxonomy":"product_tag","embeddable":true,"href":"https:\/\/abinox-chr-clim.com\/index.php\/wp-json\/wp\/v2\/product_tag?post=69361"}],"curies":[{"name":"wp","href":"https:\/\/api.w.org\/{rel}","templated":true}]}}