{"id":69360,"date":"2024-03-22T16:23:47","date_gmt":"2024-03-22T15:23:47","guid":{"rendered":"https:\/\/abinox-chr-clim.com\/index.php\/product\/plaque-chauffante-a-induction-compacte-buffalo-1000w\/"},"modified":"2026-04-23T09:51:14","modified_gmt":"2026-04-23T07:51:14","slug":"plaque-chauffante-a-induction-compacte-buffalo-1000w","status":"publish","type":"product","link":"https:\/\/abinox-chr-clim.com\/index.php\/product\/plaque-chauffante-a-induction-compacte-buffalo-1000w\/","title":{"rendered":"Plaque chauffante \u00e0 induction compacte Buffalo 1000W"},"content":{"rendered":"<p>Plaque induction \u00e9conome en \u00e9nergie pour r\u00e9chauffer et maintenir les aliments au chaud.<br \/>Tr\u00e8s \u00e9conome en \u00e9nergie &#8211; utilise beaucoup moins d&rsquo;\u00e9nergie que des plaques chauffantes ou des plaques de cuisson \u00e0 gaz de m\u00eame cat\u00e9gorie. R\u00e9gulation de puissance r\u00e9glable sur 10 niveaux  pour r\u00e9chauffer ou cuisiner facilement. Ecran LED num\u00e9rique s\u00e9par\u00e9 intuitif &#8211; peut permettre de cacher l&rsquo;\u00e9cran de commande si n\u00e9cessaire. R\u00e9f\u00e9rence soumise \u00e0 une Eco-participation mobilier de 0.12\u20ac par unit\u00e9 vendue. La protection \u00e9lectronique contre la surchauffe \u00e9vite d&rsquo;endommager l&rsquo;appareil.  Surface en vitroc\u00e9ramique noire facile \u00e0 nettoyer. Tr\u00e8s \u00e9conome en \u00e9nergie &#8211; utilise beaucoup moins d&rsquo;\u00e9nergie que des plaques chauffantes ou des plaques de cuisson \u00e0 gaz de m\u00eame cat\u00e9gorie.<\/p>\n<p>Caract\u00e9ristiques :<br \/> Dimensions : 68(H) x 245(L) x 245(P) mm.<br \/> Mati\u00e8re : M\u00e9tal.<br \/> Voltage : 220-240V.<br \/> Couleur : Noir.<\/p>\n","protected":false},"excerpt":{"rendered":"<div><img decoding=\"async\" src=\"https:\/\/abinox-chr-clim.com\/wp-content\/uploads\/2024\/03\/abinox-garantie-1-an.webp\" width=\"150px\"\/><\/div>\n<p>Plaque chauffante \u00e0 induction compacte Buffalo 1000W<\/p>\n","protected":false},"featured_media":100617,"comment_status":"closed","ping_status":"closed","template":"","meta":[],"product_brand":[],"product_cat":[1180,1160,1297,1179],"product_tag":[],"class_list":{"0":"post-69360","1":"product","2":"type-product","3":"status-publish","4":"has-post-thumbnail","6":"product_cat-chauffe-aliments","7":"product_cat-materiel-electrique-et-de-cuisson","8":"product_cat-non-palettisable","9":"product_cat-petit-materiel","10":"product_shipping_class-free-shipping","12":"first","13":"instock","14":"featured","15":"taxable","16":"shipping-taxable","17":"purchasable","18":"product-type-simple"},"_links":{"self":[{"href":"https:\/\/abinox-chr-clim.com\/index.php\/wp-json\/wp\/v2\/product\/69360","targetHints":{"allow":["GET"]}}],"collection":[{"href":"https:\/\/abinox-chr-clim.com\/index.php\/wp-json\/wp\/v2\/product"}],"about":[{"href":"https:\/\/abinox-chr-clim.com\/index.php\/wp-json\/wp\/v2\/types\/product"}],"replies":[{"embeddable":true,"href":"https:\/\/abinox-chr-clim.com\/index.php\/wp-json\/wp\/v2\/comments?post=69360"}],"wp:featuredmedia":[{"embeddable":true,"href":"https:\/\/abinox-chr-clim.com\/index.php\/wp-json\/wp\/v2\/media\/100617"}],"wp:attachment":[{"href":"https:\/\/abinox-chr-clim.com\/index.php\/wp-json\/wp\/v2\/media?parent=69360"}],"wp:term":[{"taxonomy":"product_brand","embeddable":true,"href":"https:\/\/abinox-chr-clim.com\/index.php\/wp-json\/wp\/v2\/product_brand?post=69360"},{"taxonomy":"product_cat","embeddable":true,"href":"https:\/\/abinox-chr-clim.com\/index.php\/wp-json\/wp\/v2\/product_cat?post=69360"},{"taxonomy":"product_tag","embeddable":true,"href":"https:\/\/abinox-chr-clim.com\/index.php\/wp-json\/wp\/v2\/product_tag?post=69360"}],"curies":[{"name":"wp","href":"https:\/\/api.w.org\/{rel}","templated":true}]}}