{"id":69359,"date":"2024-03-22T16:23:46","date_gmt":"2024-03-22T15:23:46","guid":{"rendered":"https:\/\/abinox-chr-clim.com\/index.php\/product\/plaque-de-cuisson-electrique-double-lincat-lynx-400-lbr2\/"},"modified":"2026-04-02T09:51:15","modified_gmt":"2026-04-02T07:51:15","slug":"plaque-de-cuisson-electrique-double-lincat-lynx-400-lbr2","status":"publish","type":"product","link":"https:\/\/abinox-chr-clim.com\/index.php\/product\/plaque-de-cuisson-electrique-double-lincat-lynx-400-lbr2\/","title":{"rendered":"Plaque de cuisson \u00e9lectrique double Lincat Lynx 400 LBR2"},"content":{"rendered":"<p>Conception compacte et discr\u00e8te pour une hauteur de travail confortable. Facile \u00e0 nettoyer. Le coupe-circuit thermique prolonge la dur\u00e9e de vie des r\u00e9sistances et garantit une efficacit\u00e9 \u00e9nerg\u00e9tique maximale.<br \/>Conception compacte et discr\u00e8te &#8211; offre une hauteur de travail confortable lorsqu&rsquo;elle est utilis\u00e9e sur un plan de travail standard de 900 mm de hauteur. Plaques de cuisson scell\u00e9es de 180 mm pour un nettoyage facile. Thermostat r\u00e9glable. R\u00e9f\u00e9rence soumise \u00e0 une Eco-participation mobilier de 0.65\u20ac par unit\u00e9 vendue. Unit\u00e9 pr\u00eate \u00e0 brancher, pas d&rsquo;installation n\u00e9cessaire.  Coupe-circuit automatique en cas de d\u00e9bordement ou si la casserole est retir\u00e9e &#8211; prolongeant ainsi la dur\u00e9e de vie des plaques chauffante. Conception compacte et discr\u00e8te &#8211; offre une hauteur de travail confortable lorsqu&rsquo;elle est utilis\u00e9e sur un plan de travail standard de 900 mm de hauteur.<\/p>\n<p>Caract\u00e9ristiques :<br \/> Dimensions : 120(H) x 565(L) x 400(P) mm.<br \/> Mati\u00e8re : Inox.<br \/> Voltage : 230V<\/p>\n","protected":false},"excerpt":{"rendered":"<div><img decoding=\"async\" src=\"https:\/\/abinox-chr-clim.com\/wp-content\/uploads\/2024\/03\/abinox-garantie-1-an.webp\" width=\"150px\"\/><\/div>\n<p>Plaque de cuisson \u00e9lectrique double Lincat Lynx 400 LBR2<\/p>\n","protected":false},"featured_media":95633,"comment_status":"closed","ping_status":"closed","template":"","meta":[],"product_brand":[],"product_cat":[1180,1160,1297,1179],"product_tag":[],"class_list":{"0":"post-69359","1":"product","2":"type-product","3":"status-publish","4":"has-post-thumbnail","6":"product_cat-chauffe-aliments","7":"product_cat-materiel-electrique-et-de-cuisson","8":"product_cat-non-palettisable","9":"product_cat-petit-materiel","10":"product_shipping_class-free-shipping","12":"first","13":"instock","14":"featured","15":"taxable","16":"shipping-taxable","17":"purchasable","18":"product-type-simple"},"_links":{"self":[{"href":"https:\/\/abinox-chr-clim.com\/index.php\/wp-json\/wp\/v2\/product\/69359","targetHints":{"allow":["GET"]}}],"collection":[{"href":"https:\/\/abinox-chr-clim.com\/index.php\/wp-json\/wp\/v2\/product"}],"about":[{"href":"https:\/\/abinox-chr-clim.com\/index.php\/wp-json\/wp\/v2\/types\/product"}],"replies":[{"embeddable":true,"href":"https:\/\/abinox-chr-clim.com\/index.php\/wp-json\/wp\/v2\/comments?post=69359"}],"wp:featuredmedia":[{"embeddable":true,"href":"https:\/\/abinox-chr-clim.com\/index.php\/wp-json\/wp\/v2\/media\/95633"}],"wp:attachment":[{"href":"https:\/\/abinox-chr-clim.com\/index.php\/wp-json\/wp\/v2\/media?parent=69359"}],"wp:term":[{"taxonomy":"product_brand","embeddable":true,"href":"https:\/\/abinox-chr-clim.com\/index.php\/wp-json\/wp\/v2\/product_brand?post=69359"},{"taxonomy":"product_cat","embeddable":true,"href":"https:\/\/abinox-chr-clim.com\/index.php\/wp-json\/wp\/v2\/product_cat?post=69359"},{"taxonomy":"product_tag","embeddable":true,"href":"https:\/\/abinox-chr-clim.com\/index.php\/wp-json\/wp\/v2\/product_tag?post=69359"}],"curies":[{"name":"wp","href":"https:\/\/api.w.org\/{rel}","templated":true}]}}