{"id":69358,"date":"2024-03-22T16:23:46","date_gmt":"2024-03-22T15:23:46","guid":{"rendered":"https:\/\/abinox-chr-clim.com\/index.php\/product\/bain-marie-cuisson-sous-vide-buffalo-125l\/"},"modified":"2026-04-23T08:55:21","modified_gmt":"2026-04-23T06:55:21","slug":"bain-marie-cuisson-sous-vide-buffalo-125l","status":"publish","type":"product","link":"https:\/\/abinox-chr-clim.com\/index.php\/product\/bain-marie-cuisson-sous-vide-buffalo-125l\/","title":{"rendered":"Bain-marie cuisson sous vide Buffalo 12,5L"},"content":{"rendered":"<p>Bain-marie complet compact et portable avec cuve \u00e0 eau de 12,5L et corps et couvercle en acier inoxydable. La circulation de l&rsquo;eau permet une meilleure r\u00e9partition de la temp\u00e9rature. Large \u00e9cran d&rsquo;affichage LCD et panneau de commande facile \u00e0 utiliser.<br \/>Corps et couvercle en acier inoxydable. Ecran d&rsquo;affichage LCD. Dispositif d&rsquo;alarme de d\u00e9tection de faible niveau d&rsquo;eau. R\u00e9f\u00e9rence soumise \u00e0 une Eco-participation mobilier de 0.4\u20ac par unit\u00e9 vendue. Pr\u00e9cision de temp\u00e9rature de \u00b1 0,5\u00b0C. Plage de temp\u00e9rature: Min = ambiante +5\u00b0C \/ Max = 99\u00b0C.Minuterie 0-99h. R\u00e9f\u00e9rence soumise \u00e0 une Eco-participation DEEE de 0,30\u20ac par unit\u00e9 vendue. Corps et couvercle en acier inoxydable.<\/p>\n<p>Caract\u00e9ristiques :<br \/> Capacit\u00e9 : 12,5 L.<br \/> Dimensions : 280(H) x 415(L) x 265(P) mm.<br \/> Mati\u00e8re : Inox.<br \/> Temp\u00e9rature : 5 \u00b0C \u00e0 99 \u00b0C.<br \/> Voltage : 230V.<br \/> Couleur : Acier inoxydable.<br \/> Puissance : 650 W.<\/p>\n","protected":false},"excerpt":{"rendered":"<div><img decoding=\"async\" src=\"https:\/\/abinox-chr-clim.com\/wp-content\/uploads\/2024\/03\/abinox-garantie-1-an.webp\" width=\"150px\"\/><\/div>\n<p>Bain-marie cuisson sous vide Buffalo 12,5L<\/p>\n","protected":false},"featured_media":92303,"comment_status":"closed","ping_status":"closed","template":"","meta":[],"product_brand":[],"product_cat":[1180,1160,1297,1179],"product_tag":[],"class_list":{"0":"post-69358","1":"product","2":"type-product","3":"status-publish","4":"has-post-thumbnail","6":"product_cat-chauffe-aliments","7":"product_cat-materiel-electrique-et-de-cuisson","8":"product_cat-non-palettisable","9":"product_cat-petit-materiel","10":"product_shipping_class-free-shipping","12":"first","13":"outofstock","14":"featured","15":"taxable","16":"shipping-taxable","17":"purchasable","18":"product-type-simple"},"_links":{"self":[{"href":"https:\/\/abinox-chr-clim.com\/index.php\/wp-json\/wp\/v2\/product\/69358","targetHints":{"allow":["GET"]}}],"collection":[{"href":"https:\/\/abinox-chr-clim.com\/index.php\/wp-json\/wp\/v2\/product"}],"about":[{"href":"https:\/\/abinox-chr-clim.com\/index.php\/wp-json\/wp\/v2\/types\/product"}],"replies":[{"embeddable":true,"href":"https:\/\/abinox-chr-clim.com\/index.php\/wp-json\/wp\/v2\/comments?post=69358"}],"wp:featuredmedia":[{"embeddable":true,"href":"https:\/\/abinox-chr-clim.com\/index.php\/wp-json\/wp\/v2\/media\/92303"}],"wp:attachment":[{"href":"https:\/\/abinox-chr-clim.com\/index.php\/wp-json\/wp\/v2\/media?parent=69358"}],"wp:term":[{"taxonomy":"product_brand","embeddable":true,"href":"https:\/\/abinox-chr-clim.com\/index.php\/wp-json\/wp\/v2\/product_brand?post=69358"},{"taxonomy":"product_cat","embeddable":true,"href":"https:\/\/abinox-chr-clim.com\/index.php\/wp-json\/wp\/v2\/product_cat?post=69358"},{"taxonomy":"product_tag","embeddable":true,"href":"https:\/\/abinox-chr-clim.com\/index.php\/wp-json\/wp\/v2\/product_tag?post=69358"}],"curies":[{"name":"wp","href":"https:\/\/api.w.org\/{rel}","templated":true}]}}