{"id":69356,"date":"2024-03-22T16:23:45","date_gmt":"2024-03-22T15:23:45","guid":{"rendered":"https:\/\/abinox-chr-clim.com\/index.php\/product\/plaque-induction-lincat-ih21\/"},"modified":"2026-04-21T09:51:54","modified_gmt":"2026-04-21T07:51:54","slug":"plaque-induction-lincat-ih21","status":"publish","type":"product","link":"https:\/\/abinox-chr-clim.com\/index.php\/product\/plaque-induction-lincat-ih21\/","title":{"rendered":"Plaque induction Lincat IH21"},"content":{"rendered":"<p>Portable, s\u00fbre et \u00e9conome en \u00e9nergie. Comprend deux zones de cuisson pour un rendement \u00e9lev\u00e9 et une fonction de d\u00e9tection de casserole pour plus de s\u00e9curit\u00e9.<br \/>Surface en vitroc\u00e9ramique Schott Ceran\u00ae de 6 mm haute r\u00e9sistance aux chocs. Commandes rotatives faciles \u00e0 utiliser et affichage LED de la puissance. Fonction de d\u00e9tection de casserole pour la s\u00e9curit\u00e9 et l&rsquo;efficacit\u00e9. R\u00e9f\u00e9rence soumise \u00e0 une Eco-participation mobilier de 0.75\u20ac par unit\u00e9 vendue. Conception facile \u00e0 nettoyer pour gagner du temps.  Filtre facile \u00e0 changer, int\u00e9gr\u00e9 \u00e0 la base de l&rsquo;unit\u00e9. Surface en vitroc\u00e9ramique Schott Ceran\u00ae de 6 mm haute r\u00e9sistance aux chocs.<\/p>\n<p>Caract\u00e9ristiques :<br \/> Dimensions : 115(H) x 350(L) x 654(P) mm.<br \/> Mati\u00e8re : Inox\/ verre en c\u00e9ramique.<br \/> Temp\u00e9rature : 190\u00b0C max.<br \/> Voltage : 230V.<br \/> Couleur : Acier inoxydable.<\/p>\n","protected":false},"excerpt":{"rendered":"<div><img decoding=\"async\" src=\"https:\/\/abinox-chr-clim.com\/wp-content\/uploads\/2024\/03\/abinox-garantie-1-an.webp\" width=\"150px\"\/><\/div>\n<p>Plaque induction Lincat IH21<\/p>\n","protected":false},"featured_media":89695,"comment_status":"closed","ping_status":"closed","template":"","meta":[],"product_brand":[],"product_cat":[1180,1160,1297,1179],"product_tag":[],"class_list":{"0":"post-69356","1":"product","2":"type-product","3":"status-publish","4":"has-post-thumbnail","6":"product_cat-chauffe-aliments","7":"product_cat-materiel-electrique-et-de-cuisson","8":"product_cat-non-palettisable","9":"product_cat-petit-materiel","10":"product_shipping_class-free-shipping","12":"first","13":"instock","14":"featured","15":"taxable","16":"shipping-taxable","17":"purchasable","18":"product-type-simple"},"_links":{"self":[{"href":"https:\/\/abinox-chr-clim.com\/index.php\/wp-json\/wp\/v2\/product\/69356","targetHints":{"allow":["GET"]}}],"collection":[{"href":"https:\/\/abinox-chr-clim.com\/index.php\/wp-json\/wp\/v2\/product"}],"about":[{"href":"https:\/\/abinox-chr-clim.com\/index.php\/wp-json\/wp\/v2\/types\/product"}],"replies":[{"embeddable":true,"href":"https:\/\/abinox-chr-clim.com\/index.php\/wp-json\/wp\/v2\/comments?post=69356"}],"wp:featuredmedia":[{"embeddable":true,"href":"https:\/\/abinox-chr-clim.com\/index.php\/wp-json\/wp\/v2\/media\/89695"}],"wp:attachment":[{"href":"https:\/\/abinox-chr-clim.com\/index.php\/wp-json\/wp\/v2\/media?parent=69356"}],"wp:term":[{"taxonomy":"product_brand","embeddable":true,"href":"https:\/\/abinox-chr-clim.com\/index.php\/wp-json\/wp\/v2\/product_brand?post=69356"},{"taxonomy":"product_cat","embeddable":true,"href":"https:\/\/abinox-chr-clim.com\/index.php\/wp-json\/wp\/v2\/product_cat?post=69356"},{"taxonomy":"product_tag","embeddable":true,"href":"https:\/\/abinox-chr-clim.com\/index.php\/wp-json\/wp\/v2\/product_tag?post=69356"}],"curies":[{"name":"wp","href":"https:\/\/api.w.org\/{rel}","templated":true}]}}