{"id":69355,"date":"2024-03-22T16:23:45","date_gmt":"2024-03-22T15:23:45","guid":{"rendered":"https:\/\/abinox-chr-clim.com\/index.php\/product\/plaque-induction-a-commande-tactile-buffalo-3kw\/"},"modified":"2026-04-02T10:01:33","modified_gmt":"2026-04-02T08:01:33","slug":"plaque-induction-a-commande-tactile-buffalo-3kw","status":"publish","type":"product","link":"https:\/\/abinox-chr-clim.com\/index.php\/product\/plaque-induction-a-commande-tactile-buffalo-3kw\/","title":{"rendered":"Plaque induction \u00e0 commande tactile Buffalo 3kW"},"content":{"rendered":"<p>Panneau de commande tactile num\u00e9rique simple \u00e0 utiliser et corps en acier inoxydable facile \u00e0 nettoyer. Convient uniquement aux casseroles ou po\u00eales compatibles induction, de 150 mm \u00e0 300 mm (\u00d8).<br \/>Plage de temp\u00e9rature 60-240\u00b0C. Chaleur instantan\u00e9e et r\u00e9active &#8211; commencez \u00e0 cuisiner en quelques secondes. Corps robuste en acier inoxydable facile \u00e0 nettoyer. R\u00e9f\u00e9rence soumise \u00e0 une Eco-participation mobilier de 0.42\u20ac par unit\u00e9 vendue. 19 niveaux de puissance pour une pr\u00e9cision de cuisson maximale. 10 r\u00e9glages de temp\u00e9rature. Diam\u00e8tre minimal accept\u00e9\u00a0: 150\u00a0mm. Diam\u00e8tre maximal accept\u00e9\u00a0: 300\u00a0mm. Pav\u00e9 de commande verrouillable pour plus de s\u00e9curit\u00e9. Minuterie 0-180 minutes. Plage de temp\u00e9rature 60-240\u00b0C.<\/p>\n<p>Caract\u00e9ristiques :<br \/> Dimensions : 84(H) x 338(L) x 418(P) mm.<br \/> Mati\u00e8re : Inox.<br \/> Temp\u00e9rature : 60 \u00b0C \u00e0 240 \u00b0C.<br \/> Voltage : 220-240V.<br \/> Couleur : Acier inoxydable.<\/p>\n","protected":false},"excerpt":{"rendered":"<div><img decoding=\"async\" src=\"https:\/\/abinox-chr-clim.com\/wp-content\/uploads\/2024\/03\/abinox-garantie-1-an.webp\" width=\"150px\"\/><\/div>\n<p>Plaque induction \u00e0 commande tactile Buffalo 3kW<\/p>\n","protected":false},"featured_media":90092,"comment_status":"closed","ping_status":"closed","template":"","meta":[],"product_brand":[],"product_cat":[1180,1160,1297,1179],"product_tag":[],"class_list":{"0":"post-69355","1":"product","2":"type-product","3":"status-publish","4":"has-post-thumbnail","6":"product_cat-chauffe-aliments","7":"product_cat-materiel-electrique-et-de-cuisson","8":"product_cat-non-palettisable","9":"product_cat-petit-materiel","10":"product_shipping_class-free-shipping","12":"first","13":"instock","14":"featured","15":"taxable","16":"shipping-taxable","17":"purchasable","18":"product-type-simple"},"_links":{"self":[{"href":"https:\/\/abinox-chr-clim.com\/index.php\/wp-json\/wp\/v2\/product\/69355","targetHints":{"allow":["GET"]}}],"collection":[{"href":"https:\/\/abinox-chr-clim.com\/index.php\/wp-json\/wp\/v2\/product"}],"about":[{"href":"https:\/\/abinox-chr-clim.com\/index.php\/wp-json\/wp\/v2\/types\/product"}],"replies":[{"embeddable":true,"href":"https:\/\/abinox-chr-clim.com\/index.php\/wp-json\/wp\/v2\/comments?post=69355"}],"wp:featuredmedia":[{"embeddable":true,"href":"https:\/\/abinox-chr-clim.com\/index.php\/wp-json\/wp\/v2\/media\/90092"}],"wp:attachment":[{"href":"https:\/\/abinox-chr-clim.com\/index.php\/wp-json\/wp\/v2\/media?parent=69355"}],"wp:term":[{"taxonomy":"product_brand","embeddable":true,"href":"https:\/\/abinox-chr-clim.com\/index.php\/wp-json\/wp\/v2\/product_brand?post=69355"},{"taxonomy":"product_cat","embeddable":true,"href":"https:\/\/abinox-chr-clim.com\/index.php\/wp-json\/wp\/v2\/product_cat?post=69355"},{"taxonomy":"product_tag","embeddable":true,"href":"https:\/\/abinox-chr-clim.com\/index.php\/wp-json\/wp\/v2\/product_tag?post=69355"}],"curies":[{"name":"wp","href":"https:\/\/api.w.org\/{rel}","templated":true}]}}