{"id":69353,"date":"2024-03-22T16:23:44","date_gmt":"2024-03-22T15:23:44","guid":{"rendered":"https:\/\/abinox-chr-clim.com\/index.php\/product\/charbon-de-bois-naturel-de-restaurant-big-k-12kg\/"},"modified":"2026-04-21T10:00:37","modified_gmt":"2026-04-21T08:00:37","slug":"charbon-de-bois-naturel-de-restaurant-big-k-12kg","status":"publish","type":"product","link":"https:\/\/abinox-chr-clim.com\/index.php\/product\/charbon-de-bois-naturel-de-restaurant-big-k-12kg\/","title":{"rendered":"Charbon de bois naturel de restaurant Big K 12kg"},"content":{"rendered":"<p>Charbon de restaurant de haute qualit\u00e9 avec certification de production \u00e9thique et durable. Jusqu&rsquo;\u00e0 deux heures de combustion, facile \u00e0 allumer et pr\u00eat pour la cuisson en 30 minutes.<br \/>Charbon de bois 100 % naturel, sans danger pour les aliments, sans produits chimiques ajout\u00e9s. Le mat\u00e9riau certifi\u00e9 FSC est plus respectueux de la plan\u00e8te. Facile \u00e0 allumer et pr\u00eat pour la cuisson en 30 minutes. La puissance de chaleur \u00e9lev\u00e9e offre des temps de cuisson rapides et efficaces. Fournit un go\u00fbt authentique de barbecue. + de 2 heures de combustion permettent une utilisation pendant de longs services. Issu d&rsquo;une for\u00eat de source durable en Namibie. Veuillez noter que tous les temps de cuisson sont approximatifs et d\u00e9pendent d&rsquo;une s\u00e9rie de facteurs, notamment la quantit\u00e9 de charbon de bois et le type de barbecue utilis\u00e9, la m\u00e9thode d&rsquo;allumage et les conditions m\u00e9t\u00e9orologiques. Charbon de bois 100 % naturel, sans danger pour les aliments, sans produits chimiques ajout\u00e9s.<\/p>\n<p>Caract\u00e9ristiques :<br \/> Dimensions : 650(H) x 430(L) x 180(P) mm.<\/p>\n","protected":false},"excerpt":{"rendered":"<div><img decoding=\"async\" src=\"https:\/\/abinox-chr-clim.com\/wp-content\/uploads\/2024\/03\/abinox-garantie-1-an.webp\" width=\"150px\"\/><\/div>\n<p>Charbon de bois naturel de restaurant Big K 12kg<\/p>\n","protected":false},"featured_media":90540,"comment_status":"closed","ping_status":"closed","template":"","meta":[],"product_brand":[],"product_cat":[1180,1160,1297,1179],"product_tag":[],"class_list":{"0":"post-69353","1":"product","2":"type-product","3":"status-publish","4":"has-post-thumbnail","6":"product_cat-chauffe-aliments","7":"product_cat-materiel-electrique-et-de-cuisson","8":"product_cat-non-palettisable","9":"product_cat-petit-materiel","10":"product_shipping_class-free-shipping","12":"first","13":"instock","14":"featured","15":"taxable","16":"shipping-taxable","17":"purchasable","18":"product-type-simple"},"_links":{"self":[{"href":"https:\/\/abinox-chr-clim.com\/index.php\/wp-json\/wp\/v2\/product\/69353","targetHints":{"allow":["GET"]}}],"collection":[{"href":"https:\/\/abinox-chr-clim.com\/index.php\/wp-json\/wp\/v2\/product"}],"about":[{"href":"https:\/\/abinox-chr-clim.com\/index.php\/wp-json\/wp\/v2\/types\/product"}],"replies":[{"embeddable":true,"href":"https:\/\/abinox-chr-clim.com\/index.php\/wp-json\/wp\/v2\/comments?post=69353"}],"wp:featuredmedia":[{"embeddable":true,"href":"https:\/\/abinox-chr-clim.com\/index.php\/wp-json\/wp\/v2\/media\/90540"}],"wp:attachment":[{"href":"https:\/\/abinox-chr-clim.com\/index.php\/wp-json\/wp\/v2\/media?parent=69353"}],"wp:term":[{"taxonomy":"product_brand","embeddable":true,"href":"https:\/\/abinox-chr-clim.com\/index.php\/wp-json\/wp\/v2\/product_brand?post=69353"},{"taxonomy":"product_cat","embeddable":true,"href":"https:\/\/abinox-chr-clim.com\/index.php\/wp-json\/wp\/v2\/product_cat?post=69353"},{"taxonomy":"product_tag","embeddable":true,"href":"https:\/\/abinox-chr-clim.com\/index.php\/wp-json\/wp\/v2\/product_tag?post=69353"}],"curies":[{"name":"wp","href":"https:\/\/api.w.org\/{rel}","templated":true}]}}