{"id":69352,"date":"2024-03-22T16:23:44","date_gmt":"2024-03-22T15:23:44","guid":{"rendered":"https:\/\/abinox-chr-clim.com\/index.php\/product\/gril-salamandre-a-quartz-buffalo\/"},"modified":"2026-04-21T09:47:55","modified_gmt":"2026-04-21T07:47:55","slug":"gril-salamandre-a-quartz-buffalo","status":"publish","type":"product","link":"https:\/\/abinox-chr-clim.com\/index.php\/product\/gril-salamandre-a-quartz-buffalo\/","title":{"rendered":"Gril salamandre \u00e0 quartz Buffalo"},"content":{"rendered":"<p>Gril salamandre en acier inoxydable durable avec r\u00e9sistances quartz haute puissance pour une mise en temp\u00e9rature rapide. R\u00e9chauffe, grille et toaste. Rampes de chauffe ind\u00e9pendantes. Le bac \u00e0 graisse est facile \u00e0 retirer et nettoyer. Livr\u00e9 avec une grille.<br \/>Construction inox. R\u00e9sistances sup\u00e9rieures et inf\u00e9rieures. Minuterie. Interrupteur de contr\u00f4le des r\u00e9sistances &#8211; s\u00e9lectionne la mise en chauffe des deux r\u00e9sistances ou de la r\u00e9sistance sup\u00e9rieure. Bac de r\u00e9cup\u00e9ration en acier inoxydable facile \u00e0\u00a0retirer\/nettoyer. Support grille amovible. R\u00e9sistances infrarouges en quartz sup\u00e9rieure et inf\u00e9rieure. Grille 3 positions &#8211; dimensions 50(H) x 490(L) x 340(P)mm (code AE657). Parois anti-\u00e9claboussures sup\u00e9rieure et inf\u00e9rieure amovibles.Construction inox.<\/p>\n<p>Caract\u00e9ristiques :<br \/> Dimensions : 302(H) x 643(L) x 384(P) mm.<br \/> Mati\u00e8re : Inox 430.<br \/> Voltage : 230V.<br \/> Couleur : Acier inoxydable.<br \/> Puissance : 2800 W.<\/p>\n","protected":false},"excerpt":{"rendered":"<div><img decoding=\"async\" src=\"https:\/\/abinox-chr-clim.com\/wp-content\/uploads\/2024\/03\/abinox-garantie-1-an.webp\" width=\"150px\"\/><\/div>\n<p>Gril salamandre \u00e0 quartz Buffalo<\/p>\n","protected":false},"featured_media":87505,"comment_status":"closed","ping_status":"closed","template":"","meta":[],"product_brand":[],"product_cat":[1180,1160,1297,1179],"product_tag":[],"class_list":{"0":"post-69352","1":"product","2":"type-product","3":"status-publish","4":"has-post-thumbnail","6":"product_cat-chauffe-aliments","7":"product_cat-materiel-electrique-et-de-cuisson","8":"product_cat-non-palettisable","9":"product_cat-petit-materiel","10":"product_shipping_class-free-shipping","12":"first","13":"outofstock","14":"featured","15":"taxable","16":"shipping-taxable","17":"purchasable","18":"product-type-simple"},"_links":{"self":[{"href":"https:\/\/abinox-chr-clim.com\/index.php\/wp-json\/wp\/v2\/product\/69352","targetHints":{"allow":["GET"]}}],"collection":[{"href":"https:\/\/abinox-chr-clim.com\/index.php\/wp-json\/wp\/v2\/product"}],"about":[{"href":"https:\/\/abinox-chr-clim.com\/index.php\/wp-json\/wp\/v2\/types\/product"}],"replies":[{"embeddable":true,"href":"https:\/\/abinox-chr-clim.com\/index.php\/wp-json\/wp\/v2\/comments?post=69352"}],"wp:featuredmedia":[{"embeddable":true,"href":"https:\/\/abinox-chr-clim.com\/index.php\/wp-json\/wp\/v2\/media\/87505"}],"wp:attachment":[{"href":"https:\/\/abinox-chr-clim.com\/index.php\/wp-json\/wp\/v2\/media?parent=69352"}],"wp:term":[{"taxonomy":"product_brand","embeddable":true,"href":"https:\/\/abinox-chr-clim.com\/index.php\/wp-json\/wp\/v2\/product_brand?post=69352"},{"taxonomy":"product_cat","embeddable":true,"href":"https:\/\/abinox-chr-clim.com\/index.php\/wp-json\/wp\/v2\/product_cat?post=69352"},{"taxonomy":"product_tag","embeddable":true,"href":"https:\/\/abinox-chr-clim.com\/index.php\/wp-json\/wp\/v2\/product_tag?post=69352"}],"curies":[{"name":"wp","href":"https:\/\/api.w.org\/{rel}","templated":true}]}}