{"id":69350,"date":"2024-03-22T16:23:43","date_gmt":"2024-03-22T15:23:43","guid":{"rendered":"https:\/\/abinox-chr-clim.com\/index.php\/product\/chauffe-saucisses-buffalo-6-plots\/"},"modified":"2026-04-21T09:29:21","modified_gmt":"2026-04-21T07:29:21","slug":"chauffe-saucisses-buffalo-6-plots","status":"publish","type":"product","link":"https:\/\/abinox-chr-clim.com\/index.php\/product\/chauffe-saucisses-buffalo-6-plots\/","title":{"rendered":"Chauffe-saucisses Buffalo 6 plots"},"content":{"rendered":"<p>Les saucisses sont maintenues au chaud dans le cylindre en verre selon le syst\u00e8me du bain-marie. Plots en aluminium pour chauffer les pains. Socle en acier inoxydable et pieds en caoutchouc antid\u00e9rapants.<br \/>Thermostat r\u00e9glable. Protection contre la surchauffe. Facile \u00e0 nettoyer. R\u00e9f\u00e9rence soumise \u00e0 une Eco-participation mobilier de 0.06\u20ac par unit\u00e9 vendue.  6 plots. Thermostat r\u00e9glable.<\/p>\n<p>Caract\u00e9ristiques :<br \/> Dimensions : 370(H) x 670(L) x 340(P) mm.<br \/> Mati\u00e8re : Acier inoxydable.<br \/> Sortie : 0.75 kW.<br \/> Voltage : 220-240V.<br \/> Couleur : Acier inoxydable.<\/p>\n","protected":false},"excerpt":{"rendered":"<div><img decoding=\"async\" src=\"https:\/\/abinox-chr-clim.com\/wp-content\/uploads\/2024\/03\/abinox-garantie-1-an.webp\" width=\"150px\"\/><\/div>\n<p>Chauffe-saucisses Buffalo 6 plots<\/p>\n","protected":false},"featured_media":87694,"comment_status":"closed","ping_status":"closed","template":"","meta":[],"product_brand":[],"product_cat":[1180,1160,1297,1179],"product_tag":[],"class_list":{"0":"post-69350","1":"product","2":"type-product","3":"status-publish","4":"has-post-thumbnail","6":"product_cat-chauffe-aliments","7":"product_cat-materiel-electrique-et-de-cuisson","8":"product_cat-non-palettisable","9":"product_cat-petit-materiel","10":"product_shipping_class-free-shipping","12":"first","13":"instock","14":"featured","15":"taxable","16":"shipping-taxable","17":"purchasable","18":"product-type-simple"},"_links":{"self":[{"href":"https:\/\/abinox-chr-clim.com\/index.php\/wp-json\/wp\/v2\/product\/69350","targetHints":{"allow":["GET"]}}],"collection":[{"href":"https:\/\/abinox-chr-clim.com\/index.php\/wp-json\/wp\/v2\/product"}],"about":[{"href":"https:\/\/abinox-chr-clim.com\/index.php\/wp-json\/wp\/v2\/types\/product"}],"replies":[{"embeddable":true,"href":"https:\/\/abinox-chr-clim.com\/index.php\/wp-json\/wp\/v2\/comments?post=69350"}],"wp:featuredmedia":[{"embeddable":true,"href":"https:\/\/abinox-chr-clim.com\/index.php\/wp-json\/wp\/v2\/media\/87694"}],"wp:attachment":[{"href":"https:\/\/abinox-chr-clim.com\/index.php\/wp-json\/wp\/v2\/media?parent=69350"}],"wp:term":[{"taxonomy":"product_brand","embeddable":true,"href":"https:\/\/abinox-chr-clim.com\/index.php\/wp-json\/wp\/v2\/product_brand?post=69350"},{"taxonomy":"product_cat","embeddable":true,"href":"https:\/\/abinox-chr-clim.com\/index.php\/wp-json\/wp\/v2\/product_cat?post=69350"},{"taxonomy":"product_tag","embeddable":true,"href":"https:\/\/abinox-chr-clim.com\/index.php\/wp-json\/wp\/v2\/product_tag?post=69350"}],"curies":[{"name":"wp","href":"https:\/\/api.w.org\/{rel}","templated":true}]}}