{"id":69346,"date":"2024-03-22T16:23:41","date_gmt":"2024-03-22T15:23:41","guid":{"rendered":"https:\/\/abinox-chr-clim.com\/index.php\/product\/plaque-chauffante-electrique-pour-conteneurs-epp-gn-1-1-et-600-x-400mm-cambro\/"},"modified":"2026-04-02T09:38:26","modified_gmt":"2026-04-02T07:38:26","slug":"plaque-chauffante-electrique-pour-conteneurs-epp-gn-1-1-et-600-x-400mm-cambro","status":"publish","type":"product","link":"https:\/\/abinox-chr-clim.com\/index.php\/product\/plaque-chauffante-electrique-pour-conteneurs-epp-gn-1-1-et-600-x-400mm-cambro\/","title":{"rendered":"Plaque chauffante \u00e9lectrique pour conteneurs EPP GN 1\/1 et 600 x 400mm Cambro"},"content":{"rendered":"<p>Plaque \u00e9lectrique chauffante pour les conteneurs Gobox Cambro. Se branche sur une prise standard de 230V et pr\u00e9chauffe les conteneurs. Prolonge la dur\u00e9e de maintien au chaud. R\u00e9f\u00e9rence soumise \u00e0 une Eco-participation mobilier de 0.08\u20ac par unit\u00e9 vendue. Plaque \u00e9lectrique chauffante pour les conteneurs Gobox Cambro.<\/p>\n<p>Caract\u00e9ristiques :<br \/> Dimensions : 40(H) x 530(L) x 325(P) mm.<br \/> Mati\u00e8re : Acier.<br \/> Couleur : Acier.<\/p>\n","protected":false},"excerpt":{"rendered":"<div><img decoding=\"async\" src=\"https:\/\/abinox-chr-clim.com\/wp-content\/uploads\/2024\/03\/abinox-garantie-1-an.webp\" width=\"150px\"\/><\/div>\n<p>Plaque chauffante \u00e9lectrique pour conteneurs EPP GN 1\/1 et 600 x 400mm Cambro<\/p>\n","protected":false},"featured_media":86273,"comment_status":"closed","ping_status":"closed","template":"","meta":[],"product_brand":[],"product_cat":[1180,1160,1297,1179],"product_tag":[],"class_list":{"0":"post-69346","1":"product","2":"type-product","3":"status-publish","4":"has-post-thumbnail","6":"product_cat-chauffe-aliments","7":"product_cat-materiel-electrique-et-de-cuisson","8":"product_cat-non-palettisable","9":"product_cat-petit-materiel","10":"product_shipping_class-free-shipping","12":"first","13":"instock","14":"featured","15":"taxable","16":"shipping-taxable","17":"purchasable","18":"product-type-simple"},"_links":{"self":[{"href":"https:\/\/abinox-chr-clim.com\/index.php\/wp-json\/wp\/v2\/product\/69346","targetHints":{"allow":["GET"]}}],"collection":[{"href":"https:\/\/abinox-chr-clim.com\/index.php\/wp-json\/wp\/v2\/product"}],"about":[{"href":"https:\/\/abinox-chr-clim.com\/index.php\/wp-json\/wp\/v2\/types\/product"}],"replies":[{"embeddable":true,"href":"https:\/\/abinox-chr-clim.com\/index.php\/wp-json\/wp\/v2\/comments?post=69346"}],"wp:featuredmedia":[{"embeddable":true,"href":"https:\/\/abinox-chr-clim.com\/index.php\/wp-json\/wp\/v2\/media\/86273"}],"wp:attachment":[{"href":"https:\/\/abinox-chr-clim.com\/index.php\/wp-json\/wp\/v2\/media?parent=69346"}],"wp:term":[{"taxonomy":"product_brand","embeddable":true,"href":"https:\/\/abinox-chr-clim.com\/index.php\/wp-json\/wp\/v2\/product_brand?post=69346"},{"taxonomy":"product_cat","embeddable":true,"href":"https:\/\/abinox-chr-clim.com\/index.php\/wp-json\/wp\/v2\/product_cat?post=69346"},{"taxonomy":"product_tag","embeddable":true,"href":"https:\/\/abinox-chr-clim.com\/index.php\/wp-json\/wp\/v2\/product_tag?post=69346"}],"curies":[{"name":"wp","href":"https:\/\/api.w.org\/{rel}","templated":true}]}}