{"id":69345,"date":"2024-03-22T16:23:41","date_gmt":"2024-03-22T15:23:41","guid":{"rendered":"https:\/\/abinox-chr-clim.com\/index.php\/product\/thermoplongeur-caterlite\/"},"modified":"2026-04-21T09:55:29","modified_gmt":"2026-04-21T07:55:29","slug":"thermoplongeur-caterlite","status":"publish","type":"product","link":"https:\/\/abinox-chr-clim.com\/index.php\/product\/thermoplongeur-caterlite\/","title":{"rendered":"Thermoplongeur Caterlite"},"content":{"rendered":"<p>Avec sa conception compacte et l\u00e9g\u00e8re, ce cuiseur sous-vide portable se transporte facilement et se clipse sur n&rsquo;importe quelle casserole ou marmite de plus de 180 mm de haut. Permet de r\u00e9aliser des cuissons sous-vide savoureuses n&rsquo;importe o\u00f9.<br \/>Contr\u00f4le de la temp\u00e9rature de l&rsquo;eau avec une pr\u00e9cision de \u00b10,1\u00a0\u00b0C. Panneau de commande convivial \u00e0 affichage\u00a0LED. Minuterie de 99\u00a0heures. R\u00e9f\u00e9rence soumise \u00e0 une Eco-participation mobilier de 0.1\u20ac par unit\u00e9 vendue. Coupe-circuit de s\u00e9curit\u00e9 en cas de niveau d&rsquo;eau bas.  Remue l&rsquo;eau en permanence pour un contr\u00f4le pr\u00e9cis. Contr\u00f4le de la temp\u00e9rature de l&rsquo;eau avec une pr\u00e9cision de \u00b10,1\u00a0\u00b0C.<\/p>\n<p>Caract\u00e9ristiques :<br \/> Dimensions : 400(H) x 150(L) x 110(P) mm.<br \/> Mati\u00e8re : Inox et plastique.<br \/> Voltage : 220-240V.<br \/> Couleur : Noir et acier inoxydable.<\/p>\n","protected":false},"excerpt":{"rendered":"<div><img decoding=\"async\" src=\"https:\/\/abinox-chr-clim.com\/wp-content\/uploads\/2024\/03\/abinox-garantie-1-an.webp\" width=\"150px\"\/><\/div>\n<p>Thermoplongeur Caterlite<\/p>\n","protected":false},"featured_media":86071,"comment_status":"closed","ping_status":"closed","template":"","meta":[],"product_brand":[],"product_cat":[1180,1160,1297,1179],"product_tag":[],"class_list":{"0":"post-69345","1":"product","2":"type-product","3":"status-publish","4":"has-post-thumbnail","6":"product_cat-chauffe-aliments","7":"product_cat-materiel-electrique-et-de-cuisson","8":"product_cat-non-palettisable","9":"product_cat-petit-materiel","10":"product_shipping_class-free-shipping","12":"first","13":"instock","14":"featured","15":"taxable","16":"shipping-taxable","17":"purchasable","18":"product-type-simple"},"_links":{"self":[{"href":"https:\/\/abinox-chr-clim.com\/index.php\/wp-json\/wp\/v2\/product\/69345","targetHints":{"allow":["GET"]}}],"collection":[{"href":"https:\/\/abinox-chr-clim.com\/index.php\/wp-json\/wp\/v2\/product"}],"about":[{"href":"https:\/\/abinox-chr-clim.com\/index.php\/wp-json\/wp\/v2\/types\/product"}],"replies":[{"embeddable":true,"href":"https:\/\/abinox-chr-clim.com\/index.php\/wp-json\/wp\/v2\/comments?post=69345"}],"wp:featuredmedia":[{"embeddable":true,"href":"https:\/\/abinox-chr-clim.com\/index.php\/wp-json\/wp\/v2\/media\/86071"}],"wp:attachment":[{"href":"https:\/\/abinox-chr-clim.com\/index.php\/wp-json\/wp\/v2\/media?parent=69345"}],"wp:term":[{"taxonomy":"product_brand","embeddable":true,"href":"https:\/\/abinox-chr-clim.com\/index.php\/wp-json\/wp\/v2\/product_brand?post=69345"},{"taxonomy":"product_cat","embeddable":true,"href":"https:\/\/abinox-chr-clim.com\/index.php\/wp-json\/wp\/v2\/product_cat?post=69345"},{"taxonomy":"product_tag","embeddable":true,"href":"https:\/\/abinox-chr-clim.com\/index.php\/wp-json\/wp\/v2\/product_tag?post=69345"}],"curies":[{"name":"wp","href":"https:\/\/api.w.org\/{rel}","templated":true}]}}