{"id":69343,"date":"2024-03-22T16:23:40","date_gmt":"2024-03-22T15:23:40","guid":{"rendered":"https:\/\/abinox-chr-clim.com\/index.php\/product\/plaque-induction-caterlite-2000w\/"},"modified":"2026-04-20T10:08:11","modified_gmt":"2026-04-20T08:08:11","slug":"plaque-induction-caterlite-2000w","status":"publish","type":"product","link":"https:\/\/abinox-chr-clim.com\/index.php\/product\/plaque-induction-caterlite-2000w\/","title":{"rendered":"Plaque induction Caterlite 2000W"},"content":{"rendered":"<p>Plaque de cuisson vitroc\u00e9ramique \u00e9conome en \u00e9nergie et facile \u00e0 utiliser avec arr\u00eat automatique, protection contre la surchauffe et affichage LED. Fonction de d\u00e9tection pour qu&rsquo;elle ne chauffe que lorsqu&rsquo;une casserole ou po\u00eale est pos\u00e9e dessus. Commandes tactiles \u00e9lectroniques. Convient pour une utilisation avec les batteries de cuisine compatibles induction uniquement.<br \/>Tr\u00e8s efficace &#8211; r\u00e9duit l&rsquo;impact environnemental et les co\u00fbts de fonctionnement. Chaleur instantan\u00e9e &#8211; pas d&rsquo;attente pour r\u00e9chauffer les \u00e9l\u00e9ments. Commandes conviviales et affichage LED. R\u00e9f\u00e9rence soumise \u00e0 une Eco-participation mobilier de 0.11\u20ac par unit\u00e9 vendue. Minuterie 0-180 min avec arr\u00eat automatique &#8211; cuisson de pr\u00e9cision. Plage de temp\u00e9rature 60-240\u00a0\u00b0C. Taille de plat min. 120 mm, taille max. 240 mm. 10 r\u00e9glages de puissance. Protection contre la surchauffe. R\u00e9f\u00e9rence soumise \u00e0 une Eco-participation mobilier de 0,55\u20ac par unit\u00e9 vendue. Tr\u00e8s efficace &#8211; r\u00e9duit l&rsquo;impact environnemental et les co\u00fbts de fonctionnement.<\/p>\n<p>Caract\u00e9ristiques :<br \/> Capacit\u00e9 : 10kg.<br \/> Dimensions : 45(H) x 295(L) x 370(P) mm.<br \/> Mati\u00e8re : Inox et polycarbonate.<br \/> Temp\u00e9rature : 60 \u00b0C \u00e0 240 \u00b0C.<br \/> Voltage : 200-240V.<br \/> Couleur : Acier inoxydable et noir.<\/p>\n","protected":false},"excerpt":{"rendered":"<div><img decoding=\"async\" src=\"https:\/\/abinox-chr-clim.com\/wp-content\/uploads\/2024\/03\/abinox-garantie-1-an.webp\" width=\"150px\"\/><\/div>\n<p>Plaque induction Caterlite 2000W<\/p>\n","protected":false},"featured_media":84723,"comment_status":"closed","ping_status":"closed","template":"","meta":[],"product_brand":[],"product_cat":[1180,1160,1297,1179],"product_tag":[],"class_list":{"0":"post-69343","1":"product","2":"type-product","3":"status-publish","4":"has-post-thumbnail","6":"product_cat-chauffe-aliments","7":"product_cat-materiel-electrique-et-de-cuisson","8":"product_cat-non-palettisable","9":"product_cat-petit-materiel","10":"product_shipping_class-free-shipping","12":"first","13":"instock","14":"featured","15":"taxable","16":"shipping-taxable","17":"purchasable","18":"product-type-simple"},"_links":{"self":[{"href":"https:\/\/abinox-chr-clim.com\/index.php\/wp-json\/wp\/v2\/product\/69343","targetHints":{"allow":["GET"]}}],"collection":[{"href":"https:\/\/abinox-chr-clim.com\/index.php\/wp-json\/wp\/v2\/product"}],"about":[{"href":"https:\/\/abinox-chr-clim.com\/index.php\/wp-json\/wp\/v2\/types\/product"}],"replies":[{"embeddable":true,"href":"https:\/\/abinox-chr-clim.com\/index.php\/wp-json\/wp\/v2\/comments?post=69343"}],"wp:featuredmedia":[{"embeddable":true,"href":"https:\/\/abinox-chr-clim.com\/index.php\/wp-json\/wp\/v2\/media\/84723"}],"wp:attachment":[{"href":"https:\/\/abinox-chr-clim.com\/index.php\/wp-json\/wp\/v2\/media?parent=69343"}],"wp:term":[{"taxonomy":"product_brand","embeddable":true,"href":"https:\/\/abinox-chr-clim.com\/index.php\/wp-json\/wp\/v2\/product_brand?post=69343"},{"taxonomy":"product_cat","embeddable":true,"href":"https:\/\/abinox-chr-clim.com\/index.php\/wp-json\/wp\/v2\/product_cat?post=69343"},{"taxonomy":"product_tag","embeddable":true,"href":"https:\/\/abinox-chr-clim.com\/index.php\/wp-json\/wp\/v2\/product_tag?post=69343"}],"curies":[{"name":"wp","href":"https:\/\/api.w.org\/{rel}","templated":true}]}}