{"id":69342,"date":"2024-03-22T16:23:40","date_gmt":"2024-03-22T15:23:40","guid":{"rendered":"https:\/\/abinox-chr-clim.com\/index.php\/product\/plaque-a-induction-buffalo-3000w\/"},"modified":"2026-04-21T08:26:57","modified_gmt":"2026-04-21T06:26:57","slug":"plaque-a-induction-buffalo-3000w","status":"publish","type":"product","link":"https:\/\/abinox-chr-clim.com\/index.php\/product\/plaque-a-induction-buffalo-3000w\/","title":{"rendered":"Plaque \u00e0 induction Buffalo 3000W"},"content":{"rendered":"<p>Table de cuisson en inox facile \u00e0 nettoyer avec commande rotative simple, s\u00e9curit\u00e9 anti-surchauffe et arr\u00eat automatique. Convient uniquement pour les batteries de cuisine induction jusqu&rsquo;\u00e0 280(\u00d8)mm, Vogue, en acier inoxydable et triple \u00e9paisseur, De Buyer, ainsi que les gammes Excellence et Tradition de Bourgeat.<br \/>26 r\u00e9glages de puissance pr\u00e9cis pour une souplesse de cuisson maximale. La fonction de d\u00e9tection de plat \u00e9conome en \u00e9nergie vous aidera \u00e0 r\u00e9duire vos co\u00fbts d&rsquo;exploitation. Commande rotative simple pour une utilisation facile. R\u00e9f\u00e9rence soumise \u00e0 une Eco-participation mobilier de 0.31\u20ac par unit\u00e9 vendue. Leur fabrication verre c\u00e9ramique noir lui donne robustesse et \u00e9l\u00e9gance. Diam\u00e8tre de l&rsquo;anneau de 260 mm permettant une utilisation avec des plats plus grands. Conception polyvalente adapt\u00e9e \u00e0 la plupart des plats commerciaux de 120 mm \u00e0 280 mm. Corps en acier inoxydable facile \u00e0 nettoyer. R\u00e9f\u00e9rence soumise \u00e0 une Eco-participation DEEE de 0,23\u20ac par unit\u00e9 vendue. 26 r\u00e9glages de puissance pr\u00e9cis pour une souplesse de cuisson maximale.<\/p>\n<p>Caract\u00e9ristiques :<br \/> Dimensions : 100(H) x 330(L) x 430(P) mm.<br \/> Mati\u00e8re : .<br \/> Voltage : 230V.<br \/> Couleur : Chrome.<\/p>\n","protected":false},"excerpt":{"rendered":"<div><img decoding=\"async\" src=\"https:\/\/abinox-chr-clim.com\/wp-content\/uploads\/2024\/03\/abinox-garantie-1-an.webp\" width=\"150px\"\/><\/div>\n<p>Plaque \u00e0 induction Buffalo 3000W<\/p>\n","protected":false},"featured_media":105078,"comment_status":"closed","ping_status":"closed","template":"","meta":[],"product_brand":[],"product_cat":[1180,1160,1297,1179],"product_tag":[],"class_list":{"0":"post-69342","1":"product","2":"type-product","3":"status-publish","4":"has-post-thumbnail","6":"product_cat-chauffe-aliments","7":"product_cat-materiel-electrique-et-de-cuisson","8":"product_cat-non-palettisable","9":"product_cat-petit-materiel","10":"product_shipping_class-free-shipping","12":"first","13":"instock","14":"featured","15":"taxable","16":"shipping-taxable","17":"purchasable","18":"product-type-simple"},"_links":{"self":[{"href":"https:\/\/abinox-chr-clim.com\/index.php\/wp-json\/wp\/v2\/product\/69342","targetHints":{"allow":["GET"]}}],"collection":[{"href":"https:\/\/abinox-chr-clim.com\/index.php\/wp-json\/wp\/v2\/product"}],"about":[{"href":"https:\/\/abinox-chr-clim.com\/index.php\/wp-json\/wp\/v2\/types\/product"}],"replies":[{"embeddable":true,"href":"https:\/\/abinox-chr-clim.com\/index.php\/wp-json\/wp\/v2\/comments?post=69342"}],"wp:featuredmedia":[{"embeddable":true,"href":"https:\/\/abinox-chr-clim.com\/index.php\/wp-json\/wp\/v2\/media\/105078"}],"wp:attachment":[{"href":"https:\/\/abinox-chr-clim.com\/index.php\/wp-json\/wp\/v2\/media?parent=69342"}],"wp:term":[{"taxonomy":"product_brand","embeddable":true,"href":"https:\/\/abinox-chr-clim.com\/index.php\/wp-json\/wp\/v2\/product_brand?post=69342"},{"taxonomy":"product_cat","embeddable":true,"href":"https:\/\/abinox-chr-clim.com\/index.php\/wp-json\/wp\/v2\/product_cat?post=69342"},{"taxonomy":"product_tag","embeddable":true,"href":"https:\/\/abinox-chr-clim.com\/index.php\/wp-json\/wp\/v2\/product_tag?post=69342"}],"curies":[{"name":"wp","href":"https:\/\/api.w.org\/{rel}","templated":true}]}}