{"id":69340,"date":"2024-03-22T16:23:39","date_gmt":"2024-03-22T15:23:39","guid":{"rendered":"https:\/\/abinox-chr-clim.com\/index.php\/product\/four-a-convection-lincat-lynx-400-lco\/"},"modified":"2026-04-02T09:54:24","modified_gmt":"2026-04-02T07:54:24","slug":"four-a-convection-lincat-lynx-400-lco","status":"publish","type":"product","link":"https:\/\/abinox-chr-clim.com\/index.php\/product\/four-a-convection-lincat-lynx-400-lco\/","title":{"rendered":"Four \u00e0 convection Lincat Lynx 400 LCO"},"content":{"rendered":"<p>Four \u00e0 convection \u00e9co\u00e9nerg\u00e9tique, ventil\u00e9, id\u00e9al pour les caf\u00e9s et autres \u00e9tablissements proposant des plats chauds et ayant un espace de cuisine limit\u00e9. Facile \u00e0 nettoyer et \u00e0 entretenir. Charni\u00e8res de porte robustes et ouverture de porte lat\u00e9rale.<br \/>Porte \u00e0 ouverture lat\u00e9rale s\u00e9curis\u00e9e avec panneau de visualisation en verre pour surveiller la cuisson. Commandes simples conviviales avec minuterie. Conception en acier inoxydable facile \u00e0 nettoyer. R\u00e9f\u00e9rence soumise \u00e0 une Eco-participation mobilier de 1.84\u20ac par unit\u00e9 vendue. Fonctionnement simple pr\u00eat \u00e0 brancher avec prise 13\u00a0A. Porte en verre double vitrage et \u00e9clairage int\u00e9rieur pour un fonctionnement s\u00fbr et \u00e9conome en \u00e9nergie. Deux grilles chrom\u00e9es amovibles. Int\u00e9rieur \u00e9maill\u00e9 vitrifi\u00e9 pour un nettoyage facile. Charni\u00e8res de porte robustes et loquet de porte positif. *Vitre de porte int\u00e9rieure, ampoule et joint de porte rempla\u00e7ables par l&rsquo;utilisateur. La cuisson par convection \u00e0 un seul ventilateur fournit une chaleur uniforme dans toute la cavit\u00e9. Porte \u00e0 ouverture lat\u00e9rale s\u00e9curis\u00e9e avec panneau de visualisation en verre pour surveiller la cuisson.<\/p>\n<p>Caract\u00e9ristiques :<br \/> Capacit\u00e9 : 2x GN 1\/2.<br \/> Dimensions : 371(H) x 555(L) x 488(P) mm.<br \/> Mati\u00e8re : Inox.<br \/> Temp\u00e9rature : 50 \u00b0C \u00e0 250 \u00b0C.<br \/> Voltage : 230V.<br \/> Couleur : .<br \/> Bac GN : GN 1\/2XY.<\/p>\n","protected":false},"excerpt":{"rendered":"<div><img decoding=\"async\" src=\"https:\/\/abinox-chr-clim.com\/wp-content\/uploads\/2024\/03\/abinox-garantie-1-an.webp\" width=\"150px\"\/><\/div>\n<p>Four \u00e0 convection Lincat Lynx 400 LCO<\/p>\n","protected":false},"featured_media":103290,"comment_status":"closed","ping_status":"closed","template":"","meta":[],"product_brand":[],"product_cat":[1180,1160,1296,1179],"product_tag":[],"class_list":{"0":"post-69340","1":"product","2":"type-product","3":"status-publish","4":"has-post-thumbnail","6":"product_cat-chauffe-aliments","7":"product_cat-materiel-electrique-et-de-cuisson","8":"product_cat-palettisable","9":"product_cat-petit-materiel","11":"first","12":"instock","13":"featured","14":"taxable","15":"shipping-taxable","16":"purchasable","17":"product-type-simple"},"_links":{"self":[{"href":"https:\/\/abinox-chr-clim.com\/index.php\/wp-json\/wp\/v2\/product\/69340","targetHints":{"allow":["GET"]}}],"collection":[{"href":"https:\/\/abinox-chr-clim.com\/index.php\/wp-json\/wp\/v2\/product"}],"about":[{"href":"https:\/\/abinox-chr-clim.com\/index.php\/wp-json\/wp\/v2\/types\/product"}],"replies":[{"embeddable":true,"href":"https:\/\/abinox-chr-clim.com\/index.php\/wp-json\/wp\/v2\/comments?post=69340"}],"wp:featuredmedia":[{"embeddable":true,"href":"https:\/\/abinox-chr-clim.com\/index.php\/wp-json\/wp\/v2\/media\/103290"}],"wp:attachment":[{"href":"https:\/\/abinox-chr-clim.com\/index.php\/wp-json\/wp\/v2\/media?parent=69340"}],"wp:term":[{"taxonomy":"product_brand","embeddable":true,"href":"https:\/\/abinox-chr-clim.com\/index.php\/wp-json\/wp\/v2\/product_brand?post=69340"},{"taxonomy":"product_cat","embeddable":true,"href":"https:\/\/abinox-chr-clim.com\/index.php\/wp-json\/wp\/v2\/product_cat?post=69340"},{"taxonomy":"product_tag","embeddable":true,"href":"https:\/\/abinox-chr-clim.com\/index.php\/wp-json\/wp\/v2\/product_tag?post=69340"}],"curies":[{"name":"wp","href":"https:\/\/api.w.org\/{rel}","templated":true}]}}