{"id":69335,"date":"2024-03-22T16:23:37","date_gmt":"2024-03-22T15:23:37","guid":{"rendered":"https:\/\/abinox-chr-clim.com\/index.php\/product\/micro-ondes-professionnel-programmable-samsung-26l-1850w\/"},"modified":"2026-04-02T09:58:13","modified_gmt":"2026-04-02T07:58:13","slug":"micro-ondes-professionnel-programmable-samsung-26l-1850w","status":"publish","type":"product","link":"https:\/\/abinox-chr-clim.com\/index.php\/product\/micro-ondes-professionnel-programmable-samsung-26l-1850w\/","title":{"rendered":"Micro-ondes professionnel programmable Samsung 26L 1850W"},"content":{"rendered":"<p>Les micro-ondes professionnels Samsung permettent de cuire, r\u00e9chauffer et d\u00e9congeler facilement. La cavit\u00e9 de 26 litres est suffisamment grande pour les plats \u00e0 l&rsquo;assiette, ainsi que pour les bacs GN non m\u00e9talliques format 2\/3 maximum. Les mod\u00e8les manuels sont extr\u00eamement faciles \u00e0 utiliser, il suffit de r\u00e9gler le temps et le niveau de puissance. Les mod\u00e8les programmables poss\u00e8dent des commandes num\u00e9riques simples \u00e0 utiliser, en fa\u00e7ade avant, vous offrant la possibilit\u00e9 de d\u00e9marrer rapidement un programme de cuisson en trois \u00e9tapes en appuyant sur un bouton, ainsi que d&rsquo;ajouter un rapide coup de chaleur suppl\u00e9mentaire de 20 secondes si n\u00e9cessaire. Et gr\u00e2ce \u00e0 la fonction de r\u00e9p\u00e9tition, vous pouvez cuire rapidement plusieurs \u00e9l\u00e9ments les uns apr\u00e8s les autres sans avoir \u00e0 r\u00e9initialiser les programmes. 368(H) x 464(L) x 557(P) mm.<br \/>Capacit\u00e9 interne g\u00e9n\u00e9reuse de 26 litres &#8211; compatible GN 2\/3 pour plus de flexibilit\u00e9. Rev\u00eatement sup\u00e9rieure amovible pour un nettoyage plus facile et une meilleure hygi\u00e8ne. Eclairage int\u00e9rieur LED \u00e0 \u00e9conomie d&rsquo;\u00e9nergie &#8211; surveillez facilement la progression de la cuisson. R\u00e9f\u00e9rence soumise \u00e0 une Eco-participation mobilier de 1.86\u20ac par unit\u00e9 vendue. Empilable &#8211; double capacit\u00e9 sans espace suppl\u00e9mentaire sur le plan de travail. Verrouillage de programme inviolable avec jusqu&rsquo;\u00e0 50 choix de programmes. Fonction One Touch + 20 secondes &#8211; donnez aux aliments quelques instants suppl\u00e9mentaires. Fonction de r\u00e9p\u00e9tition rapide &#8211; parfaite pour les commandes r\u00e9p\u00e9t\u00e9es. Le voyant nettoyage de filtre aide \u00e0 pr\u00e9venir les dommages caus\u00e9s par les filtres encrass\u00e9s. Int\u00e9rieur et ext\u00e9rieur en acier inoxydable faciles \u00e0 nettoyer et gain de temps. Capacit\u00e9 interne g\u00e9n\u00e9reuse de 26 litres &#8211; compatible GN 2\/3 pour plus de flexibilit\u00e9.<\/p>\n<p>Caract\u00e9ristiques :<br \/> Dimensions : 368(H) x 464(L) x 557(P) mm.<br \/> Mati\u00e8re : Inox.<br \/> Voltage : 240V.<br \/> Couleur : Argent.<br \/> Puissance : 3200 W.<br \/> Bac GN : GN 2\/3XY.<\/p>\n","protected":false},"excerpt":{"rendered":"<div><img decoding=\"async\" src=\"https:\/\/abinox-chr-clim.com\/wp-content\/uploads\/2024\/03\/abinox-garantie-1-an.webp\" width=\"150px\"\/><\/div>\n<p>Micro-ondes professionnel programmable Samsung 26L 1850W<\/p>\n","protected":false},"featured_media":100872,"comment_status":"closed","ping_status":"closed","template":"","meta":[],"product_brand":[],"product_cat":[1160,1178,1175,1297],"product_tag":[],"class_list":{"0":"post-69335","1":"product","2":"type-product","3":"status-publish","4":"has-post-thumbnail","6":"product_cat-materiel-electrique-et-de-cuisson","7":"product_cat-micro-ondes","8":"product_cat-micro-ondes-et-fours","9":"product_cat-non-palettisable","10":"product_shipping_class-free-shipping","12":"first","13":"instock","14":"featured","15":"taxable","16":"shipping-taxable","17":"purchasable","18":"product-type-simple"},"_links":{"self":[{"href":"https:\/\/abinox-chr-clim.com\/index.php\/wp-json\/wp\/v2\/product\/69335","targetHints":{"allow":["GET"]}}],"collection":[{"href":"https:\/\/abinox-chr-clim.com\/index.php\/wp-json\/wp\/v2\/product"}],"about":[{"href":"https:\/\/abinox-chr-clim.com\/index.php\/wp-json\/wp\/v2\/types\/product"}],"replies":[{"embeddable":true,"href":"https:\/\/abinox-chr-clim.com\/index.php\/wp-json\/wp\/v2\/comments?post=69335"}],"wp:featuredmedia":[{"embeddable":true,"href":"https:\/\/abinox-chr-clim.com\/index.php\/wp-json\/wp\/v2\/media\/100872"}],"wp:attachment":[{"href":"https:\/\/abinox-chr-clim.com\/index.php\/wp-json\/wp\/v2\/media?parent=69335"}],"wp:term":[{"taxonomy":"product_brand","embeddable":true,"href":"https:\/\/abinox-chr-clim.com\/index.php\/wp-json\/wp\/v2\/product_brand?post=69335"},{"taxonomy":"product_cat","embeddable":true,"href":"https:\/\/abinox-chr-clim.com\/index.php\/wp-json\/wp\/v2\/product_cat?post=69335"},{"taxonomy":"product_tag","embeddable":true,"href":"https:\/\/abinox-chr-clim.com\/index.php\/wp-json\/wp\/v2\/product_tag?post=69335"}],"curies":[{"name":"wp","href":"https:\/\/api.w.org\/{rel}","templated":true}]}}