{"id":69332,"date":"2024-03-22T16:23:33","date_gmt":"2024-03-22T15:23:33","guid":{"rendered":"https:\/\/abinox-chr-clim.com\/index.php\/product\/micro-ondes-professionnel-programmable-buffalo-34l-1800w\/"},"modified":"2026-04-02T09:53:38","modified_gmt":"2026-04-02T07:53:38","slug":"micro-ondes-professionnel-programmable-buffalo-34l-1800w","status":"publish","type":"product","link":"https:\/\/abinox-chr-clim.com\/index.php\/product\/micro-ondes-professionnel-programmable-buffalo-34l-1800w\/","title":{"rendered":"Micro ondes professionnel programmable Buffalo 34L 1800W"},"content":{"rendered":"<p>Micro-ondes en acier inoxydable avec une base statique plate facile \u00e0 nettoyer, un plat compatible pour les bacs GN 2\/3. La version programmable dispose de 20 programmes.<br \/>Grande capacit\u00e9 de 34 litres &#8211; adapt\u00e9 \u00e0 un plat de 406mm. 5 niveaux de puissance pour un maximum de pr\u00e9cision. Construction robuste et commerciale en acier inoxydable. R\u00e9f\u00e9rence soumise \u00e0 une Eco-participation mobilier de 0.11\u20ac par unit\u00e9 vendue. Facile \u00e0 nettoyer. L&rsquo;antenne \u00e0 double rotation entra\u00een\u00e9e par moteur assure une cuisson uniforme dans toute la cavit\u00e9. Poign\u00e9e de porte solide et facile \u00e0 saisir. Contr\u00f4le du volume r\u00e9glable. La fonction X2 calcule automatiquement les temps de cuisson de deux plats. Commandes num\u00e9riques intuitives avec 3 niveaux de cuisson. Grande capacit\u00e9 de 34 litres &#8211; adapt\u00e9 \u00e0 un plat de 406mm.<\/p>\n<p>Caract\u00e9ristiques :<br \/> Capacit\u00e9 : 34 L.<br \/> Dimensions : 368(H) x 528(L) x 574(P) mm.<br \/> Mati\u00e8re : Inox.<br \/> Voltage : 240V.<br \/> Couleur : Acier inoxydable.<br \/> Puissance : 3000 W.<\/p>\n","protected":false},"excerpt":{"rendered":"<div><img decoding=\"async\" src=\"https:\/\/abinox-chr-clim.com\/wp-content\/uploads\/2024\/03\/abinox-garantie-1-an.webp\" width=\"150px\"\/><\/div>\n<p>Micro ondes professionnel programmable Buffalo 34L 1800W<\/p>\n","protected":false},"featured_media":105206,"comment_status":"closed","ping_status":"closed","template":"","meta":[],"product_brand":[],"product_cat":[1160,1178,1175,1297],"product_tag":[],"class_list":{"0":"post-69332","1":"product","2":"type-product","3":"status-publish","4":"has-post-thumbnail","6":"product_cat-materiel-electrique-et-de-cuisson","7":"product_cat-micro-ondes","8":"product_cat-micro-ondes-et-fours","9":"product_cat-non-palettisable","10":"product_shipping_class-free-shipping","12":"first","13":"outofstock","14":"featured","15":"taxable","16":"shipping-taxable","17":"purchasable","18":"product-type-simple"},"_links":{"self":[{"href":"https:\/\/abinox-chr-clim.com\/index.php\/wp-json\/wp\/v2\/product\/69332","targetHints":{"allow":["GET"]}}],"collection":[{"href":"https:\/\/abinox-chr-clim.com\/index.php\/wp-json\/wp\/v2\/product"}],"about":[{"href":"https:\/\/abinox-chr-clim.com\/index.php\/wp-json\/wp\/v2\/types\/product"}],"replies":[{"embeddable":true,"href":"https:\/\/abinox-chr-clim.com\/index.php\/wp-json\/wp\/v2\/comments?post=69332"}],"wp:featuredmedia":[{"embeddable":true,"href":"https:\/\/abinox-chr-clim.com\/index.php\/wp-json\/wp\/v2\/media\/105206"}],"wp:attachment":[{"href":"https:\/\/abinox-chr-clim.com\/index.php\/wp-json\/wp\/v2\/media?parent=69332"}],"wp:term":[{"taxonomy":"product_brand","embeddable":true,"href":"https:\/\/abinox-chr-clim.com\/index.php\/wp-json\/wp\/v2\/product_brand?post=69332"},{"taxonomy":"product_cat","embeddable":true,"href":"https:\/\/abinox-chr-clim.com\/index.php\/wp-json\/wp\/v2\/product_cat?post=69332"},{"taxonomy":"product_tag","embeddable":true,"href":"https:\/\/abinox-chr-clim.com\/index.php\/wp-json\/wp\/v2\/product_tag?post=69332"}],"curies":[{"name":"wp","href":"https:\/\/api.w.org\/{rel}","templated":true}]}}