{"id":69329,"date":"2024-03-22T16:23:32","date_gmt":"2024-03-22T15:23:32","guid":{"rendered":"https:\/\/abinox-chr-clim.com\/index.php\/product\/micro-ondes-caterlite-compact-17l-700w\/"},"modified":"2026-04-02T09:53:58","modified_gmt":"2026-04-02T07:53:58","slug":"micro-ondes-caterlite-compact-17l-700w","status":"publish","type":"product","link":"https:\/\/abinox-chr-clim.com\/index.php\/product\/micro-ondes-caterlite-compact-17l-700w\/","title":{"rendered":"Micro-ondes Caterlite compact 17L 700W"},"content":{"rendered":"<p>Micro-ondes compact et l\u00e9ger, id\u00e9al pour les petites salles de r\u00e9ception et les salles du personnel. Facile \u00e0 utiliser, la commande \u00e0 cadran manuel et la minuterie de 30 minutes vous permettent d&rsquo;adapter la puissance \u00e0 vos besoins de cuisson.<br \/>Puissance de cuisson : 700W. Consommation totale : 1200W. 6 niveaux de puissance pour une flexibilit\u00e9 de cuisson maximale. R\u00e9f\u00e9rence soumise \u00e0 une Eco-participation mobilier de 0.63\u20ac par unit\u00e9 vendue. Le plateau tournant en verre assure une cuisson uniforme.  Minuterie de 30 minutes avec arr\u00eat automatique. Puissance de cuisson : 700W.<\/p>\n<p>Caract\u00e9ristiques :<br \/> Capacit\u00e9 : 17L.<br \/> Dimensions : 262(H) x 452(L) x 346(P) mm.<br \/> Mati\u00e8re : .<br \/> Voltage : 230V.<br \/> Couleur : Blanc.<br \/> Puissance : 1200 W.<\/p>\n","protected":false},"excerpt":{"rendered":"<div><img decoding=\"async\" src=\"https:\/\/abinox-chr-clim.com\/wp-content\/uploads\/2024\/03\/abinox-garantie-1-an.webp\" width=\"150px\"\/><\/div>\n<p>Micro-ondes Caterlite compact 17L 700W<\/p>\n","protected":false},"featured_media":84950,"comment_status":"closed","ping_status":"closed","template":"","meta":[],"product_brand":[],"product_cat":[1160,1178,1175,1297],"product_tag":[],"class_list":{"0":"post-69329","1":"product","2":"type-product","3":"status-publish","4":"has-post-thumbnail","6":"product_cat-materiel-electrique-et-de-cuisson","7":"product_cat-micro-ondes","8":"product_cat-micro-ondes-et-fours","9":"product_cat-non-palettisable","10":"product_shipping_class-free-shipping","12":"first","13":"instock","14":"featured","15":"taxable","16":"shipping-taxable","17":"purchasable","18":"product-type-simple"},"_links":{"self":[{"href":"https:\/\/abinox-chr-clim.com\/index.php\/wp-json\/wp\/v2\/product\/69329","targetHints":{"allow":["GET"]}}],"collection":[{"href":"https:\/\/abinox-chr-clim.com\/index.php\/wp-json\/wp\/v2\/product"}],"about":[{"href":"https:\/\/abinox-chr-clim.com\/index.php\/wp-json\/wp\/v2\/types\/product"}],"replies":[{"embeddable":true,"href":"https:\/\/abinox-chr-clim.com\/index.php\/wp-json\/wp\/v2\/comments?post=69329"}],"wp:featuredmedia":[{"embeddable":true,"href":"https:\/\/abinox-chr-clim.com\/index.php\/wp-json\/wp\/v2\/media\/84950"}],"wp:attachment":[{"href":"https:\/\/abinox-chr-clim.com\/index.php\/wp-json\/wp\/v2\/media?parent=69329"}],"wp:term":[{"taxonomy":"product_brand","embeddable":true,"href":"https:\/\/abinox-chr-clim.com\/index.php\/wp-json\/wp\/v2\/product_brand?post=69329"},{"taxonomy":"product_cat","embeddable":true,"href":"https:\/\/abinox-chr-clim.com\/index.php\/wp-json\/wp\/v2\/product_cat?post=69329"},{"taxonomy":"product_tag","embeddable":true,"href":"https:\/\/abinox-chr-clim.com\/index.php\/wp-json\/wp\/v2\/product_tag?post=69329"}],"curies":[{"name":"wp","href":"https:\/\/api.w.org\/{rel}","templated":true}]}}