{"id":69328,"date":"2024-03-22T16:23:32","date_gmt":"2024-03-22T15:23:32","guid":{"rendered":"https:\/\/abinox-chr-clim.com\/index.php\/product\/micro-ondes-programmable-grande-capacite-menumaster-rcs511ts\/"},"modified":"2026-04-02T09:28:05","modified_gmt":"2026-04-02T07:28:05","slug":"micro-ondes-programmable-grande-capacite-menumaster-rcs511ts","status":"publish","type":"product","link":"https:\/\/abinox-chr-clim.com\/index.php\/product\/micro-ondes-programmable-grande-capacite-menumaster-rcs511ts\/","title":{"rendered":"Micro-ondes programmable grande capacit\u00e9 Menumaster RCS511TS"},"content":{"rendered":"<p>Micro-ondes durables grand volume pour une cuisson double ou multiple. Le mod\u00e8le \u00e0 commande tactile poss\u00e8de des param\u00e8tres de temps de cuisson r\u00e9glables et programmables et le mod\u00e8le manuel propose un panneau de commande facile \u00e0 utiliser et une porte en verre tremp\u00e9 pour surveiller la cuisson.<br \/>Grande cavit\u00e9 interne pour les charges volumineuses &#8211; cuisinez plus en m\u00eame temps et gagnez du temps. Filtres amovibles avec rappel de nettoyage pour maintenir l&rsquo;efficacit\u00e9. Programmable &#8211; fonctionnement par simple pression d&rsquo;une touche. R\u00e9f\u00e9rence soumise \u00e0 une Eco-participation mobilier de 0.73\u20ac par unit\u00e9 vendue. Panneau de commande tactile intuitif &#8211; tr\u00e8s facile \u00e0 utiliser. Empilable pour maximiser le rendement sans utiliser d&rsquo;espace suppl\u00e9mentaire sur le plan de travail ou dans les \u00e9tag\u00e8res &#8211; kit inclus. Construction robuste pour une longue dur\u00e9e de vie.Porte \u00e0 ouverture facile pour un acc\u00e8s simple et rapide. R\u00e9f\u00e9rence soumise \u00e0 une Eco-participation DEEE de 0,48\u20ac par unit\u00e9 vendue. Grande cavit\u00e9 interne pour les charges volumineuses &#8211; cuisinez plus en m\u00eame temps et gagnez du temps.<\/p>\n<p>Caract\u00e9ristiques :<br \/> Capacit\u00e9 : 34L.<br \/> Dimensions : 352(H) x 559(L) x 483(P)mm.<br \/> Mati\u00e8re : Acier inoxydable ext\u00e9rieur\/int\u00e9rieur.<br \/> Voltage : 230\/240V.<br \/> Couleur : Acier inoxydable.<\/p>\n","protected":false},"excerpt":{"rendered":"<div><img decoding=\"async\" src=\"https:\/\/abinox-chr-clim.com\/wp-content\/uploads\/2024\/03\/abinox-garantie-1-an.webp\" width=\"150px\"\/><\/div>\n<p>Micro-ondes programmable grande capacit\u00e9 Menumaster RCS511TS<\/p>\n","protected":false},"featured_media":84878,"comment_status":"closed","ping_status":"closed","template":"","meta":[],"product_brand":[],"product_cat":[1160,1178,1175,1297],"product_tag":[],"class_list":{"0":"post-69328","1":"product","2":"type-product","3":"status-publish","4":"has-post-thumbnail","6":"product_cat-materiel-electrique-et-de-cuisson","7":"product_cat-micro-ondes","8":"product_cat-micro-ondes-et-fours","9":"product_cat-non-palettisable","10":"product_shipping_class-free-shipping","12":"first","13":"instock","14":"featured","15":"taxable","16":"shipping-taxable","17":"purchasable","18":"product-type-simple"},"_links":{"self":[{"href":"https:\/\/abinox-chr-clim.com\/index.php\/wp-json\/wp\/v2\/product\/69328","targetHints":{"allow":["GET"]}}],"collection":[{"href":"https:\/\/abinox-chr-clim.com\/index.php\/wp-json\/wp\/v2\/product"}],"about":[{"href":"https:\/\/abinox-chr-clim.com\/index.php\/wp-json\/wp\/v2\/types\/product"}],"replies":[{"embeddable":true,"href":"https:\/\/abinox-chr-clim.com\/index.php\/wp-json\/wp\/v2\/comments?post=69328"}],"wp:featuredmedia":[{"embeddable":true,"href":"https:\/\/abinox-chr-clim.com\/index.php\/wp-json\/wp\/v2\/media\/84878"}],"wp:attachment":[{"href":"https:\/\/abinox-chr-clim.com\/index.php\/wp-json\/wp\/v2\/media?parent=69328"}],"wp:term":[{"taxonomy":"product_brand","embeddable":true,"href":"https:\/\/abinox-chr-clim.com\/index.php\/wp-json\/wp\/v2\/product_brand?post=69328"},{"taxonomy":"product_cat","embeddable":true,"href":"https:\/\/abinox-chr-clim.com\/index.php\/wp-json\/wp\/v2\/product_cat?post=69328"},{"taxonomy":"product_tag","embeddable":true,"href":"https:\/\/abinox-chr-clim.com\/index.php\/wp-json\/wp\/v2\/product_tag?post=69328"}],"curies":[{"name":"wp","href":"https:\/\/api.w.org\/{rel}","templated":true}]}}