{"id":69327,"date":"2024-03-22T16:23:32","date_gmt":"2024-03-22T15:23:32","guid":{"rendered":"https:\/\/abinox-chr-clim.com\/index.php\/product\/micro-ondes-grill-manuel-caterlite-900w\/"},"modified":"2026-04-02T10:08:11","modified_gmt":"2026-04-02T08:08:11","slug":"micro-ondes-grill-manuel-caterlite-900w","status":"publish","type":"product","link":"https:\/\/abinox-chr-clim.com\/index.php\/product\/micro-ondes-grill-manuel-caterlite-900w\/","title":{"rendered":"Micro-ondes grill manuel Caterlite 900W"},"content":{"rendered":"<p>Micro-ondes en acier inoxydable compact et polyvalent poss\u00e9dant cinq niveaux de puissance. Fonction gril, livr\u00e9 avec une grille et un plateau tournant en verre. Commandes manuelles faciles \u00e0 utiliser dans les petits \u00e9tablissements de restauration. Utilisation peu intensive.<br \/>5 niveaux de puissance. Minuterie de 30 minutes.Le plateau tournant en verre de 27(\u00d8)cm permet une cuisson uniforme. R\u00e9f\u00e9rence soumise \u00e0 une Eco-participation mobilier de 0.88\u20ac par unit\u00e9 vendue. Fonction gril &#8211; pas besoin de transf\u00e9rer les aliments vers d&rsquo;autres appareils. Plage de minuterie : 30 minutes. Le plateau tournant en verre assure une cuisson homog\u00e8ne. Conception gain de temps facile \u00e0 nettoyer. Pour utilisation peu intensive. R\u00e9f\u00e9rence soumise \u00e0 une Eco-participation DEEE de 0,36\u20ac par unit\u00e9 vendue. 5 niveaux de puissance.<\/p>\n<p>Caract\u00e9ristiques :<br \/> Capacit\u00e9 : 23 L.<br \/> Dimensions : 281(H) x 483(L) x 396(P) mm.<br \/> Mati\u00e8re : Acier inoxydable.<br \/> Sortie : 900W.<br \/> Voltage : 230V.<br \/> Couleur : Argent.<\/p>\n","protected":false},"excerpt":{"rendered":"<div><img decoding=\"async\" src=\"https:\/\/abinox-chr-clim.com\/wp-content\/uploads\/2024\/03\/abinox-garantie-1-an.webp\" width=\"150px\"\/><\/div>\n<p>Micro-ondes grill manuel Caterlite 900W<\/p>\n","protected":false},"featured_media":0,"comment_status":"closed","ping_status":"closed","template":"","meta":[],"product_brand":[],"product_cat":[1160,1178,1175,1297],"product_tag":[],"class_list":{"0":"post-69327","1":"product","2":"type-product","3":"status-publish","5":"product_cat-materiel-electrique-et-de-cuisson","6":"product_cat-micro-ondes","7":"product_cat-micro-ondes-et-fours","8":"product_cat-non-palettisable","9":"product_shipping_class-free-shipping","11":"first","12":"instock","13":"featured","14":"taxable","15":"shipping-taxable","16":"purchasable","17":"product-type-simple"},"_links":{"self":[{"href":"https:\/\/abinox-chr-clim.com\/index.php\/wp-json\/wp\/v2\/product\/69327","targetHints":{"allow":["GET"]}}],"collection":[{"href":"https:\/\/abinox-chr-clim.com\/index.php\/wp-json\/wp\/v2\/product"}],"about":[{"href":"https:\/\/abinox-chr-clim.com\/index.php\/wp-json\/wp\/v2\/types\/product"}],"replies":[{"embeddable":true,"href":"https:\/\/abinox-chr-clim.com\/index.php\/wp-json\/wp\/v2\/comments?post=69327"}],"wp:attachment":[{"href":"https:\/\/abinox-chr-clim.com\/index.php\/wp-json\/wp\/v2\/media?parent=69327"}],"wp:term":[{"taxonomy":"product_brand","embeddable":true,"href":"https:\/\/abinox-chr-clim.com\/index.php\/wp-json\/wp\/v2\/product_brand?post=69327"},{"taxonomy":"product_cat","embeddable":true,"href":"https:\/\/abinox-chr-clim.com\/index.php\/wp-json\/wp\/v2\/product_cat?post=69327"},{"taxonomy":"product_tag","embeddable":true,"href":"https:\/\/abinox-chr-clim.com\/index.php\/wp-json\/wp\/v2\/product_tag?post=69327"}],"curies":[{"name":"wp","href":"https:\/\/api.w.org\/{rel}","templated":true}]}}