{"id":69326,"date":"2024-03-22T16:23:31","date_gmt":"2024-03-22T15:23:31","guid":{"rendered":"https:\/\/abinox-chr-clim.com\/index.php\/product\/micro-ondes-programmable-samsung-cm1089-1100w\/"},"modified":"2026-04-02T08:30:52","modified_gmt":"2026-04-02T06:30:52","slug":"micro-ondes-programmable-samsung-cm1089-1100w","status":"publish","type":"product","link":"https:\/\/abinox-chr-clim.com\/index.php\/product\/micro-ondes-programmable-samsung-cm1089-1100w\/","title":{"rendered":"Micro-ondes programmable Samsung CM1089 1100W"},"content":{"rendered":"<p>Robuste, fiable et \u00e9conome en \u00e9nergie, ce qui en fait un excellent choix pour la restauration.<br \/>20 programmes.3 \u00e9tapes de cuisson. Base statique en c\u00e9ramique plate. R\u00e9f\u00e9rence soumise \u00e0 une Eco-participation mobilier de 1\u20ac par unit\u00e9 vendue. Minuterie 30mn. Panneau de commandes, porte et corps en acier inoxydable. Pour utilisation peu intensive uniquement.4 niveaux de puissance. R\u00e9f\u00e9rence soumise \u00e0 une Eco-participation DEEE de 0,44\u20ac par unit\u00e9 vendue. 20 programmes. .<br \/> Caract\u00e9ristiques :<br \/> Capacit\u00e9 : 26 L.<br \/> Dimensions : 297(H) x 517(L) x 412(P) mm.<br \/> Mati\u00e8re : Acier inoxydable.<br \/> Sortie : 1100W.<br \/> Voltage : 230-240V.<br \/> Couleur : Acier inoxydable.<\/p>\n","protected":false},"excerpt":{"rendered":"<div><img decoding=\"async\" src=\"https:\/\/abinox-chr-clim.com\/wp-content\/uploads\/2024\/03\/abinox-garantie-1-an.webp\" width=\"150px\"\/><\/div>\n<p>Micro-ondes programmable Samsung CM1089 1100W<\/p>\n","protected":false},"featured_media":80667,"comment_status":"closed","ping_status":"closed","template":"","meta":[],"product_brand":[],"product_cat":[1160,1178,1175,1297],"product_tag":[],"class_list":{"0":"post-69326","1":"product","2":"type-product","3":"status-publish","4":"has-post-thumbnail","6":"product_cat-materiel-electrique-et-de-cuisson","7":"product_cat-micro-ondes","8":"product_cat-micro-ondes-et-fours","9":"product_cat-non-palettisable","10":"product_shipping_class-free-shipping","12":"first","13":"instock","14":"featured","15":"taxable","16":"shipping-taxable","17":"purchasable","18":"product-type-simple"},"_links":{"self":[{"href":"https:\/\/abinox-chr-clim.com\/index.php\/wp-json\/wp\/v2\/product\/69326","targetHints":{"allow":["GET"]}}],"collection":[{"href":"https:\/\/abinox-chr-clim.com\/index.php\/wp-json\/wp\/v2\/product"}],"about":[{"href":"https:\/\/abinox-chr-clim.com\/index.php\/wp-json\/wp\/v2\/types\/product"}],"replies":[{"embeddable":true,"href":"https:\/\/abinox-chr-clim.com\/index.php\/wp-json\/wp\/v2\/comments?post=69326"}],"wp:featuredmedia":[{"embeddable":true,"href":"https:\/\/abinox-chr-clim.com\/index.php\/wp-json\/wp\/v2\/media\/80667"}],"wp:attachment":[{"href":"https:\/\/abinox-chr-clim.com\/index.php\/wp-json\/wp\/v2\/media?parent=69326"}],"wp:term":[{"taxonomy":"product_brand","embeddable":true,"href":"https:\/\/abinox-chr-clim.com\/index.php\/wp-json\/wp\/v2\/product_brand?post=69326"},{"taxonomy":"product_cat","embeddable":true,"href":"https:\/\/abinox-chr-clim.com\/index.php\/wp-json\/wp\/v2\/product_cat?post=69326"},{"taxonomy":"product_tag","embeddable":true,"href":"https:\/\/abinox-chr-clim.com\/index.php\/wp-json\/wp\/v2\/product_tag?post=69326"}],"curies":[{"name":"wp","href":"https:\/\/api.w.org\/{rel}","templated":true}]}}