{"id":69312,"date":"2024-03-22T16:23:27","date_gmt":"2024-03-22T15:23:27","guid":{"rendered":"https:\/\/abinox-chr-clim.com\/index.php\/product\/four-a-pizza-avec-pierre-buffalo-400mm\/"},"modified":"2026-04-02T10:09:38","modified_gmt":"2026-04-02T08:09:38","slug":"four-a-pizza-avec-pierre-buffalo-400mm","status":"publish","type":"product","link":"https:\/\/abinox-chr-clim.com\/index.php\/product\/four-a-pizza-avec-pierre-buffalo-400mm\/","title":{"rendered":"Four \u00e0 pizza avec pierre Buffalo 400mm"},"content":{"rendered":"<p>Cr\u00e9ez des pizzas d\u00e9licieusement croustillantes en un minimum de temps. Dot\u00e9 de r\u00e9sistances ind\u00e9pendantes en haut et en bas et d&rsquo;une pierre \u00e0 pizza de qualit\u00e9 sup\u00e9rieure.<br \/>Conception commerciale robuste &#8211; con\u00e7ue pour la cuisine professionnelle. R\u00e9f\u00e9rence soumise \u00e0 une Eco-participation mobilier de 1.5\u20ac par unit\u00e9 vendue. Cavit\u00e9 \u00e0 double isolation : r\u00e9duit les co\u00fbts de fonctionnement et les temps de pr\u00e9chauffage. R\u00e9sistances \u00e0 commande ind\u00e9pendante en haut et en bas. Porte vitr\u00e9e et \u00e9clairage int\u00e9rieur : visualisez facilement la progression de la cuisson. Minuterie de 30 minutes avec plage de temp\u00e9rature de 50 \u00e0 400\u00b0C. Pour une pizza de 40cm max.Pierre \u00e0 pizza de qualit\u00e9 sup\u00e9rieure de 15 mm d&rsquo;\u00e9paisseur &#8211; id\u00e9ale pour les p\u00e2tes \u00e0 pizza croustillantes. Four empilable jusqu&rsquo;\u00e0 3 &#8211; maximise le rendement avec un encombrement minimal. Conception commerciale robuste &#8211; con\u00e7ue pour la cuisine professionnelle.<\/p>\n<p>Caract\u00e9ristiques :<br \/> Dimensions : 280(H) x 630(L) x 510(P) mm.<br \/> Mati\u00e8re : Inox.<br \/> Temp\u00e9rature : 50 \u00b0C \u00e0 400 \u00b0C.<br \/> Voltage : 220-240V.<br \/> Couleur : Argent.<\/p>\n","protected":false},"excerpt":{"rendered":"<div><img decoding=\"async\" src=\"https:\/\/abinox-chr-clim.com\/wp-content\/uploads\/2024\/03\/abinox-garantie-1-an.webp\" width=\"150px\"\/><\/div>\n<p>Four \u00e0 pizza avec pierre Buffalo 400mm<\/p>\n","protected":false},"featured_media":83921,"comment_status":"closed","ping_status":"closed","template":"","meta":[],"product_brand":[],"product_cat":[1177,1160,1175,1297],"product_tag":[],"class_list":{"0":"post-69312","1":"product","2":"type-product","3":"status-publish","4":"has-post-thumbnail","6":"product_cat-fours-a-pizza","7":"product_cat-materiel-electrique-et-de-cuisson","8":"product_cat-micro-ondes-et-fours","9":"product_cat-non-palettisable","10":"product_shipping_class-free-shipping","12":"first","13":"instock","14":"featured","15":"taxable","16":"shipping-taxable","17":"purchasable","18":"product-type-simple"},"_links":{"self":[{"href":"https:\/\/abinox-chr-clim.com\/index.php\/wp-json\/wp\/v2\/product\/69312","targetHints":{"allow":["GET"]}}],"collection":[{"href":"https:\/\/abinox-chr-clim.com\/index.php\/wp-json\/wp\/v2\/product"}],"about":[{"href":"https:\/\/abinox-chr-clim.com\/index.php\/wp-json\/wp\/v2\/types\/product"}],"replies":[{"embeddable":true,"href":"https:\/\/abinox-chr-clim.com\/index.php\/wp-json\/wp\/v2\/comments?post=69312"}],"wp:featuredmedia":[{"embeddable":true,"href":"https:\/\/abinox-chr-clim.com\/index.php\/wp-json\/wp\/v2\/media\/83921"}],"wp:attachment":[{"href":"https:\/\/abinox-chr-clim.com\/index.php\/wp-json\/wp\/v2\/media?parent=69312"}],"wp:term":[{"taxonomy":"product_brand","embeddable":true,"href":"https:\/\/abinox-chr-clim.com\/index.php\/wp-json\/wp\/v2\/product_brand?post=69312"},{"taxonomy":"product_cat","embeddable":true,"href":"https:\/\/abinox-chr-clim.com\/index.php\/wp-json\/wp\/v2\/product_cat?post=69312"},{"taxonomy":"product_tag","embeddable":true,"href":"https:\/\/abinox-chr-clim.com\/index.php\/wp-json\/wp\/v2\/product_tag?post=69312"}],"curies":[{"name":"wp","href":"https:\/\/api.w.org\/{rel}","templated":true}]}}