{"id":69308,"date":"2024-03-22T16:23:25","date_gmt":"2024-03-22T15:23:25","guid":{"rendered":"https:\/\/abinox-chr-clim.com\/index.php\/product\/four-patissier-a-convection-4-niveaux-avec-humidificateur-gastro-m-porte-abattante-400v\/"},"modified":"2026-04-02T09:24:08","modified_gmt":"2026-04-02T07:24:08","slug":"four-patissier-a-convection-4-niveaux-avec-humidificateur-gastro-m-porte-abattante-400v","status":"publish","type":"product","link":"https:\/\/abinox-chr-clim.com\/index.php\/product\/four-patissier-a-convection-4-niveaux-avec-humidificateur-gastro-m-porte-abattante-400v\/","title":{"rendered":"Four p\u00e2tissier \u00e0 convection 4 niveaux avec humidificateur Gastro M porte abattante 400V"},"content":{"rendered":"<p>Fours \u00e0 convection avec quatre niveaux 600 x 400mm, une grille, humidificateur et porte abattante. Dot\u00e9s de 2 turbines et d&rsquo;un panneau de commande \u00e9lectro-m\u00e9canique convivial. Int\u00e9rieur et ext\u00e9rieur en acier inoxydable. Minuterie, thermostat 300\u00b0C et \u00e9clairage. Modifiables en GN 1\/1 avec le kit \u00e9chelles de transformation GR209 (vendu s\u00e9par\u00e9ment). NB : attention, four p\u00e2tissier, ne poss\u00e8de pas d&rsquo;\u00e9vacuation des eaux de condensats.<br \/>Fonctionnement simple. Panneau de commande \u00e9lectro-m\u00e9canique convivial. Porte double vitrage &#8211; verre tremp\u00e9, \u00e9paisseur 4mm.R\u00e9f\u00e9rence soumise \u00e0 une Eco-participation mobilier de 0.18\u20ac par unit\u00e9 vendue. Modifiable en GN 1\/1 avec kit \u00e9chelle de transformation GR209 (vendu s\u00e9par\u00e9ment). 1 grille fournie. Peut contenir 4 grilles 600 x 400 \/ 4 x GN 1\/1.2 turbines. R\u00e9f\u00e9rence soumise \u00e0 une Eco-participation DEEE de 1,30\u20ac par unit\u00e9 vendue. Fonctionnement simple.<\/p>\n<p>Caract\u00e9ristiques :<br \/> Dimensions : 598(H) x 724(L) x 730(P) mm.<br \/> Mati\u00e8re : Acier inoxydable.<br \/> Sortie : 4,7kW.<br \/> Temp\u00e9rature : 50\u00b0C &#8211; 300\u00b0C.<br \/> Voltage : 400V.<br \/> Couleur : Acier inoxydable.<br \/> Puissance : 4.7 kW.<\/p>\n","protected":false},"excerpt":{"rendered":"<div><img decoding=\"async\" src=\"https:\/\/abinox-chr-clim.com\/wp-content\/uploads\/2024\/03\/abinox-garantie-1-an.webp\" width=\"150px\"\/><\/div>\n<p>Four p\u00e2tissier \u00e0 convection 4 niveaux avec humidificateur Gastro M porte abattante 400V<\/p>\n","protected":false},"featured_media":0,"comment_status":"closed","ping_status":"closed","template":"","meta":[],"product_brand":[],"product_cat":[1176,1160,1175,1296],"product_tag":[],"class_list":{"0":"post-69308","1":"product","2":"type-product","3":"status-publish","5":"product_cat-fours-a-convection","6":"product_cat-materiel-electrique-et-de-cuisson","7":"product_cat-micro-ondes-et-fours","8":"product_cat-palettisable","10":"first","11":"instock","12":"featured","13":"taxable","14":"shipping-taxable","15":"purchasable","16":"product-type-simple"},"_links":{"self":[{"href":"https:\/\/abinox-chr-clim.com\/index.php\/wp-json\/wp\/v2\/product\/69308","targetHints":{"allow":["GET"]}}],"collection":[{"href":"https:\/\/abinox-chr-clim.com\/index.php\/wp-json\/wp\/v2\/product"}],"about":[{"href":"https:\/\/abinox-chr-clim.com\/index.php\/wp-json\/wp\/v2\/types\/product"}],"replies":[{"embeddable":true,"href":"https:\/\/abinox-chr-clim.com\/index.php\/wp-json\/wp\/v2\/comments?post=69308"}],"wp:attachment":[{"href":"https:\/\/abinox-chr-clim.com\/index.php\/wp-json\/wp\/v2\/media?parent=69308"}],"wp:term":[{"taxonomy":"product_brand","embeddable":true,"href":"https:\/\/abinox-chr-clim.com\/index.php\/wp-json\/wp\/v2\/product_brand?post=69308"},{"taxonomy":"product_cat","embeddable":true,"href":"https:\/\/abinox-chr-clim.com\/index.php\/wp-json\/wp\/v2\/product_cat?post=69308"},{"taxonomy":"product_tag","embeddable":true,"href":"https:\/\/abinox-chr-clim.com\/index.php\/wp-json\/wp\/v2\/product_tag?post=69308"}],"curies":[{"name":"wp","href":"https:\/\/api.w.org\/{rel}","templated":true}]}}