{"id":69306,"date":"2024-03-22T16:23:25","date_gmt":"2024-03-22T15:23:25","guid":{"rendered":"https:\/\/abinox-chr-clim.com\/index.php\/product\/four-electrique-a-convection-4-niveaux-avec-humidificateur-gastro-m-230v\/"},"modified":"2026-04-02T09:24:07","modified_gmt":"2026-04-02T07:24:07","slug":"four-electrique-a-convection-4-niveaux-avec-humidificateur-gastro-m-230v","status":"publish","type":"product","link":"https:\/\/abinox-chr-clim.com\/index.php\/product\/four-electrique-a-convection-4-niveaux-avec-humidificateur-gastro-m-230v\/","title":{"rendered":"Four \u00e9lectrique \u00e0 convection 4 niveaux avec humidificateur Gastro M 230V"},"content":{"rendered":"<p>Four \u00e9lectrique quatre niveaux avec humidificateur GN 2\/3. Poss\u00e8de un panneau de commande \u00e9lectro-m\u00e9canique convivial et deux turbines. Int\u00e9rieur et ext\u00e9rieur en acier inoxydable. Minuterie, thermostat 50\u00b0C &#8211; 300\u00b0C et t\u00e9moin lumineux. L&rsquo;humidificateur manuel \u00e9vite aux p\u00e2tisseries et autres aliments d\u00e9licats de dess\u00e9cher. NB : attention, ne poss\u00e8de pas d&rsquo;\u00e9vacuation des eaux de condensats.<br \/>Fonctionnement simple. Panneau de commande \u00e9lectro-m\u00e9canique convivial. Porte double vitrage battante. R\u00e9f\u00e9rence soumise \u00e0 une Eco-participation mobilier de 0.17\u20ac par unit\u00e9 vendue. 4 niveaux. 4 x GN 2\/3. Produit n\u00e9cessitant obligatoirement une installation par un professionnel pour b\u00e9n\u00e9ficier de la garantie.  2 turbines. R\u00e9f\u00e9rence soumise \u00e0 une Eco-participation DEEE de 0,80\u20ac par unit\u00e9 vendue. Fonctionnement simple.<\/p>\n<p>Caract\u00e9ristiques :<br \/> Dimensions : 560(H)x 658(L)x 685(P)mm.<br \/> Mati\u00e8re : Acier inoxydable.<br \/> Sortie : 3,5kW.<br \/> Temp\u00e9rature : 50\u00b0C &#8211; 300\u00b0C.<br \/> Voltage : 220-240V.<br \/> Couleur : Acier inoxydable.<br \/> Puissance : 3.5 kW.<br \/> Bac GN : GN 2\/3XY.<\/p>\n","protected":false},"excerpt":{"rendered":"<div><img decoding=\"async\" src=\"https:\/\/abinox-chr-clim.com\/wp-content\/uploads\/2024\/03\/abinox-garantie-1-an.webp\" width=\"150px\"\/><\/div>\n<p>Four \u00e9lectrique \u00e0 convection 4 niveaux avec humidificateur Gastro M 230V<\/p>\n","protected":false},"featured_media":0,"comment_status":"closed","ping_status":"closed","template":"","meta":[],"product_brand":[],"product_cat":[1176,1160,1175,1296],"product_tag":[],"class_list":{"0":"post-69306","1":"product","2":"type-product","3":"status-publish","5":"product_cat-fours-a-convection","6":"product_cat-materiel-electrique-et-de-cuisson","7":"product_cat-micro-ondes-et-fours","8":"product_cat-palettisable","10":"first","11":"instock","12":"featured","13":"taxable","14":"shipping-taxable","15":"purchasable","16":"product-type-simple"},"_links":{"self":[{"href":"https:\/\/abinox-chr-clim.com\/index.php\/wp-json\/wp\/v2\/product\/69306","targetHints":{"allow":["GET"]}}],"collection":[{"href":"https:\/\/abinox-chr-clim.com\/index.php\/wp-json\/wp\/v2\/product"}],"about":[{"href":"https:\/\/abinox-chr-clim.com\/index.php\/wp-json\/wp\/v2\/types\/product"}],"replies":[{"embeddable":true,"href":"https:\/\/abinox-chr-clim.com\/index.php\/wp-json\/wp\/v2\/comments?post=69306"}],"wp:attachment":[{"href":"https:\/\/abinox-chr-clim.com\/index.php\/wp-json\/wp\/v2\/media?parent=69306"}],"wp:term":[{"taxonomy":"product_brand","embeddable":true,"href":"https:\/\/abinox-chr-clim.com\/index.php\/wp-json\/wp\/v2\/product_brand?post=69306"},{"taxonomy":"product_cat","embeddable":true,"href":"https:\/\/abinox-chr-clim.com\/index.php\/wp-json\/wp\/v2\/product_cat?post=69306"},{"taxonomy":"product_tag","embeddable":true,"href":"https:\/\/abinox-chr-clim.com\/index.php\/wp-json\/wp\/v2\/product_tag?post=69306"}],"curies":[{"name":"wp","href":"https:\/\/api.w.org\/{rel}","templated":true}]}}