{"id":69302,"date":"2024-03-22T16:23:21","date_gmt":"2024-03-22T15:23:21","guid":{"rendered":"https:\/\/abinox-chr-clim.com\/index.php\/product\/four-mixte-a-injection-directe-slim-gastro-m-6-x-gn-1-1\/"},"modified":"2026-04-02T09:32:02","modified_gmt":"2026-04-02T07:32:02","slug":"four-mixte-a-injection-directe-slim-gastro-m-6-x-gn-1-1","status":"publish","type":"product","link":"https:\/\/abinox-chr-clim.com\/index.php\/product\/four-mixte-a-injection-directe-slim-gastro-m-6-x-gn-1-1\/","title":{"rendered":"Four mixte \u00e0 injection directe slim Gastro M 6 x GN 1\/1"},"content":{"rendered":"<p>Fours mixtes \u00e0 injection directe slim compatibles GN 1\/1. Porte double vitrage, 2 turbines auto-reverse et panneau de contr\u00f4le \u00e9lectronique. Mod\u00e8les disponibles en 6 ou 10 niveaux, avec ou sans syst\u00e8me de nettoyage int\u00e9gr\u00e9.<br \/>Chambre de cuisson pour 6 x GN 1\/1 (en longueur). Panneau de commande \u00e9lectronique. Porte double vitrage. R\u00e9f\u00e9rence soumise \u00e0 une Eco-participation mobilier de 0.27\u20ac par unit\u00e9 vendue. Int\u00e9rieur facile \u00e0 nettoyer.  2 turbines auto-reverse. Chambre de cuisson pour 6 x GN 1\/1 (en longueur).<\/p>\n<p>Caract\u00e9ristiques :<br \/> Dimensions : 770(H) x 517(L) x 820(P) mm.<br \/> Mati\u00e8re : Acier inoxydable.<br \/> Sortie : 7.8 kW.<br \/> Voltage : 380-415V<\/p>\n","protected":false},"excerpt":{"rendered":"<div><img decoding=\"async\" src=\"https:\/\/abinox-chr-clim.com\/wp-content\/uploads\/2024\/03\/abinox-garantie-1-an.webp\" width=\"150px\"\/><\/div>\n<p>Four mixte \u00e0 injection directe slim Gastro M 6 x GN 1\/1<\/p>\n","protected":false},"featured_media":102574,"comment_status":"closed","ping_status":"closed","template":"","meta":[],"product_brand":[],"product_cat":[1176,1160,1175,1296],"product_tag":[],"class_list":{"0":"post-69302","1":"product","2":"type-product","3":"status-publish","4":"has-post-thumbnail","6":"product_cat-fours-a-convection","7":"product_cat-materiel-electrique-et-de-cuisson","8":"product_cat-micro-ondes-et-fours","9":"product_cat-palettisable","11":"first","12":"outofstock","13":"featured","14":"taxable","15":"shipping-taxable","16":"purchasable","17":"product-type-simple"},"_links":{"self":[{"href":"https:\/\/abinox-chr-clim.com\/index.php\/wp-json\/wp\/v2\/product\/69302","targetHints":{"allow":["GET"]}}],"collection":[{"href":"https:\/\/abinox-chr-clim.com\/index.php\/wp-json\/wp\/v2\/product"}],"about":[{"href":"https:\/\/abinox-chr-clim.com\/index.php\/wp-json\/wp\/v2\/types\/product"}],"replies":[{"embeddable":true,"href":"https:\/\/abinox-chr-clim.com\/index.php\/wp-json\/wp\/v2\/comments?post=69302"}],"wp:featuredmedia":[{"embeddable":true,"href":"https:\/\/abinox-chr-clim.com\/index.php\/wp-json\/wp\/v2\/media\/102574"}],"wp:attachment":[{"href":"https:\/\/abinox-chr-clim.com\/index.php\/wp-json\/wp\/v2\/media?parent=69302"}],"wp:term":[{"taxonomy":"product_brand","embeddable":true,"href":"https:\/\/abinox-chr-clim.com\/index.php\/wp-json\/wp\/v2\/product_brand?post=69302"},{"taxonomy":"product_cat","embeddable":true,"href":"https:\/\/abinox-chr-clim.com\/index.php\/wp-json\/wp\/v2\/product_cat?post=69302"},{"taxonomy":"product_tag","embeddable":true,"href":"https:\/\/abinox-chr-clim.com\/index.php\/wp-json\/wp\/v2\/product_tag?post=69302"}],"curies":[{"name":"wp","href":"https:\/\/api.w.org\/{rel}","templated":true}]}}