{"id":69301,"date":"2024-03-22T16:23:21","date_gmt":"2024-03-22T15:23:21","guid":{"rendered":"https:\/\/abinox-chr-clim.com\/index.php\/product\/four-a-convection-slim-lincat-lynx-400-25-kw-lco-s\/"},"modified":"2026-04-02T09:54:32","modified_gmt":"2026-04-02T07:54:32","slug":"four-a-convection-slim-lincat-lynx-400-25-kw-lco-s","status":"publish","type":"product","link":"https:\/\/abinox-chr-clim.com\/index.php\/product\/four-a-convection-slim-lincat-lynx-400-25-kw-lco-s\/","title":{"rendered":"Four \u00e0 convection slim Lincat Lynx 400 2,5\u00a0kW LCO\/S"},"content":{"rendered":"<p>Four \u00e0 convection \u00e9co\u00e9nerg\u00e9tique, ventil\u00e9, id\u00e9al pour les caf\u00e9s et autres \u00e9tablissements proposant des plats chauds et ayant un espace de cuisine limit\u00e9. Facile \u00e0 nettoyer et \u00e0 entretenir. Charni\u00e8res de porte robustes et ouverture de porte lat\u00e9rale.<br \/>La conception compacte et mince est id\u00e9ale pour les petites cuisines avec espace limit\u00e9. Four puissant de 2,5\u00a0kW avec temps de chauffe rapide pour ne pas perdre de temps. La cuisson assist\u00e9e par ventilateur distribue la chaleur de fa\u00e7on uniforme pour garantir des r\u00e9sultats constants. Accepte jusqu&rsquo;\u00e0 quatre bacs GN 1\/2\u00a0plac\u00e9s en toute s\u00e9curit\u00e9 sur des glissi\u00e8res. Dimensions int\u00e9rieures du four 362(H)\u00a0x\u00a0285(L)\u00a0x\u00a0390(P)\u00a0mm avec deux grilles incluses. Deux grilles de 326\u00a0x\u00a0288\u00a0mm facilement amovibles pour une flexibilit\u00e9 de cuisson encore plus importante.Plage de temp\u00e9rature de 50\u00a0\u00b0C \u00e0 250\u00a0\u00b0C pour la cuisson de toutes sortes d&rsquo;aliments. Des commandes de cadran simples avec une minuterie de 60\u00a0minutes ne pourraient pas \u00eatre plus faciles \u00e0 utiliser.La porte en verre double vitrage et l&rsquo;\u00e9clairage int\u00e9rieur permettent de surveiller la cuisson. Pieds en caoutchouc de 14\u00a0mm pour une meilleure adh\u00e9rence et une stabilit\u00e9 plus importante sur toute surface plane. Verre de la porte int\u00e9rieure, ampoule et joint d\u00bf\u00e9tanch\u00e9it\u00e9 de porte facilement rempla\u00e7ables par l&rsquo;utilisateur. Fonctionnement pr\u00eat \u00e0 brancher simple avec prise de courant de 13\u00a0A. La conception compacte et mince est id\u00e9ale pour les petites cuisines avec espace limit\u00e9.<\/p>\n<p>Caract\u00e9ristiques :<br \/> Dimensions : 520(H) x 405(L) x 570(P) mm.<br \/> Mati\u00e8re : Inox.<br \/> Voltage : 230V.<br \/> Couleur : Acier inoxydable.<br \/> Puissance : 2500 W.<br \/> Bac GN : GN 1\/2XY.<\/p>\n","protected":false},"excerpt":{"rendered":"<div><img decoding=\"async\" src=\"https:\/\/abinox-chr-clim.com\/wp-content\/uploads\/2024\/03\/abinox-garantie-1-an.webp\" width=\"150px\"\/><\/div>\n<p>Four \u00e0 convection slim Lincat Lynx 400 2,5\u00a0kW LCO\/S<\/p>\n","protected":false},"featured_media":90434,"comment_status":"closed","ping_status":"closed","template":"","meta":[],"product_brand":[],"product_cat":[1176,1160,1175,1297],"product_tag":[],"class_list":{"0":"post-69301","1":"product","2":"type-product","3":"status-publish","4":"has-post-thumbnail","6":"product_cat-fours-a-convection","7":"product_cat-materiel-electrique-et-de-cuisson","8":"product_cat-micro-ondes-et-fours","9":"product_cat-non-palettisable","10":"product_shipping_class-free-shipping","12":"first","13":"outofstock","14":"featured","15":"taxable","16":"shipping-taxable","17":"purchasable","18":"product-type-simple"},"_links":{"self":[{"href":"https:\/\/abinox-chr-clim.com\/index.php\/wp-json\/wp\/v2\/product\/69301","targetHints":{"allow":["GET"]}}],"collection":[{"href":"https:\/\/abinox-chr-clim.com\/index.php\/wp-json\/wp\/v2\/product"}],"about":[{"href":"https:\/\/abinox-chr-clim.com\/index.php\/wp-json\/wp\/v2\/types\/product"}],"replies":[{"embeddable":true,"href":"https:\/\/abinox-chr-clim.com\/index.php\/wp-json\/wp\/v2\/comments?post=69301"}],"wp:featuredmedia":[{"embeddable":true,"href":"https:\/\/abinox-chr-clim.com\/index.php\/wp-json\/wp\/v2\/media\/90434"}],"wp:attachment":[{"href":"https:\/\/abinox-chr-clim.com\/index.php\/wp-json\/wp\/v2\/media?parent=69301"}],"wp:term":[{"taxonomy":"product_brand","embeddable":true,"href":"https:\/\/abinox-chr-clim.com\/index.php\/wp-json\/wp\/v2\/product_brand?post=69301"},{"taxonomy":"product_cat","embeddable":true,"href":"https:\/\/abinox-chr-clim.com\/index.php\/wp-json\/wp\/v2\/product_cat?post=69301"},{"taxonomy":"product_tag","embeddable":true,"href":"https:\/\/abinox-chr-clim.com\/index.php\/wp-json\/wp\/v2\/product_tag?post=69301"}],"curies":[{"name":"wp","href":"https:\/\/api.w.org\/{rel}","templated":true}]}}