{"id":69300,"date":"2024-03-22T16:23:21","date_gmt":"2024-03-22T15:23:21","guid":{"rendered":"https:\/\/abinox-chr-clim.com\/index.php\/product\/four-a-convection-haut-lincat-lynx-400-25-kw-lco-t\/"},"modified":"2026-04-02T09:51:10","modified_gmt":"2026-04-02T07:51:10","slug":"four-a-convection-haut-lincat-lynx-400-25-kw-lco-t","status":"publish","type":"product","link":"https:\/\/abinox-chr-clim.com\/index.php\/product\/four-a-convection-haut-lincat-lynx-400-25-kw-lco-t\/","title":{"rendered":"Four \u00e0 convection haut Lincat Lynx 400 2,5 kW LCO\/T"},"content":{"rendered":"<p>Four \u00e0 convection \u00e9co\u00e9nerg\u00e9tique, ventil\u00e9, id\u00e9al pour les caf\u00e9s et autres \u00e9tablissements proposant des plats chauds et ayant un espace de cuisine limit\u00e9. Facile \u00e0 nettoyer et \u00e0 entretenir. Charni\u00e8res de porte robustes et ouverture de porte lat\u00e9rale.<br \/>Temps de chauffe rapide et cuisson ventil\u00e9e puissante pour une r\u00e9partition de chaleur uniforme et des r\u00e9sultats de cuisson homog\u00e8nes. Accepte jusqu&rsquo;\u00e0 4 bacs GN 2\/3 &#8211; transf\u00e9rez rapidement les bacs d&rsquo;un appareil \u00e0 l&rsquo;autre. Fonctionnement pr\u00eat \u00e0 brancher &#8211; prise 13A. Puissance du four 2,5kW. Plage de temp\u00e9rature 50 &#8211; 250\u00b0C. Commandes simples \u00e0 cadran avec minuterie de 55 minutes. Porte en verre \u00e0 ouverture lat\u00e9rale. Porte en verre double vitrage et \u00e9clairage int\u00e9rieur pour un fonctionnement \u00e9conome en \u00e9nergie. Deux grilles amovibles chrom\u00e9es pour une flexibilit\u00e9 du four. Conception en acier inoxydable facile \u00e0 nettoyer &#8211; permet de gagner du temps. Charni\u00e8res de porte robustes. Vitre int\u00e9rieure de porte, ampoule et joint de porte rempla\u00e7ables par l&rsquo;utilisateur. Temps de chauffe rapide et cuisson ventil\u00e9e puissante pour une r\u00e9partition de chaleur uniforme et des r\u00e9sultats de cuisson homog\u00e8nes.<\/p>\n<p>Caract\u00e9ristiques :<br \/> Dimensions : 520(H) x 495(L) x 570(P) mm.<br \/> Mati\u00e8re : Inox.<br \/> Voltage : 230V.<br \/> Couleur : Acier inoxydable.<br \/> Puissance : 2500 W.<br \/> Bac GN : GN 2\/3XY.<\/p>\n","protected":false},"excerpt":{"rendered":"<div><img decoding=\"async\" src=\"https:\/\/abinox-chr-clim.com\/wp-content\/uploads\/2024\/03\/abinox-garantie-1-an.webp\" width=\"150px\"\/><\/div>\n<p>Four \u00e0 convection haut Lincat Lynx 400 2,5 kW LCO\/T<\/p>\n","protected":false},"featured_media":90435,"comment_status":"closed","ping_status":"closed","template":"","meta":[],"product_brand":[],"product_cat":[1176,1160,1175,1297],"product_tag":[],"class_list":{"0":"post-69300","1":"product","2":"type-product","3":"status-publish","4":"has-post-thumbnail","6":"product_cat-fours-a-convection","7":"product_cat-materiel-electrique-et-de-cuisson","8":"product_cat-micro-ondes-et-fours","9":"product_cat-non-palettisable","10":"product_shipping_class-free-shipping","12":"first","13":"instock","14":"featured","15":"taxable","16":"shipping-taxable","17":"purchasable","18":"product-type-simple"},"_links":{"self":[{"href":"https:\/\/abinox-chr-clim.com\/index.php\/wp-json\/wp\/v2\/product\/69300","targetHints":{"allow":["GET"]}}],"collection":[{"href":"https:\/\/abinox-chr-clim.com\/index.php\/wp-json\/wp\/v2\/product"}],"about":[{"href":"https:\/\/abinox-chr-clim.com\/index.php\/wp-json\/wp\/v2\/types\/product"}],"replies":[{"embeddable":true,"href":"https:\/\/abinox-chr-clim.com\/index.php\/wp-json\/wp\/v2\/comments?post=69300"}],"wp:featuredmedia":[{"embeddable":true,"href":"https:\/\/abinox-chr-clim.com\/index.php\/wp-json\/wp\/v2\/media\/90435"}],"wp:attachment":[{"href":"https:\/\/abinox-chr-clim.com\/index.php\/wp-json\/wp\/v2\/media?parent=69300"}],"wp:term":[{"taxonomy":"product_brand","embeddable":true,"href":"https:\/\/abinox-chr-clim.com\/index.php\/wp-json\/wp\/v2\/product_brand?post=69300"},{"taxonomy":"product_cat","embeddable":true,"href":"https:\/\/abinox-chr-clim.com\/index.php\/wp-json\/wp\/v2\/product_cat?post=69300"},{"taxonomy":"product_tag","embeddable":true,"href":"https:\/\/abinox-chr-clim.com\/index.php\/wp-json\/wp\/v2\/product_tag?post=69300"}],"curies":[{"name":"wp","href":"https:\/\/api.w.org\/{rel}","templated":true}]}}