{"id":69299,"date":"2024-03-22T16:23:21","date_gmt":"2024-03-22T15:23:21","guid":{"rendered":"https:\/\/abinox-chr-clim.com\/index.php\/product\/deshydrateur-inox-6-plateaux-buffalo\/"},"modified":"2026-03-10T11:08:19","modified_gmt":"2026-03-10T10:08:19","slug":"deshydrateur-inox-6-plateaux-buffalo","status":"publish","type":"product","link":"https:\/\/abinox-chr-clim.com\/index.php\/product\/deshydrateur-inox-6-plateaux-buffalo\/","title":{"rendered":"D\u00e9shydrateur inox 6 plateaux Buffalo"},"content":{"rendered":"<p>D\u00e9shydrateur ultra-silencieux avec flux d&rsquo;air horizontal pour emp\u00eacher les saveurs des aliments de se r\u00e9pandre aux autres plateaux.<br \/>Conception facile \u00e0 nettoyer pour gagner du temps. 6\u00a0plateaux en acier inoxydable qui optimisent la capacit\u00e9 et la flexibilit\u00e9. Le flux d&rsquo;air horizontal signifie qu&rsquo;aucune rotation du plateau n&rsquo;est n\u00e9cessaire et emp\u00eache la diffusion des odeurs. R\u00e9f\u00e9rence soumise \u00e0 une Eco-participation mobilier de 0.27\u20ac par unit\u00e9 vendue. Chaque plateau de s\u00e9chage mesure 27,5\u00a0x\u00a030\u00a0cm. Commande de la minuterie num\u00e9rique &#8211; r\u00e9glable par incr\u00e9ments de 30\u00a0minutes jusqu&rsquo;\u00e0 24 heures &#8211; d\u00e9shydratez vos aliments m\u00eame pendant la nuit. Le thermostat r\u00e9glable de 35 \u00e0 75\u00a0degr\u00e9s par incr\u00e9ments de 5\u00a0degr\u00e9s.Ventilateur ultra-silencieux &#8211; Vous pouvez utiliser le d\u00e9shydrateur \u00e0 tout moment. Conception facile \u00e0 nettoyer pour gagner du temps.<\/p>\n<p>Caract\u00e9ristiques :<br \/> Dimensions : 393(H) x 400(L) x 505(P)mm.<br \/> Mati\u00e8re : Inox<\/p>\n","protected":false},"excerpt":{"rendered":"<div><img decoding=\"async\" src=\"https:\/\/abinox-chr-clim.com\/wp-content\/uploads\/2024\/03\/abinox-garantie-1-an.webp\" width=\"150px\"\/><\/div>\n<p>D\u00e9shydrateur inox 6 plateaux Buffalo<\/p>\n","protected":false},"featured_media":87468,"comment_status":"closed","ping_status":"closed","template":"","meta":[],"product_brand":[],"product_cat":[1176,1160,1175,1297],"product_tag":[],"class_list":{"0":"post-69299","1":"product","2":"type-product","3":"status-publish","4":"has-post-thumbnail","6":"product_cat-fours-a-convection","7":"product_cat-materiel-electrique-et-de-cuisson","8":"product_cat-micro-ondes-et-fours","9":"product_cat-non-palettisable","10":"product_shipping_class-free-shipping","12":"first","13":"outofstock","14":"featured","15":"taxable","16":"shipping-taxable","17":"purchasable","18":"product-type-simple"},"_links":{"self":[{"href":"https:\/\/abinox-chr-clim.com\/index.php\/wp-json\/wp\/v2\/product\/69299","targetHints":{"allow":["GET"]}}],"collection":[{"href":"https:\/\/abinox-chr-clim.com\/index.php\/wp-json\/wp\/v2\/product"}],"about":[{"href":"https:\/\/abinox-chr-clim.com\/index.php\/wp-json\/wp\/v2\/types\/product"}],"replies":[{"embeddable":true,"href":"https:\/\/abinox-chr-clim.com\/index.php\/wp-json\/wp\/v2\/comments?post=69299"}],"wp:featuredmedia":[{"embeddable":true,"href":"https:\/\/abinox-chr-clim.com\/index.php\/wp-json\/wp\/v2\/media\/87468"}],"wp:attachment":[{"href":"https:\/\/abinox-chr-clim.com\/index.php\/wp-json\/wp\/v2\/media?parent=69299"}],"wp:term":[{"taxonomy":"product_brand","embeddable":true,"href":"https:\/\/abinox-chr-clim.com\/index.php\/wp-json\/wp\/v2\/product_brand?post=69299"},{"taxonomy":"product_cat","embeddable":true,"href":"https:\/\/abinox-chr-clim.com\/index.php\/wp-json\/wp\/v2\/product_cat?post=69299"},{"taxonomy":"product_tag","embeddable":true,"href":"https:\/\/abinox-chr-clim.com\/index.php\/wp-json\/wp\/v2\/product_tag?post=69299"}],"curies":[{"name":"wp","href":"https:\/\/api.w.org\/{rel}","templated":true}]}}