{"id":69298,"date":"2024-03-22T16:23:20","date_gmt":"2024-03-22T15:23:20","guid":{"rendered":"https:\/\/abinox-chr-clim.com\/index.php\/product\/four-a-convection-professionnel-buffalo-21l\/"},"modified":"2026-04-02T09:53:10","modified_gmt":"2026-04-02T07:53:10","slug":"four-a-convection-professionnel-buffalo-21l","status":"publish","type":"product","link":"https:\/\/abinox-chr-clim.com\/index.php\/product\/four-a-convection-professionnel-buffalo-21l\/","title":{"rendered":"Four \u00e0 convection professionnel Buffalo 21L"},"content":{"rendered":"<p>Pour la cuisson du pain, de p\u00e2tisseries ou de pommes de terre, le four \u00e0 convection puissant et fiable Buffalo 21L offre des r\u00e9sultats constants \u00e0 chaque utilisation. Avec un design compact et \u00e9l\u00e9gant et des commandes simples, le four est facile \u00e0 utiliser et id\u00e9al pour les cuisines avec un espace limit\u00e9. Porte \u00e0 double vitrage durable aidant \u00e0 r\u00e9duire les pertes de chaleur et les co\u00fbts de fonctionnement.<br \/>Minuterie : 1 &#8211; 120 minutes. La taille compacte et la capacit\u00e9 g\u00e9n\u00e9reuse de 21 litres permettent d&rsquo;\u00e9conomiser de l&rsquo;espace tout en proc\u00e9dant \u00e0 la cuisson de 3 bacs GN 1\/2. Utilise un seul ventilateur puissant pour fournir des temps de chauffe rapides. R\u00e9f\u00e9rence soumise \u00e0 une Eco-participation mobilier de 0.6\u20ac par unit\u00e9 vendue. La porte \u00e0 double vitrage am\u00e9liore la r\u00e9tention de la chaleur pour \u00e9conomiser de l&rsquo;\u00e9nergie. La cavit\u00e9 et l&rsquo;ext\u00e9rieur en acier inoxydable permettent un nettoyage facile. Grille amovible facilitant le nettoyage. Des commandes simples assurent un fonctionnement facile. Un voyant s&rsquo;allume pour indiquer quand l&rsquo;appareil est pr\u00e9chauff\u00e9. La porte en verre facilite la surveillance de vos aliments. Ce syst\u00e8me de chauffe \u00e0 circulation d&rsquo;air r\u00e9partit la chaleur uniform\u00e9ment pour une cuisson uniforme. Minuterie : 1 &#8211; 120 minutes.<\/p>\n<p>Caract\u00e9ristiques :<br \/> Dimensions : 378(H) x 475(L) x 495(P) mm.<br \/> Mati\u00e8re : Inox et verre.<br \/> Temp\u00e9rature : 50 \u00b0C \u00e0 250 \u00b0C.<br \/> Voltage : 230V.<br \/> Couleur : Acier inoxydable.<br \/> Puissance : 2100 W.<br \/> Bac GN : GN 1\/2XY.<\/p>\n","protected":false},"excerpt":{"rendered":"<div><img decoding=\"async\" src=\"https:\/\/abinox-chr-clim.com\/wp-content\/uploads\/2024\/03\/abinox-garantie-1-an.webp\" width=\"150px\"\/><\/div>\n<p>Four \u00e0 convection professionnel Buffalo 21L<\/p>\n","protected":false},"featured_media":87597,"comment_status":"closed","ping_status":"closed","template":"","meta":[],"product_brand":[],"product_cat":[1176,1160,1175,1297],"product_tag":[],"class_list":{"0":"post-69298","1":"product","2":"type-product","3":"status-publish","4":"has-post-thumbnail","6":"product_cat-fours-a-convection","7":"product_cat-materiel-electrique-et-de-cuisson","8":"product_cat-micro-ondes-et-fours","9":"product_cat-non-palettisable","10":"product_shipping_class-free-shipping","12":"first","13":"instock","14":"featured","15":"taxable","16":"shipping-taxable","17":"purchasable","18":"product-type-simple"},"_links":{"self":[{"href":"https:\/\/abinox-chr-clim.com\/index.php\/wp-json\/wp\/v2\/product\/69298","targetHints":{"allow":["GET"]}}],"collection":[{"href":"https:\/\/abinox-chr-clim.com\/index.php\/wp-json\/wp\/v2\/product"}],"about":[{"href":"https:\/\/abinox-chr-clim.com\/index.php\/wp-json\/wp\/v2\/types\/product"}],"replies":[{"embeddable":true,"href":"https:\/\/abinox-chr-clim.com\/index.php\/wp-json\/wp\/v2\/comments?post=69298"}],"wp:featuredmedia":[{"embeddable":true,"href":"https:\/\/abinox-chr-clim.com\/index.php\/wp-json\/wp\/v2\/media\/87597"}],"wp:attachment":[{"href":"https:\/\/abinox-chr-clim.com\/index.php\/wp-json\/wp\/v2\/media?parent=69298"}],"wp:term":[{"taxonomy":"product_brand","embeddable":true,"href":"https:\/\/abinox-chr-clim.com\/index.php\/wp-json\/wp\/v2\/product_brand?post=69298"},{"taxonomy":"product_cat","embeddable":true,"href":"https:\/\/abinox-chr-clim.com\/index.php\/wp-json\/wp\/v2\/product_cat?post=69298"},{"taxonomy":"product_tag","embeddable":true,"href":"https:\/\/abinox-chr-clim.com\/index.php\/wp-json\/wp\/v2\/product_tag?post=69298"}],"curies":[{"name":"wp","href":"https:\/\/api.w.org\/{rel}","templated":true}]}}