{"id":69296,"date":"2024-03-22T16:23:20","date_gmt":"2024-03-22T15:23:20","guid":{"rendered":"https:\/\/abinox-chr-clim.com\/index.php\/product\/four-a-convection-buffalo-50l\/"},"modified":"2026-04-02T09:51:05","modified_gmt":"2026-04-02T07:51:05","slug":"four-a-convection-buffalo-50l","status":"publish","type":"product","link":"https:\/\/abinox-chr-clim.com\/index.php\/product\/four-a-convection-buffalo-50l\/","title":{"rendered":"Four \u00e0 convection Buffalo 50L"},"content":{"rendered":"<p>Porte \u00e0 ouverture lat\u00e9rale avec panneau en verre. Commandes conviviales avec minuterie. Conception en acier inoxydable facile \u00e0 nettoyer. Cuisson par convection avec un seul ventilateur. Fonctionnement facile pr\u00eat \u00e0 brancher &#8211; prise 13A. Le syst\u00e8me de chauffe \u00e0 circulation d&rsquo;air distribue la chaleur uniform\u00e9ment, donnant des r\u00e9sultats uniformes. Porte double vitrage et \u00e9clairage int\u00e9rieur pour un fonctionnement s\u00fbr et \u00e9conome en \u00e9nergie. Vitre de porte int\u00e9rieure, ampoule et joints de porte rempla\u00e7ables par l&rsquo;utilisateur. Chauffe rapide. Grille et supports lat\u00e9raux amovibles. Contr\u00f4le thermostatique (50-250 \u00b0 C). Minuterie 1 \u00e0 120 minutes. Porte \u00e0 ouverture lat\u00e9rale avec panneau en verre.<\/p>\n<p>Caract\u00e9ristiques :<br \/> Capacit\u00e9 : 4x GN 2\/3.<br \/> Dimensions : 400(H) x 620(L) x 600(P) mm.<br \/> Mati\u00e8re : Inox et verre.<br \/> Temp\u00e9rature : 50 \u00b0C \u00e0 250 \u00b0C.<br \/> Voltage : 230V.<br \/> Couleur : .<br \/> Puissance : 2.5 kW.<br \/> Bac GN : GN 2\/3XY.<\/p>\n","protected":false},"excerpt":{"rendered":"<div><img decoding=\"async\" src=\"https:\/\/abinox-chr-clim.com\/wp-content\/uploads\/2024\/03\/abinox-garantie-1-an.webp\" width=\"150px\"\/><\/div>\n<p>Four \u00e0 convection Buffalo 50L<\/p>\n","protected":false},"featured_media":88944,"comment_status":"closed","ping_status":"closed","template":"","meta":[],"product_brand":[],"product_cat":[1176,1160,1175,1297],"product_tag":[],"class_list":{"0":"post-69296","1":"product","2":"type-product","3":"status-publish","4":"has-post-thumbnail","6":"product_cat-fours-a-convection","7":"product_cat-materiel-electrique-et-de-cuisson","8":"product_cat-micro-ondes-et-fours","9":"product_cat-non-palettisable","10":"product_shipping_class-free-shipping","12":"first","13":"instock","14":"featured","15":"taxable","16":"shipping-taxable","17":"purchasable","18":"product-type-simple"},"_links":{"self":[{"href":"https:\/\/abinox-chr-clim.com\/index.php\/wp-json\/wp\/v2\/product\/69296","targetHints":{"allow":["GET"]}}],"collection":[{"href":"https:\/\/abinox-chr-clim.com\/index.php\/wp-json\/wp\/v2\/product"}],"about":[{"href":"https:\/\/abinox-chr-clim.com\/index.php\/wp-json\/wp\/v2\/types\/product"}],"replies":[{"embeddable":true,"href":"https:\/\/abinox-chr-clim.com\/index.php\/wp-json\/wp\/v2\/comments?post=69296"}],"wp:featuredmedia":[{"embeddable":true,"href":"https:\/\/abinox-chr-clim.com\/index.php\/wp-json\/wp\/v2\/media\/88944"}],"wp:attachment":[{"href":"https:\/\/abinox-chr-clim.com\/index.php\/wp-json\/wp\/v2\/media?parent=69296"}],"wp:term":[{"taxonomy":"product_brand","embeddable":true,"href":"https:\/\/abinox-chr-clim.com\/index.php\/wp-json\/wp\/v2\/product_brand?post=69296"},{"taxonomy":"product_cat","embeddable":true,"href":"https:\/\/abinox-chr-clim.com\/index.php\/wp-json\/wp\/v2\/product_cat?post=69296"},{"taxonomy":"product_tag","embeddable":true,"href":"https:\/\/abinox-chr-clim.com\/index.php\/wp-json\/wp\/v2\/product_tag?post=69296"}],"curies":[{"name":"wp","href":"https:\/\/api.w.org\/{rel}","templated":true}]}}