{"id":69287,"date":"2024-03-22T16:23:16","date_gmt":"2024-03-22T15:23:16","guid":{"rendered":"https:\/\/abinox-chr-clim.com\/index.php\/product\/lave-verres-gastro-m-gw41\/"},"modified":"2026-04-02T09:15:02","modified_gmt":"2026-04-02T07:15:02","slug":"lave-verres-gastro-m-gw41","status":"publish","type":"product","link":"https:\/\/abinox-chr-clim.com\/index.php\/product\/lave-verres-gastro-m-gw41\/","title":{"rendered":"Lave-verres Gastro M GW41"},"content":{"rendered":"<p>Lave-verres \/ lave-tasses Gastro-M GW41, en acier inoxydable 18\/10, porte double paroi, commandes m\u00e9caniques, 2 cycles de lavage. Fonctionnement enti\u00e8rement automatique. R\u00e9gulation thermostatique s\u00e9par\u00e9e des \u00e9l\u00e9ments chauffants pour le lavage et rin\u00e7age. Bras de lavage et de rin\u00e7age s\u00e9par\u00e9s en acier inox. Raccord eau 3\/4&Prime;. Fourni avec 2 paniers 40x40cm, 1 support soucoupes et 1 godet \u00e0 couverts.Vidange par gravit\u00e9 (la machine doit \u00eatre sur\u00e9lev\u00e9e par rapport \u00e0 la machine). Une pompe de vidange peut \u00eatre achet\u00e9e s\u00e9par\u00e9ment (code AG407).<br \/>Acier inoxydable 18\/10 Aisi 304. 2 cycles de lavage automatiques. Casier 40&#215;40. R\u00e9f\u00e9rence soumise \u00e0 une Eco-participation mobilier de 0.15\u20ac par unit\u00e9 vendue. Consommation d&rsquo;eau 2,2 litres par cycle. 20\/30 casiers par heure. Doseur produit de rin\u00e7age int\u00e9gr\u00e9.Hauteur max pour les soucoupes\/tasses et verres 280mm. R\u00e9f\u00e9rence soumise \u00e0 une Eco-participation DEEE de 0,90\u20ac par unit\u00e9 vendue. Acier inoxydable 18\/10 Aisi 304.<\/p>\n<p>Caract\u00e9ristiques :<br \/> Dimensions : 700(H) x 480(L) x 520(P) mm.<br \/> Mati\u00e8re : Inox.<br \/> Voltage : 230V.<br \/> Couleur : Acier inoxydable.<\/p>\n","protected":false},"excerpt":{"rendered":"<div><img decoding=\"async\" src=\"https:\/\/abinox-chr-clim.com\/wp-content\/uploads\/2024\/03\/abinox-garantie-1-an.webp\" width=\"150px\"\/><\/div>\n<p>Lave-verres Gastro M GW41<\/p>\n","protected":false},"featured_media":102788,"comment_status":"closed","ping_status":"closed","template":"","meta":[],"product_brand":[],"product_cat":[1174,1171,1160,1296],"product_tag":[],"class_list":{"0":"post-69287","1":"product","2":"type-product","3":"status-publish","4":"has-post-thumbnail","6":"product_cat-lave-vaisselle-et-lave-verres","7":"product_cat-laverie","8":"product_cat-materiel-electrique-et-de-cuisson","9":"product_cat-palettisable","11":"first","12":"instock","13":"featured","14":"taxable","15":"shipping-taxable","16":"purchasable","17":"product-type-simple"},"_links":{"self":[{"href":"https:\/\/abinox-chr-clim.com\/index.php\/wp-json\/wp\/v2\/product\/69287","targetHints":{"allow":["GET"]}}],"collection":[{"href":"https:\/\/abinox-chr-clim.com\/index.php\/wp-json\/wp\/v2\/product"}],"about":[{"href":"https:\/\/abinox-chr-clim.com\/index.php\/wp-json\/wp\/v2\/types\/product"}],"replies":[{"embeddable":true,"href":"https:\/\/abinox-chr-clim.com\/index.php\/wp-json\/wp\/v2\/comments?post=69287"}],"wp:featuredmedia":[{"embeddable":true,"href":"https:\/\/abinox-chr-clim.com\/index.php\/wp-json\/wp\/v2\/media\/102788"}],"wp:attachment":[{"href":"https:\/\/abinox-chr-clim.com\/index.php\/wp-json\/wp\/v2\/media?parent=69287"}],"wp:term":[{"taxonomy":"product_brand","embeddable":true,"href":"https:\/\/abinox-chr-clim.com\/index.php\/wp-json\/wp\/v2\/product_brand?post=69287"},{"taxonomy":"product_cat","embeddable":true,"href":"https:\/\/abinox-chr-clim.com\/index.php\/wp-json\/wp\/v2\/product_cat?post=69287"},{"taxonomy":"product_tag","embeddable":true,"href":"https:\/\/abinox-chr-clim.com\/index.php\/wp-json\/wp\/v2\/product_tag?post=69287"}],"curies":[{"name":"wp","href":"https:\/\/api.w.org\/{rel}","templated":true}]}}