{"id":69286,"date":"2024-03-22T16:23:16","date_gmt":"2024-03-22T15:23:16","guid":{"rendered":"https:\/\/abinox-chr-clim.com\/index.php\/product\/lave-vaisselle-gastro-m-alfa-1200\/"},"modified":"2026-04-02T09:56:52","modified_gmt":"2026-04-02T07:56:52","slug":"lave-vaisselle-gastro-m-alfa-1200","status":"publish","type":"product","link":"https:\/\/abinox-chr-clim.com\/index.php\/product\/lave-vaisselle-gastro-m-alfa-1200\/","title":{"rendered":"Lave-vaisselle Gastro-M Alfa 1200"},"content":{"rendered":"<p>ALFA 1200 est un lave-vaisselle \u00e0 commande num\u00e9rique tr\u00e8s r\u00e9sistant, id\u00e9al pour les r\u00e9cipients GN et 600x400mm. Sa conception et ses multiples fonctions vous faciliteront la vie. Lave-vaisselle adapt\u00e9 pour tous les ustensiles et la vaisselle, garantissant une efficacit\u00e9 maximale, des normes d&rsquo;hygi\u00e8ne et de s\u00e9curit\u00e9 \u00e9lev\u00e9es.<br \/>D\u00e9gagement de la porte 400 mm. Casier 500 x 600 mm. Corps et porte double \u00e9paisseur. Pompe \u00e0 d\u00e9tergent p\u00e9ristaltique standard. Pompe de rin\u00e7age p\u00e9ristaltique standard. Pompe de vidange standard. Autodiagnostic standard. Thermom\u00e8tre de chaudi\u00e8re et thermom\u00e8tre de cuve num\u00e9riques standard. S\u00e9lection de 3 cycles de lavage 60 \/ 120 \/ 180s.D\u00e9gagement de la porte 400 mm.<\/p>\n<p>Caract\u00e9ristiques :<br \/> Dimensions : 1340(H) x 595(L) x 730(P) mm 1267(P)mm porte ouverte.<br \/> Mati\u00e8re : .<br \/> Voltage : 400V.<br \/> Couleur : Acier inoxydable.<br \/> Puissance : 7.1 kW.<\/p>\n","protected":false},"excerpt":{"rendered":"<div><img decoding=\"async\" src=\"https:\/\/abinox-chr-clim.com\/wp-content\/uploads\/2024\/03\/abinox-garantie-1-an.webp\" width=\"150px\"\/><\/div>\n<p>Lave-vaisselle Gastro-M Alfa 1200<\/p>\n","protected":false},"featured_media":93396,"comment_status":"closed","ping_status":"closed","template":"","meta":[],"product_brand":[],"product_cat":[1174,1171,1160,1296],"product_tag":[],"class_list":{"0":"post-69286","1":"product","2":"type-product","3":"status-publish","4":"has-post-thumbnail","6":"product_cat-lave-vaisselle-et-lave-verres","7":"product_cat-laverie","8":"product_cat-materiel-electrique-et-de-cuisson","9":"product_cat-palettisable","11":"first","12":"instock","13":"featured","14":"taxable","15":"shipping-taxable","16":"purchasable","17":"product-type-simple"},"_links":{"self":[{"href":"https:\/\/abinox-chr-clim.com\/index.php\/wp-json\/wp\/v2\/product\/69286","targetHints":{"allow":["GET"]}}],"collection":[{"href":"https:\/\/abinox-chr-clim.com\/index.php\/wp-json\/wp\/v2\/product"}],"about":[{"href":"https:\/\/abinox-chr-clim.com\/index.php\/wp-json\/wp\/v2\/types\/product"}],"replies":[{"embeddable":true,"href":"https:\/\/abinox-chr-clim.com\/index.php\/wp-json\/wp\/v2\/comments?post=69286"}],"wp:featuredmedia":[{"embeddable":true,"href":"https:\/\/abinox-chr-clim.com\/index.php\/wp-json\/wp\/v2\/media\/93396"}],"wp:attachment":[{"href":"https:\/\/abinox-chr-clim.com\/index.php\/wp-json\/wp\/v2\/media?parent=69286"}],"wp:term":[{"taxonomy":"product_brand","embeddable":true,"href":"https:\/\/abinox-chr-clim.com\/index.php\/wp-json\/wp\/v2\/product_brand?post=69286"},{"taxonomy":"product_cat","embeddable":true,"href":"https:\/\/abinox-chr-clim.com\/index.php\/wp-json\/wp\/v2\/product_cat?post=69286"},{"taxonomy":"product_tag","embeddable":true,"href":"https:\/\/abinox-chr-clim.com\/index.php\/wp-json\/wp\/v2\/product_tag?post=69286"}],"curies":[{"name":"wp","href":"https:\/\/api.w.org\/{rel}","templated":true}]}}