{"id":69283,"date":"2024-03-22T16:23:15","date_gmt":"2024-03-22T15:23:15","guid":{"rendered":"https:\/\/abinox-chr-clim.com\/index.php\/product\/lave-vaisselle-maestro-gastro-m-50x50-230v-avec-pompe-de-vidange-doseur-detergent-et-break-tank\/"},"modified":"2026-04-02T09:31:02","modified_gmt":"2026-04-02T07:31:02","slug":"lave-vaisselle-maestro-gastro-m-50x50-230v-avec-pompe-de-vidange-doseur-detergent-et-break-tank","status":"publish","type":"product","link":"https:\/\/abinox-chr-clim.com\/index.php\/product\/lave-vaisselle-maestro-gastro-m-50x50-230v-avec-pompe-de-vidange-doseur-detergent-et-break-tank\/","title":{"rendered":"Lave-vaisselle Maestro Gastro M 50&#215;50 230V avec pompe de vidange doseur d\u00e9tergent et break tank"},"content":{"rendered":"<p>Lave-vaisselle en acier inoxydable, destin\u00e9s aux professionnels de la restauration. Ces machines haut de gamme sont toutes \u00e9quip\u00e9es de cuves embouties et sondes thermostatiques. Options suppl\u00e9mentaires disponibles selon mod\u00e8les.<br \/>Pompe de vidange IP44. Doseur d\u00e9tergent. Break tank (r\u00e9servoir). R\u00e9f\u00e9rence soumise \u00e0 une Eco-participation mobilier de 0.24\u20ac par unit\u00e9 vendue. Cycles de lavage de 60\/120\/180 secondes. Porte double paroi. Bras d\u00e9montables. Facile \u00e0 nettoyer. Enti\u00e8rement en acier inoxydable AISI 304. Silencieux. Hauteur de charge maximum des assiettes, tasses et verres 34cm. Panneau de commande \u00e9lectronique. Pompe de vidange IP44.<\/p>\n<p>Caract\u00e9ristiques :<br \/> Dimensions : 830(H) x 600(L) x 570(P) mm.<br \/> Mati\u00e8re : Acier inoxydable AISI 304.<br \/> Sortie : 3.6 kW.<br \/> Voltage : 230V<\/p>\n","protected":false},"excerpt":{"rendered":"<div><img decoding=\"async\" src=\"https:\/\/abinox-chr-clim.com\/wp-content\/uploads\/2024\/03\/abinox-garantie-1-an.webp\" width=\"150px\"\/><\/div>\n<p>Lave-vaisselle Maestro Gastro M 50&#215;50 230V avec pompe de vidange doseur d\u00e9tergent et break tank<\/p>\n","protected":false},"featured_media":103099,"comment_status":"closed","ping_status":"closed","template":"","meta":[],"product_brand":[],"product_cat":[1174,1171,1160,1296],"product_tag":[],"class_list":{"0":"post-69283","1":"product","2":"type-product","3":"status-publish","4":"has-post-thumbnail","6":"product_cat-lave-vaisselle-et-lave-verres","7":"product_cat-laverie","8":"product_cat-materiel-electrique-et-de-cuisson","9":"product_cat-palettisable","11":"first","12":"instock","13":"featured","14":"taxable","15":"shipping-taxable","16":"purchasable","17":"product-type-simple"},"_links":{"self":[{"href":"https:\/\/abinox-chr-clim.com\/index.php\/wp-json\/wp\/v2\/product\/69283","targetHints":{"allow":["GET"]}}],"collection":[{"href":"https:\/\/abinox-chr-clim.com\/index.php\/wp-json\/wp\/v2\/product"}],"about":[{"href":"https:\/\/abinox-chr-clim.com\/index.php\/wp-json\/wp\/v2\/types\/product"}],"replies":[{"embeddable":true,"href":"https:\/\/abinox-chr-clim.com\/index.php\/wp-json\/wp\/v2\/comments?post=69283"}],"wp:featuredmedia":[{"embeddable":true,"href":"https:\/\/abinox-chr-clim.com\/index.php\/wp-json\/wp\/v2\/media\/103099"}],"wp:attachment":[{"href":"https:\/\/abinox-chr-clim.com\/index.php\/wp-json\/wp\/v2\/media?parent=69283"}],"wp:term":[{"taxonomy":"product_brand","embeddable":true,"href":"https:\/\/abinox-chr-clim.com\/index.php\/wp-json\/wp\/v2\/product_brand?post=69283"},{"taxonomy":"product_cat","embeddable":true,"href":"https:\/\/abinox-chr-clim.com\/index.php\/wp-json\/wp\/v2\/product_cat?post=69283"},{"taxonomy":"product_tag","embeddable":true,"href":"https:\/\/abinox-chr-clim.com\/index.php\/wp-json\/wp\/v2\/product_tag?post=69283"}],"curies":[{"name":"wp","href":"https:\/\/api.w.org\/{rel}","templated":true}]}}