{"id":69280,"date":"2024-03-22T16:23:14","date_gmt":"2024-03-22T15:23:14","guid":{"rendered":"https:\/\/abinox-chr-clim.com\/index.php\/product\/lave-vaisselle-maestro-gastro-m-50x50-400v-modele-standard\/"},"modified":"2026-04-02T09:30:59","modified_gmt":"2026-04-02T07:30:59","slug":"lave-vaisselle-maestro-gastro-m-50x50-400v-modele-standard","status":"publish","type":"product","link":"https:\/\/abinox-chr-clim.com\/index.php\/product\/lave-vaisselle-maestro-gastro-m-50x50-400v-modele-standard\/","title":{"rendered":"Lave-vaisselle Maestro Gastro M 50&#215;50 400V mod\u00e8le standard"},"content":{"rendered":"<p>Lave-vaisselle en acier inoxydable, destin\u00e9s aux professionnels de la restauration. Ces machines haut de gamme sont toutes \u00e9quip\u00e9es de cuves embouties et sondes thermostatiques. Options suppl\u00e9mentaires disponibles selon mod\u00e8les.<br \/>Cycle de lavage 120 secondes. Porte double paroi. Bras d\u00e9montables. R\u00e9f\u00e9rence soumise \u00e0 une Eco-participation mobilier de 0.21\u20ac par unit\u00e9 vendue. Enti\u00e8rement en acier inoxydable AISI 304. Silencieux. Hauteur maximum des assiettes, tasses et verres 34cm.Facile \u00e0 nettoyer. Cycle de lavage 120 secondes.<\/p>\n<p>Caract\u00e9ristiques :<br \/> Dimensions : 830(H) x 600(L) x 570(P) mm.<br \/> Mati\u00e8re : Acier inoxydable AISI 304.<br \/> Sortie : 6.6 kW.<br \/> Voltage : 400V<\/p>\n","protected":false},"excerpt":{"rendered":"<div><img decoding=\"async\" src=\"https:\/\/abinox-chr-clim.com\/wp-content\/uploads\/2024\/03\/abinox-garantie-1-an.webp\" width=\"150px\"\/><\/div>\n<p>Lave-vaisselle Maestro Gastro M 50&#215;50 400V mod\u00e8le standard<\/p>\n","protected":false},"featured_media":103098,"comment_status":"closed","ping_status":"closed","template":"","meta":[],"product_brand":[],"product_cat":[1174,1171,1160,1296],"product_tag":[],"class_list":{"0":"post-69280","1":"product","2":"type-product","3":"status-publish","4":"has-post-thumbnail","6":"product_cat-lave-vaisselle-et-lave-verres","7":"product_cat-laverie","8":"product_cat-materiel-electrique-et-de-cuisson","9":"product_cat-palettisable","11":"first","12":"instock","13":"featured","14":"taxable","15":"shipping-taxable","16":"purchasable","17":"product-type-simple"},"_links":{"self":[{"href":"https:\/\/abinox-chr-clim.com\/index.php\/wp-json\/wp\/v2\/product\/69280","targetHints":{"allow":["GET"]}}],"collection":[{"href":"https:\/\/abinox-chr-clim.com\/index.php\/wp-json\/wp\/v2\/product"}],"about":[{"href":"https:\/\/abinox-chr-clim.com\/index.php\/wp-json\/wp\/v2\/types\/product"}],"replies":[{"embeddable":true,"href":"https:\/\/abinox-chr-clim.com\/index.php\/wp-json\/wp\/v2\/comments?post=69280"}],"wp:featuredmedia":[{"embeddable":true,"href":"https:\/\/abinox-chr-clim.com\/index.php\/wp-json\/wp\/v2\/media\/103098"}],"wp:attachment":[{"href":"https:\/\/abinox-chr-clim.com\/index.php\/wp-json\/wp\/v2\/media?parent=69280"}],"wp:term":[{"taxonomy":"product_brand","embeddable":true,"href":"https:\/\/abinox-chr-clim.com\/index.php\/wp-json\/wp\/v2\/product_brand?post=69280"},{"taxonomy":"product_cat","embeddable":true,"href":"https:\/\/abinox-chr-clim.com\/index.php\/wp-json\/wp\/v2\/product_cat?post=69280"},{"taxonomy":"product_tag","embeddable":true,"href":"https:\/\/abinox-chr-clim.com\/index.php\/wp-json\/wp\/v2\/product_tag?post=69280"}],"curies":[{"name":"wp","href":"https:\/\/api.w.org\/{rel}","templated":true}]}}