{"id":69268,"date":"2024-03-22T16:23:04","date_gmt":"2024-03-22T15:23:04","guid":{"rendered":"https:\/\/abinox-chr-clim.com\/index.php\/product\/support-inox-pour-assiettes-vogue-915-mm\/"},"modified":"2026-04-02T09:00:24","modified_gmt":"2026-04-02T07:00:24","slug":"support-inox-pour-assiettes-vogue-915-mm","status":"publish","type":"product","link":"https:\/\/abinox-chr-clim.com\/index.php\/product\/support-inox-pour-assiettes-vogue-915-mm\/","title":{"rendered":"Support inox pour assiettes Vogue 915 mm"},"content":{"rendered":"<p>Support \u00e0 poser ou fixer au mur tout inox. Disponible en deux tailles. Supports d&rsquo;extr\u00e9mit\u00e9 vendus s\u00e9par\u00e9ment.<br \/>. Lots de fixations vendus s\u00e9par\u00e9ment (L442). Utilisation id\u00e9ale avec les supports d&rsquo;extr\u00eamit\u00e9 (L442). .<\/p>\n<p>Caract\u00e9ristiques :<br \/> Dimensions : 80(H) x 320(L) x 915(P) mm.<br \/> Mati\u00e8re : Acier inoxydable.<br \/> Couleur : Acier inoxydable.<\/p>\n","protected":false},"excerpt":{"rendered":"<div><img decoding=\"async\" src=\"https:\/\/abinox-chr-clim.com\/wp-content\/uploads\/2024\/03\/abinox-garantie-1-an.webp\" width=\"150px\"\/><\/div>\n<p>Support inox pour assiettes Vogue 915 mm<\/p>\n","protected":false},"featured_media":104728,"comment_status":"closed","ping_status":"closed","template":"","meta":[],"product_brand":[],"product_cat":[1172,1171,1160,1297],"product_tag":[],"class_list":{"0":"post-69268","1":"product","2":"type-product","3":"status-publish","4":"has-post-thumbnail","6":"product_cat-casiers-de-lavage","7":"product_cat-laverie","8":"product_cat-materiel-electrique-et-de-cuisson","9":"product_cat-non-palettisable","10":"product_shipping_class-free-shipping","12":"first","13":"instock","14":"featured","15":"taxable","16":"shipping-taxable","17":"purchasable","18":"product-type-simple"},"_links":{"self":[{"href":"https:\/\/abinox-chr-clim.com\/index.php\/wp-json\/wp\/v2\/product\/69268","targetHints":{"allow":["GET"]}}],"collection":[{"href":"https:\/\/abinox-chr-clim.com\/index.php\/wp-json\/wp\/v2\/product"}],"about":[{"href":"https:\/\/abinox-chr-clim.com\/index.php\/wp-json\/wp\/v2\/types\/product"}],"replies":[{"embeddable":true,"href":"https:\/\/abinox-chr-clim.com\/index.php\/wp-json\/wp\/v2\/comments?post=69268"}],"wp:featuredmedia":[{"embeddable":true,"href":"https:\/\/abinox-chr-clim.com\/index.php\/wp-json\/wp\/v2\/media\/104728"}],"wp:attachment":[{"href":"https:\/\/abinox-chr-clim.com\/index.php\/wp-json\/wp\/v2\/media?parent=69268"}],"wp:term":[{"taxonomy":"product_brand","embeddable":true,"href":"https:\/\/abinox-chr-clim.com\/index.php\/wp-json\/wp\/v2\/product_brand?post=69268"},{"taxonomy":"product_cat","embeddable":true,"href":"https:\/\/abinox-chr-clim.com\/index.php\/wp-json\/wp\/v2\/product_cat?post=69268"},{"taxonomy":"product_tag","embeddable":true,"href":"https:\/\/abinox-chr-clim.com\/index.php\/wp-json\/wp\/v2\/product_tag?post=69268"}],"curies":[{"name":"wp","href":"https:\/\/api.w.org\/{rel}","templated":true}]}}