{"id":69267,"date":"2024-03-22T16:23:04","date_gmt":"2024-03-22T15:23:04","guid":{"rendered":"https:\/\/abinox-chr-clim.com\/index.php\/product\/casier-de-lavage-pour-couverts-vogue\/"},"modified":"2026-04-02T08:59:22","modified_gmt":"2026-04-02T06:59:22","slug":"casier-de-lavage-pour-couverts-vogue","status":"publish","type":"product","link":"https:\/\/abinox-chr-clim.com\/index.php\/product\/casier-de-lavage-pour-couverts-vogue\/","title":{"rendered":"Casier de lavage pour couverts Vogue"},"content":{"rendered":"<p>Grille de fond pour la libre circulation de l&rsquo;eau et de l&rsquo;air. Id\u00e9ale pour les ustensiles, les ramequins et autres articles de petite taille.<br \/>Quadrillage serr\u00e9 pour laisser passer l&rsquo;eau et l&rsquo;air mais pas les petits objets. Id\u00e9al pour les couverts, les ramequins et les petits ustensiles.R\u00e9sultats de lavage optimum. Temps de s\u00e9chage rapide. Parfait pour les ustensiles, ramequins et autres petits articles.  Quadrillage serr\u00e9 pour laisser passer l&rsquo;eau et l&rsquo;air mais pas les petits objets. Id\u00e9al pour les couverts, les ramequins et les petits ustensiles. .<br \/> Caract\u00e9ristiques :<br \/> Dimensions : 100(H) x 500(L) x 500(P) mm.<br \/> Mati\u00e8re : .<br \/> Couleur : Gris.<\/p>\n","protected":false},"excerpt":{"rendered":"<div><img decoding=\"async\" src=\"https:\/\/abinox-chr-clim.com\/wp-content\/uploads\/2024\/03\/abinox-garantie-1-an.webp\" width=\"150px\"\/><\/div>\n<p>Casier de lavage pour couverts Vogue<\/p>\n","protected":false},"featured_media":104637,"comment_status":"closed","ping_status":"closed","template":"","meta":[],"product_brand":[],"product_cat":[1172,1171,1160,1297],"product_tag":[],"class_list":{"0":"post-69267","1":"product","2":"type-product","3":"status-publish","4":"has-post-thumbnail","6":"product_cat-casiers-de-lavage","7":"product_cat-laverie","8":"product_cat-materiel-electrique-et-de-cuisson","9":"product_cat-non-palettisable","10":"product_shipping_class-free-shipping","12":"first","13":"instock","14":"featured","15":"taxable","16":"shipping-taxable","17":"purchasable","18":"product-type-simple"},"_links":{"self":[{"href":"https:\/\/abinox-chr-clim.com\/index.php\/wp-json\/wp\/v2\/product\/69267","targetHints":{"allow":["GET"]}}],"collection":[{"href":"https:\/\/abinox-chr-clim.com\/index.php\/wp-json\/wp\/v2\/product"}],"about":[{"href":"https:\/\/abinox-chr-clim.com\/index.php\/wp-json\/wp\/v2\/types\/product"}],"replies":[{"embeddable":true,"href":"https:\/\/abinox-chr-clim.com\/index.php\/wp-json\/wp\/v2\/comments?post=69267"}],"wp:featuredmedia":[{"embeddable":true,"href":"https:\/\/abinox-chr-clim.com\/index.php\/wp-json\/wp\/v2\/media\/104637"}],"wp:attachment":[{"href":"https:\/\/abinox-chr-clim.com\/index.php\/wp-json\/wp\/v2\/media?parent=69267"}],"wp:term":[{"taxonomy":"product_brand","embeddable":true,"href":"https:\/\/abinox-chr-clim.com\/index.php\/wp-json\/wp\/v2\/product_brand?post=69267"},{"taxonomy":"product_cat","embeddable":true,"href":"https:\/\/abinox-chr-clim.com\/index.php\/wp-json\/wp\/v2\/product_cat?post=69267"},{"taxonomy":"product_tag","embeddable":true,"href":"https:\/\/abinox-chr-clim.com\/index.php\/wp-json\/wp\/v2\/product_tag?post=69267"}],"curies":[{"name":"wp","href":"https:\/\/api.w.org\/{rel}","templated":true}]}}