{"id":69265,"date":"2024-03-22T16:23:03","date_gmt":"2024-03-22T15:23:03","guid":{"rendered":"https:\/\/abinox-chr-clim.com\/index.php\/product\/casier-de-lavage-ouvert-pour-tasses-vogue\/"},"modified":"2026-04-02T08:59:21","modified_gmt":"2026-04-02T06:59:21","slug":"casier-de-lavage-ouvert-pour-tasses-vogue","status":"publish","type":"product","link":"https:\/\/abinox-chr-clim.com\/index.php\/product\/casier-de-lavage-ouvert-pour-tasses-vogue\/","title":{"rendered":"Casier de lavage ouvert pour tasses Vogue"},"content":{"rendered":"<p>Casier solide ajour\u00e9 au fond. Id\u00e9al pour tous les grands plats, r\u00e9cipients et tasses.<br \/>Lave les tasses, la vaisselle et les r\u00e9cipients en une seule fois, id\u00e9al pour une utilisation commerciale. Coins arrondis. Coins arrondis pour un fonctionnement en douceur. R\u00e9sultats de nettoyage sup\u00e9rieurs pour garantir l&rsquo;hygi\u00e8ne. Grille inf\u00e9rieure ouverte pour un s\u00e9chage rapide.  Lave les tasses, la vaisselle et les r\u00e9cipients en une seule fois, id\u00e9al pour une utilisation commerciale.<\/p>\n<p>Caract\u00e9ristiques :<br \/> Dimensions : 500 x 500mm.<br \/> Mati\u00e8re : .<br \/> Couleur : Gris.<\/p>\n","protected":false},"excerpt":{"rendered":"<div><img decoding=\"async\" src=\"https:\/\/abinox-chr-clim.com\/wp-content\/uploads\/2024\/03\/abinox-garantie-1-an.webp\" width=\"150px\"\/><\/div>\n<p>Casier de lavage ouvert pour tasses Vogue<\/p>\n","protected":false},"featured_media":104635,"comment_status":"closed","ping_status":"closed","template":"","meta":[],"product_brand":[],"product_cat":[1172,1171,1160,1297],"product_tag":[],"class_list":{"0":"post-69265","1":"product","2":"type-product","3":"status-publish","4":"has-post-thumbnail","6":"product_cat-casiers-de-lavage","7":"product_cat-laverie","8":"product_cat-materiel-electrique-et-de-cuisson","9":"product_cat-non-palettisable","10":"product_shipping_class-free-shipping","12":"first","13":"instock","14":"featured","15":"taxable","16":"shipping-taxable","17":"purchasable","18":"product-type-simple"},"_links":{"self":[{"href":"https:\/\/abinox-chr-clim.com\/index.php\/wp-json\/wp\/v2\/product\/69265","targetHints":{"allow":["GET"]}}],"collection":[{"href":"https:\/\/abinox-chr-clim.com\/index.php\/wp-json\/wp\/v2\/product"}],"about":[{"href":"https:\/\/abinox-chr-clim.com\/index.php\/wp-json\/wp\/v2\/types\/product"}],"replies":[{"embeddable":true,"href":"https:\/\/abinox-chr-clim.com\/index.php\/wp-json\/wp\/v2\/comments?post=69265"}],"wp:featuredmedia":[{"embeddable":true,"href":"https:\/\/abinox-chr-clim.com\/index.php\/wp-json\/wp\/v2\/media\/104635"}],"wp:attachment":[{"href":"https:\/\/abinox-chr-clim.com\/index.php\/wp-json\/wp\/v2\/media?parent=69265"}],"wp:term":[{"taxonomy":"product_brand","embeddable":true,"href":"https:\/\/abinox-chr-clim.com\/index.php\/wp-json\/wp\/v2\/product_brand?post=69265"},{"taxonomy":"product_cat","embeddable":true,"href":"https:\/\/abinox-chr-clim.com\/index.php\/wp-json\/wp\/v2\/product_cat?post=69265"},{"taxonomy":"product_tag","embeddable":true,"href":"https:\/\/abinox-chr-clim.com\/index.php\/wp-json\/wp\/v2\/product_tag?post=69265"}],"curies":[{"name":"wp","href":"https:\/\/api.w.org\/{rel}","templated":true}]}}