{"id":69256,"date":"2024-03-22T16:22:59","date_gmt":"2024-03-22T15:22:59","guid":{"rendered":"https:\/\/abinox-chr-clim.com\/index.php\/product\/casier-a-verres-25-compartiments-vogue\/"},"modified":"2026-04-02T08:45:38","modified_gmt":"2026-04-02T06:45:38","slug":"casier-a-verres-25-compartiments-vogue","status":"publish","type":"product","link":"https:\/\/abinox-chr-clim.com\/index.php\/product\/casier-a-verres-25-compartiments-vogue\/","title":{"rendered":"Casier \u00e0 verres 25 compartiments Vogue"},"content":{"rendered":"<p>Casiers \u00e0 verres ou tasses \u00e0 compartiments, pour r\u00e9duire les \u00e9clats et la casse. Rehausses optionnelles disponibles pour les verres plus haut, ajoutant environ 45mm(H). 100(H) x 500(L) x 500(P)mm.<br \/>Pour verres et tasses. 25 compartiments. Les compartiments permettent d&rsquo;\u00e9viter casse et rayures. Casier rehausseur F617 vendu s\u00e9par\u00e9ment.Diam\u00e8tre maximum des verres 86 mm.Hauteur maximum des verres 80 mm.Pour les verres plus grands ajoutez le casier rehausseur F617 facile \u00e0 enclencher, vendu s\u00e9par\u00e9ment. Pour verres et tasses.<\/p>\n<p>Caract\u00e9ristiques :<br \/> Capacit\u00e9 : 25.<br \/> Dimensions : 100(H) x 500(L) x 500(P) mm.<br \/> Mati\u00e8re : Plastique.<br \/> Couleur : Gris.<\/p>\n","protected":false},"excerpt":{"rendered":"<div><img decoding=\"async\" src=\"https:\/\/abinox-chr-clim.com\/wp-content\/uploads\/2024\/03\/abinox-garantie-1-an.webp\" width=\"150px\"\/><\/div>\n<p>Casier \u00e0 verres 25 compartiments Vogue<\/p>\n","protected":false},"featured_media":95388,"comment_status":"closed","ping_status":"closed","template":"","meta":[],"product_brand":[],"product_cat":[1172,1171,1160,1297],"product_tag":[],"class_list":{"0":"post-69256","1":"product","2":"type-product","3":"status-publish","4":"has-post-thumbnail","6":"product_cat-casiers-de-lavage","7":"product_cat-laverie","8":"product_cat-materiel-electrique-et-de-cuisson","9":"product_cat-non-palettisable","10":"product_shipping_class-free-shipping","12":"first","13":"instock","14":"featured","15":"taxable","16":"shipping-taxable","17":"purchasable","18":"product-type-simple"},"_links":{"self":[{"href":"https:\/\/abinox-chr-clim.com\/index.php\/wp-json\/wp\/v2\/product\/69256","targetHints":{"allow":["GET"]}}],"collection":[{"href":"https:\/\/abinox-chr-clim.com\/index.php\/wp-json\/wp\/v2\/product"}],"about":[{"href":"https:\/\/abinox-chr-clim.com\/index.php\/wp-json\/wp\/v2\/types\/product"}],"replies":[{"embeddable":true,"href":"https:\/\/abinox-chr-clim.com\/index.php\/wp-json\/wp\/v2\/comments?post=69256"}],"wp:featuredmedia":[{"embeddable":true,"href":"https:\/\/abinox-chr-clim.com\/index.php\/wp-json\/wp\/v2\/media\/95388"}],"wp:attachment":[{"href":"https:\/\/abinox-chr-clim.com\/index.php\/wp-json\/wp\/v2\/media?parent=69256"}],"wp:term":[{"taxonomy":"product_brand","embeddable":true,"href":"https:\/\/abinox-chr-clim.com\/index.php\/wp-json\/wp\/v2\/product_brand?post=69256"},{"taxonomy":"product_cat","embeddable":true,"href":"https:\/\/abinox-chr-clim.com\/index.php\/wp-json\/wp\/v2\/product_cat?post=69256"},{"taxonomy":"product_tag","embeddable":true,"href":"https:\/\/abinox-chr-clim.com\/index.php\/wp-json\/wp\/v2\/product_tag?post=69256"}],"curies":[{"name":"wp","href":"https:\/\/api.w.org\/{rel}","templated":true}]}}