{"id":69255,"date":"2024-03-22T16:22:59","date_gmt":"2024-03-22T15:22:59","guid":{"rendered":"https:\/\/abinox-chr-clim.com\/index.php\/product\/casier-a-verres-16-compartiments-vogue\/"},"modified":"2026-04-02T08:45:37","modified_gmt":"2026-04-02T06:45:37","slug":"casier-a-verres-16-compartiments-vogue","status":"publish","type":"product","link":"https:\/\/abinox-chr-clim.com\/index.php\/product\/casier-a-verres-16-compartiments-vogue\/","title":{"rendered":"Casier \u00e0 verres 16 compartiments Vogue"},"content":{"rendered":"<p>Casiers \u00e0 verres ou tasses \u00e0 compartiments, pour r\u00e9duire les \u00e9clats et la casse. Rehausses optionnelles disponibles pour les verres plus haut, ajoutant environ 45mm(H). 100(H) x 500(L) x 500(P)mm.<br \/>Pour verres et tasses. 16 compartiments. Les compartiments permettent d&rsquo;\u00e9viter casse et rayures. Casier rehausseur F616 vendu s\u00e9par\u00e9ment.Empilable.Pour verres et tasses.<\/p>\n<p>Caract\u00e9ristiques :<br \/> Capacit\u00e9 : 16.<br \/> Dimensions : 100(H) x 500(L) x 500(P) mm.<br \/> Mati\u00e8re : Plastique.<br \/> Couleur : Gris.<\/p>\n","protected":false},"excerpt":{"rendered":"<div><img decoding=\"async\" src=\"https:\/\/abinox-chr-clim.com\/wp-content\/uploads\/2024\/03\/abinox-garantie-1-an.webp\" width=\"150px\"\/><\/div>\n<p>Casier \u00e0 verres 16 compartiments Vogue<\/p>\n","protected":false},"featured_media":95392,"comment_status":"closed","ping_status":"closed","template":"","meta":[],"product_brand":[],"product_cat":[1172,1171,1160,1297],"product_tag":[],"class_list":{"0":"post-69255","1":"product","2":"type-product","3":"status-publish","4":"has-post-thumbnail","6":"product_cat-casiers-de-lavage","7":"product_cat-laverie","8":"product_cat-materiel-electrique-et-de-cuisson","9":"product_cat-non-palettisable","10":"product_shipping_class-free-shipping","12":"first","13":"instock","14":"featured","15":"taxable","16":"shipping-taxable","17":"purchasable","18":"product-type-simple"},"_links":{"self":[{"href":"https:\/\/abinox-chr-clim.com\/index.php\/wp-json\/wp\/v2\/product\/69255","targetHints":{"allow":["GET"]}}],"collection":[{"href":"https:\/\/abinox-chr-clim.com\/index.php\/wp-json\/wp\/v2\/product"}],"about":[{"href":"https:\/\/abinox-chr-clim.com\/index.php\/wp-json\/wp\/v2\/types\/product"}],"replies":[{"embeddable":true,"href":"https:\/\/abinox-chr-clim.com\/index.php\/wp-json\/wp\/v2\/comments?post=69255"}],"wp:featuredmedia":[{"embeddable":true,"href":"https:\/\/abinox-chr-clim.com\/index.php\/wp-json\/wp\/v2\/media\/95392"}],"wp:attachment":[{"href":"https:\/\/abinox-chr-clim.com\/index.php\/wp-json\/wp\/v2\/media?parent=69255"}],"wp:term":[{"taxonomy":"product_brand","embeddable":true,"href":"https:\/\/abinox-chr-clim.com\/index.php\/wp-json\/wp\/v2\/product_brand?post=69255"},{"taxonomy":"product_cat","embeddable":true,"href":"https:\/\/abinox-chr-clim.com\/index.php\/wp-json\/wp\/v2\/product_cat?post=69255"},{"taxonomy":"product_tag","embeddable":true,"href":"https:\/\/abinox-chr-clim.com\/index.php\/wp-json\/wp\/v2\/product_tag?post=69255"}],"curies":[{"name":"wp","href":"https:\/\/api.w.org\/{rel}","templated":true}]}}