{"id":69245,"date":"2024-03-22T16:22:54","date_gmt":"2024-03-22T15:22:54","guid":{"rendered":"https:\/\/abinox-chr-clim.com\/index.php\/product\/casier-a-verres-25-compartiments-camrack-cambro-beige-hauteur-max-92mm\/"},"modified":"2026-04-02T09:42:44","modified_gmt":"2026-04-02T07:42:44","slug":"casier-a-verres-25-compartiments-camrack-cambro-beige-hauteur-max-92mm","status":"publish","type":"product","link":"https:\/\/abinox-chr-clim.com\/index.php\/product\/casier-a-verres-25-compartiments-camrack-cambro-beige-hauteur-max-92mm\/","title":{"rendered":"Casier \u00e0 verres 25 compartiments Camrack Cambro beige hauteur max 92mm"},"content":{"rendered":"<p>Verre 87mm max (\u00d8).<br \/>Couvercle associ\u00e9 CT329 vendu s\u00e9par\u00e9ment. Chariot pour casiers CT307 vendu s\u00e9par\u00e9ment.Diam\u00e8tre max des verres : 87mm. Ajoutez un code couleur aux casiers pour identifier facilement le contenu avec les autres couleurs de bases disponibles. Taille standard de l&rsquo;industrie 50 x 50 cm, convient aux lave-vaisselle commerciaux. R\u00e9siste aux produits chimiques et aux temp\u00e9ratures \u00e9lev\u00e9es jusqu&rsquo;\u00e0 93 \u00b0 C. Des poign\u00e9es arrondies faciles \u00e0 saisir sur les quatre c\u00f4t\u00e9s offrent une manipulation confortable. Hauteur maximale des verres 92mm.R\u00e9f\u00e9rence Cambro : 25S318184. Couvercle associ\u00e9 CT329 vendu s\u00e9par\u00e9ment. Chariot pour casiers CT307 vendu s\u00e9par\u00e9ment. .<br \/> Caract\u00e9ristiques :<br \/> Dimensions : 143(H) x 500(L) x 500(P) mm.<br \/> Mati\u00e8re : Polypropyl\u00e8ne.<br \/> Couleur : Beige.<\/p>\n","protected":false},"excerpt":{"rendered":"<div><img decoding=\"async\" src=\"https:\/\/abinox-chr-clim.com\/wp-content\/uploads\/2024\/03\/abinox-garantie-1-an.webp\" width=\"150px\"\/><\/div>\n<p>Casier \u00e0 verres 25 compartiments Camrack Cambro beige hauteur max 92mm<\/p>\n","protected":false},"featured_media":96826,"comment_status":"closed","ping_status":"closed","template":"","meta":[],"product_brand":[],"product_cat":[1172,1171,1160,1297],"product_tag":[],"class_list":{"0":"post-69245","1":"product","2":"type-product","3":"status-publish","4":"has-post-thumbnail","6":"product_cat-casiers-de-lavage","7":"product_cat-laverie","8":"product_cat-materiel-electrique-et-de-cuisson","9":"product_cat-non-palettisable","10":"product_shipping_class-free-shipping","12":"first","13":"instock","14":"featured","15":"taxable","16":"shipping-taxable","17":"purchasable","18":"product-type-simple"},"_links":{"self":[{"href":"https:\/\/abinox-chr-clim.com\/index.php\/wp-json\/wp\/v2\/product\/69245","targetHints":{"allow":["GET"]}}],"collection":[{"href":"https:\/\/abinox-chr-clim.com\/index.php\/wp-json\/wp\/v2\/product"}],"about":[{"href":"https:\/\/abinox-chr-clim.com\/index.php\/wp-json\/wp\/v2\/types\/product"}],"replies":[{"embeddable":true,"href":"https:\/\/abinox-chr-clim.com\/index.php\/wp-json\/wp\/v2\/comments?post=69245"}],"wp:featuredmedia":[{"embeddable":true,"href":"https:\/\/abinox-chr-clim.com\/index.php\/wp-json\/wp\/v2\/media\/96826"}],"wp:attachment":[{"href":"https:\/\/abinox-chr-clim.com\/index.php\/wp-json\/wp\/v2\/media?parent=69245"}],"wp:term":[{"taxonomy":"product_brand","embeddable":true,"href":"https:\/\/abinox-chr-clim.com\/index.php\/wp-json\/wp\/v2\/product_brand?post=69245"},{"taxonomy":"product_cat","embeddable":true,"href":"https:\/\/abinox-chr-clim.com\/index.php\/wp-json\/wp\/v2\/product_cat?post=69245"},{"taxonomy":"product_tag","embeddable":true,"href":"https:\/\/abinox-chr-clim.com\/index.php\/wp-json\/wp\/v2\/product_tag?post=69245"}],"curies":[{"name":"wp","href":"https:\/\/api.w.org\/{rel}","templated":true}]}}