{"id":69240,"date":"2024-03-22T16:22:52","date_gmt":"2024-03-22T15:22:52","guid":{"rendered":"https:\/\/abinox-chr-clim.com\/index.php\/product\/casier-a-plots-pour-assiettes-et-bols-cambro\/"},"modified":"2026-04-02T09:12:56","modified_gmt":"2026-04-02T07:12:56","slug":"casier-a-plots-pour-assiettes-et-bols-cambro","status":"publish","type":"product","link":"https:\/\/abinox-chr-clim.com\/index.php\/product\/casier-a-plots-pour-assiettes-et-bols-cambro\/","title":{"rendered":"Casier \u00e0 plots pour assiettes et bols Cambro"},"content":{"rendered":"<p>Permet un s\u00e9chage efficace de la vaisselle. Capacit\u00e9 en configuration \u00e0 5 compartiments : 10 bols, assiettes creuses, plats ou cloches de 25,4 cm.<br \/>Capacit\u00e9 en configuration \u00e0 9 compartiments : 18 assiettes de 25,4 cm, 12 assiettes de 30,5 cm, 27 assiettes de 19 cm ou<br \/>9 plateaux de 36 x 46 cm. R\u00e9f\u00e9rence Cambro : PR59314151. Permet un s\u00e9chage efficace de la vaisselle.<\/p>\n<p>Caract\u00e9ristiques :<br \/> Dimensions : 101(H) x 500(L) x 500(P)mm.<br \/> Mati\u00e8re : Polypropyl\u00e8ne<\/p>\n","protected":false},"excerpt":{"rendered":"<div><img decoding=\"async\" src=\"https:\/\/abinox-chr-clim.com\/wp-content\/uploads\/2024\/03\/abinox-garantie-1-an.webp\" width=\"150px\"\/><\/div>\n<p>Casier \u00e0 plots pour assiettes et bols Cambro<\/p>\n","protected":false},"featured_media":89487,"comment_status":"closed","ping_status":"closed","template":"","meta":[],"product_brand":[],"product_cat":[1172,1171,1160,1297],"product_tag":[],"class_list":{"0":"post-69240","1":"product","2":"type-product","3":"status-publish","4":"has-post-thumbnail","6":"product_cat-casiers-de-lavage","7":"product_cat-laverie","8":"product_cat-materiel-electrique-et-de-cuisson","9":"product_cat-non-palettisable","10":"product_shipping_class-free-shipping","12":"first","13":"instock","14":"featured","15":"taxable","16":"shipping-taxable","17":"purchasable","18":"product-type-simple"},"_links":{"self":[{"href":"https:\/\/abinox-chr-clim.com\/index.php\/wp-json\/wp\/v2\/product\/69240","targetHints":{"allow":["GET"]}}],"collection":[{"href":"https:\/\/abinox-chr-clim.com\/index.php\/wp-json\/wp\/v2\/product"}],"about":[{"href":"https:\/\/abinox-chr-clim.com\/index.php\/wp-json\/wp\/v2\/types\/product"}],"replies":[{"embeddable":true,"href":"https:\/\/abinox-chr-clim.com\/index.php\/wp-json\/wp\/v2\/comments?post=69240"}],"wp:featuredmedia":[{"embeddable":true,"href":"https:\/\/abinox-chr-clim.com\/index.php\/wp-json\/wp\/v2\/media\/89487"}],"wp:attachment":[{"href":"https:\/\/abinox-chr-clim.com\/index.php\/wp-json\/wp\/v2\/media?parent=69240"}],"wp:term":[{"taxonomy":"product_brand","embeddable":true,"href":"https:\/\/abinox-chr-clim.com\/index.php\/wp-json\/wp\/v2\/product_brand?post=69240"},{"taxonomy":"product_cat","embeddable":true,"href":"https:\/\/abinox-chr-clim.com\/index.php\/wp-json\/wp\/v2\/product_cat?post=69240"},{"taxonomy":"product_tag","embeddable":true,"href":"https:\/\/abinox-chr-clim.com\/index.php\/wp-json\/wp\/v2\/product_tag?post=69240"}],"curies":[{"name":"wp","href":"https:\/\/api.w.org\/{rel}","templated":true}]}}