{"id":69228,"date":"2024-03-22T16:22:48","date_gmt":"2024-03-22T15:22:48","guid":{"rendered":"https:\/\/abinox-chr-clim.com\/index.php\/product\/couvercle-camrack-cambro\/"},"modified":"2026-04-02T09:38:21","modified_gmt":"2026-04-02T07:38:21","slug":"couvercle-camrack-cambro","status":"publish","type":"product","link":"https:\/\/abinox-chr-clim.com\/index.php\/product\/couvercle-camrack-cambro\/","title":{"rendered":"Couvercle Camrack Cambro"},"content":{"rendered":"<p>Sert \u00e0 recouvrir et prot\u00e9ger les casiers Camrack standard charg\u00e9s de vaisselle propre.Utilis\u00e9 avec un chariot Camdolly, ils forment un syst\u00e8me de rangement hygi\u00e9nique et portable qui prot\u00e8ge le contenu entre les<br \/>usages. .R\u00e9f\u00e9rence Cambro : DRC2020180. Sert \u00e0 recouvrir et prot\u00e9ger les casiers Camrack standard charg\u00e9s de vaisselle propre. .<br \/> Caract\u00e9ristiques :<br \/> Dimensions : 24(H) x 500(L) x 500(P) mm.<br \/> Mati\u00e8re : Polypropyl\u00e8ne<\/p>\n","protected":false},"excerpt":{"rendered":"<div><img decoding=\"async\" src=\"https:\/\/abinox-chr-clim.com\/wp-content\/uploads\/2024\/03\/abinox-garantie-1-an.webp\" width=\"150px\"\/><\/div>\n<p>Couvercle Camrack Cambro<\/p>\n","protected":false},"featured_media":86178,"comment_status":"closed","ping_status":"closed","template":"","meta":[],"product_brand":[],"product_cat":[1172,1171,1160,1297],"product_tag":[],"class_list":{"0":"post-69228","1":"product","2":"type-product","3":"status-publish","4":"has-post-thumbnail","6":"product_cat-casiers-de-lavage","7":"product_cat-laverie","8":"product_cat-materiel-electrique-et-de-cuisson","9":"product_cat-non-palettisable","10":"product_shipping_class-free-shipping","12":"first","13":"instock","14":"featured","15":"taxable","16":"shipping-taxable","17":"purchasable","18":"product-type-simple"},"_links":{"self":[{"href":"https:\/\/abinox-chr-clim.com\/index.php\/wp-json\/wp\/v2\/product\/69228","targetHints":{"allow":["GET"]}}],"collection":[{"href":"https:\/\/abinox-chr-clim.com\/index.php\/wp-json\/wp\/v2\/product"}],"about":[{"href":"https:\/\/abinox-chr-clim.com\/index.php\/wp-json\/wp\/v2\/types\/product"}],"replies":[{"embeddable":true,"href":"https:\/\/abinox-chr-clim.com\/index.php\/wp-json\/wp\/v2\/comments?post=69228"}],"wp:featuredmedia":[{"embeddable":true,"href":"https:\/\/abinox-chr-clim.com\/index.php\/wp-json\/wp\/v2\/media\/86178"}],"wp:attachment":[{"href":"https:\/\/abinox-chr-clim.com\/index.php\/wp-json\/wp\/v2\/media?parent=69228"}],"wp:term":[{"taxonomy":"product_brand","embeddable":true,"href":"https:\/\/abinox-chr-clim.com\/index.php\/wp-json\/wp\/v2\/product_brand?post=69228"},{"taxonomy":"product_cat","embeddable":true,"href":"https:\/\/abinox-chr-clim.com\/index.php\/wp-json\/wp\/v2\/product_cat?post=69228"},{"taxonomy":"product_tag","embeddable":true,"href":"https:\/\/abinox-chr-clim.com\/index.php\/wp-json\/wp\/v2\/product_tag?post=69228"}],"curies":[{"name":"wp","href":"https:\/\/api.w.org\/{rel}","templated":true}]}}