{"id":69227,"date":"2024-03-22T16:22:48","date_gmt":"2024-03-22T15:22:48","guid":{"rendered":"https:\/\/abinox-chr-clim.com\/index.php\/product\/chariot-pour-casiers-camrack-cambro\/"},"modified":"2026-04-02T09:38:20","modified_gmt":"2026-04-02T07:38:20","slug":"chariot-pour-casiers-camrack-cambro","status":"publish","type":"product","link":"https:\/\/abinox-chr-clim.com\/index.php\/product\/chariot-pour-casiers-camrack-cambro\/","title":{"rendered":"Chariot pour casiers Camrack Cambro"},"content":{"rendered":"<p>Plastique extr\u00eamement durable \u00e0 l&rsquo;\u00e9preuve de la d\u00e9formation, des fissures, de la rouille et de la corrosion.La r\u00e9duction du levage et de la manutention n\u00e9cessaires diminue les risques de blessure. Les roulettes haute r\u00e9sistance assurent une manoeuvre ais\u00e9e sur tous les types de surface. Placez un couvercle Cambro Camrack\u00ae sur le dessus de la pile pour un stockage hygi\u00e9nique complet.  R\u00e9f\u00e9rence Cambro : CDR2020151. Plastique extr\u00eamement durable \u00e0 l&rsquo;\u00e9preuve de la d\u00e9formation, des fissures, de la rouille et de la corrosion. .<br \/> Caract\u00e9ristiques :<br \/> Dimensions : 187(H) x 530(L) x 545(P) mm.<br \/> Mati\u00e8re : Polypropyl\u00e8ne<\/p>\n","protected":false},"excerpt":{"rendered":"<div><img decoding=\"async\" src=\"https:\/\/abinox-chr-clim.com\/wp-content\/uploads\/2024\/03\/abinox-garantie-1-an.webp\" width=\"150px\"\/><\/div>\n<p>Chariot pour casiers Camrack Cambro<\/p>\n","protected":false},"featured_media":86169,"comment_status":"closed","ping_status":"closed","template":"","meta":[],"product_brand":[],"product_cat":[1172,1171,1160,1297],"product_tag":[],"class_list":{"0":"post-69227","1":"product","2":"type-product","3":"status-publish","4":"has-post-thumbnail","6":"product_cat-casiers-de-lavage","7":"product_cat-laverie","8":"product_cat-materiel-electrique-et-de-cuisson","9":"product_cat-non-palettisable","10":"product_shipping_class-free-shipping","12":"first","13":"instock","14":"featured","15":"taxable","16":"shipping-taxable","17":"purchasable","18":"product-type-simple"},"_links":{"self":[{"href":"https:\/\/abinox-chr-clim.com\/index.php\/wp-json\/wp\/v2\/product\/69227","targetHints":{"allow":["GET"]}}],"collection":[{"href":"https:\/\/abinox-chr-clim.com\/index.php\/wp-json\/wp\/v2\/product"}],"about":[{"href":"https:\/\/abinox-chr-clim.com\/index.php\/wp-json\/wp\/v2\/types\/product"}],"replies":[{"embeddable":true,"href":"https:\/\/abinox-chr-clim.com\/index.php\/wp-json\/wp\/v2\/comments?post=69227"}],"wp:featuredmedia":[{"embeddable":true,"href":"https:\/\/abinox-chr-clim.com\/index.php\/wp-json\/wp\/v2\/media\/86169"}],"wp:attachment":[{"href":"https:\/\/abinox-chr-clim.com\/index.php\/wp-json\/wp\/v2\/media?parent=69227"}],"wp:term":[{"taxonomy":"product_brand","embeddable":true,"href":"https:\/\/abinox-chr-clim.com\/index.php\/wp-json\/wp\/v2\/product_brand?post=69227"},{"taxonomy":"product_cat","embeddable":true,"href":"https:\/\/abinox-chr-clim.com\/index.php\/wp-json\/wp\/v2\/product_cat?post=69227"},{"taxonomy":"product_tag","embeddable":true,"href":"https:\/\/abinox-chr-clim.com\/index.php\/wp-json\/wp\/v2\/product_tag?post=69227"}],"curies":[{"name":"wp","href":"https:\/\/api.w.org\/{rel}","templated":true}]}}