{"id":69226,"date":"2024-03-22T16:22:47","date_gmt":"2024-03-22T15:22:47","guid":{"rendered":"https:\/\/abinox-chr-clim.com\/index.php\/product\/casier-de-base-standard-camrack-cambro-gris-50-cm\/"},"modified":"2026-04-02T09:38:19","modified_gmt":"2026-04-02T07:38:19","slug":"casier-de-base-standard-camrack-cambro-gris-50-cm","status":"publish","type":"product","link":"https:\/\/abinox-chr-clim.com\/index.php\/product\/casier-de-base-standard-camrack-cambro-gris-50-cm\/","title":{"rendered":"Casier de base standard Camrack Cambro gris 50 cm"},"content":{"rendered":"<p>Hauteur int\u00e9rieure du casier : 83 mm. Pour pots, casseroles, saladiers et gros articles de pr\u00e9paration, de service et de pr\u00e9sentation.Le polypropyl\u00e8ne durable r\u00e9siste aux produits chimiques et aux temp\u00e9ratures \u00e9lev\u00e9es jusqu&rsquo;\u00e0 93 \u00b0 C. Le rebord sup\u00e9rieur lisse assure un empilement rapide et stable. Adapt\u00e9 \u00e0 tout lave-vaisselle commercial.R\u00e9f\u00e9rence Cambro : BR258151. Hauteur int\u00e9rieure du casier : 83 mm.<\/p>\n<p>Caract\u00e9ristiques :<br \/> Dimensions : 101(H) x 500(L) x 500(P) mm.<br \/> Mati\u00e8re : Polypropyl\u00e8ne<\/p>\n","protected":false},"excerpt":{"rendered":"<div><img decoding=\"async\" src=\"https:\/\/abinox-chr-clim.com\/wp-content\/uploads\/2024\/03\/abinox-garantie-1-an.webp\" width=\"150px\"\/><\/div>\n<p>Casier de base standard Camrack Cambro gris 50 cm<\/p>\n","protected":false},"featured_media":86164,"comment_status":"closed","ping_status":"closed","template":"","meta":[],"product_brand":[],"product_cat":[1172,1171,1160,1297],"product_tag":[],"class_list":{"0":"post-69226","1":"product","2":"type-product","3":"status-publish","4":"has-post-thumbnail","6":"product_cat-casiers-de-lavage","7":"product_cat-laverie","8":"product_cat-materiel-electrique-et-de-cuisson","9":"product_cat-non-palettisable","10":"product_shipping_class-free-shipping","12":"first","13":"instock","14":"featured","15":"taxable","16":"shipping-taxable","17":"purchasable","18":"product-type-simple"},"_links":{"self":[{"href":"https:\/\/abinox-chr-clim.com\/index.php\/wp-json\/wp\/v2\/product\/69226","targetHints":{"allow":["GET"]}}],"collection":[{"href":"https:\/\/abinox-chr-clim.com\/index.php\/wp-json\/wp\/v2\/product"}],"about":[{"href":"https:\/\/abinox-chr-clim.com\/index.php\/wp-json\/wp\/v2\/types\/product"}],"replies":[{"embeddable":true,"href":"https:\/\/abinox-chr-clim.com\/index.php\/wp-json\/wp\/v2\/comments?post=69226"}],"wp:featuredmedia":[{"embeddable":true,"href":"https:\/\/abinox-chr-clim.com\/index.php\/wp-json\/wp\/v2\/media\/86164"}],"wp:attachment":[{"href":"https:\/\/abinox-chr-clim.com\/index.php\/wp-json\/wp\/v2\/media?parent=69226"}],"wp:term":[{"taxonomy":"product_brand","embeddable":true,"href":"https:\/\/abinox-chr-clim.com\/index.php\/wp-json\/wp\/v2\/product_brand?post=69226"},{"taxonomy":"product_cat","embeddable":true,"href":"https:\/\/abinox-chr-clim.com\/index.php\/wp-json\/wp\/v2\/product_cat?post=69226"},{"taxonomy":"product_tag","embeddable":true,"href":"https:\/\/abinox-chr-clim.com\/index.php\/wp-json\/wp\/v2\/product_tag?post=69226"}],"curies":[{"name":"wp","href":"https:\/\/api.w.org\/{rel}","templated":true}]}}