{"id":69220,"date":"2024-03-22T16:22:45","date_gmt":"2024-03-22T15:22:45","guid":{"rendered":"https:\/\/abinox-chr-clim.com\/index.php\/product\/plaque-vitroceramique-4-zones-sur-four-electrique-gn-2-1-gastro-m-700\/"},"modified":"2026-04-24T09:42:52","modified_gmt":"2026-04-24T07:42:52","slug":"plaque-vitroceramique-4-zones-sur-four-electrique-gn-2-1-gastro-m-700","status":"publish","type":"product","link":"https:\/\/abinox-chr-clim.com\/index.php\/product\/plaque-vitroceramique-4-zones-sur-four-electrique-gn-2-1-gastro-m-700\/","title":{"rendered":"Plaque vitroc\u00e9ramique 4 zones sur four \u00e9lectrique GN 2\/1 Gastro M 700"},"content":{"rendered":"<p>Plaque vitroc\u00e9ramique 4 zones avec thermostats r\u00e9glables. Four \u00e9lectrique GN 2\/1 avec thermostat, dimensions internes du four 530x340x325mm.<br \/>Zone de cuisson 2&#215;2,5kW. Zone de cuisson 2&#215;2,1kW. Four 6kW. R\u00e9f\u00e9rence soumise \u00e0 une Eco-participation mobilier de 0.48\u20ac par unit\u00e9 vendue.  R\u00e9f\u00e9rence soumise \u00e0 une Eco-participation DEEE de 2,82\u20ac par unit\u00e9 vendue. Zone de cuisson 2&#215;2,5kW.<\/p>\n<p>Caract\u00e9ristiques :<br \/> Dimensions : 870(H) x 800(L) x 730(P) mm.<br \/> Mati\u00e8re : Acier inoxydable.<br \/> Voltage : 400V.<br \/> Couleur : Acier inoxydable.<\/p>\n","protected":false},"excerpt":{"rendered":"<div><img decoding=\"async\" src=\"https:\/\/abinox-chr-clim.com\/wp-content\/uploads\/2024\/03\/abinox-garantie-1-an.webp\" width=\"150px\"\/><\/div>\n<p>Plaque vitroc\u00e9ramique 4 zones sur four \u00e9lectrique GN 2\/1 Gastro M 700<\/p>\n","protected":false},"featured_media":102341,"comment_status":"closed","ping_status":"closed","template":"","meta":[],"product_brand":[],"product_cat":[1167,1170,1160,1296],"product_tag":[],"class_list":{"0":"post-69220","1":"product","2":"type-product","3":"status-publish","4":"has-post-thumbnail","6":"product_cat-cuisson-horizontale","7":"product_cat-gastro-m-serie-700","8":"product_cat-materiel-electrique-et-de-cuisson","9":"product_cat-palettisable","11":"first","12":"instock","13":"featured","14":"taxable","15":"shipping-taxable","16":"purchasable","17":"product-type-simple"},"_links":{"self":[{"href":"https:\/\/abinox-chr-clim.com\/index.php\/wp-json\/wp\/v2\/product\/69220","targetHints":{"allow":["GET"]}}],"collection":[{"href":"https:\/\/abinox-chr-clim.com\/index.php\/wp-json\/wp\/v2\/product"}],"about":[{"href":"https:\/\/abinox-chr-clim.com\/index.php\/wp-json\/wp\/v2\/types\/product"}],"replies":[{"embeddable":true,"href":"https:\/\/abinox-chr-clim.com\/index.php\/wp-json\/wp\/v2\/comments?post=69220"}],"wp:featuredmedia":[{"embeddable":true,"href":"https:\/\/abinox-chr-clim.com\/index.php\/wp-json\/wp\/v2\/media\/102341"}],"wp:attachment":[{"href":"https:\/\/abinox-chr-clim.com\/index.php\/wp-json\/wp\/v2\/media?parent=69220"}],"wp:term":[{"taxonomy":"product_brand","embeddable":true,"href":"https:\/\/abinox-chr-clim.com\/index.php\/wp-json\/wp\/v2\/product_brand?post=69220"},{"taxonomy":"product_cat","embeddable":true,"href":"https:\/\/abinox-chr-clim.com\/index.php\/wp-json\/wp\/v2\/product_cat?post=69220"},{"taxonomy":"product_tag","embeddable":true,"href":"https:\/\/abinox-chr-clim.com\/index.php\/wp-json\/wp\/v2\/product_tag?post=69220"}],"curies":[{"name":"wp","href":"https:\/\/api.w.org\/{rel}","templated":true}]}}