{"id":69219,"date":"2024-03-22T16:22:45","date_gmt":"2024-03-22T15:22:45","guid":{"rendered":"https:\/\/abinox-chr-clim.com\/index.php\/product\/fourneau-electrique-4-plaques-gastro-m-700-gm70-80pce\/"},"modified":"2026-04-24T09:42:51","modified_gmt":"2026-04-24T07:42:51","slug":"fourneau-electrique-4-plaques-gastro-m-700-gm70-80pce","status":"publish","type":"product","link":"https:\/\/abinox-chr-clim.com\/index.php\/product\/fourneau-electrique-4-plaques-gastro-m-700-gm70-80pce\/","title":{"rendered":"Fourneau \u00e9lectrique 4 plaques Gastro M 700 GM70\/80PCE"},"content":{"rendered":"<p>4 plaques de cuisson de 2,6kW. R\u00e9f\u00e9rence soumise \u00e0 une Eco-participation mobilier de 0.16\u20ac par unit\u00e9 vendue.  R\u00e9f\u00e9rence soumise \u00e0 une Eco-participation DEEE de 1,20\u20ac par unit\u00e9 vendue. 4 plaques de cuisson de 2,6kW.<\/p>\n<p>Caract\u00e9ristiques :<br \/> Dimensions : 870(H) x 800(L) x 730(P) mm.<br \/> Mati\u00e8re : Acier inoxydable.<br \/> Voltage : 400V.<br \/> Couleur : Acier inoxydable.<\/p>\n","protected":false},"excerpt":{"rendered":"<div><img decoding=\"async\" src=\"https:\/\/abinox-chr-clim.com\/wp-content\/uploads\/2024\/03\/abinox-garantie-1-an.webp\" width=\"150px\"\/><\/div>\n<p>Fourneau \u00e9lectrique 4 plaques Gastro M 700 GM70\/80PCE<\/p>\n","protected":false},"featured_media":102340,"comment_status":"closed","ping_status":"closed","template":"","meta":[],"product_brand":[],"product_cat":[1167,1170,1160,1296],"product_tag":[],"class_list":{"0":"post-69219","1":"product","2":"type-product","3":"status-publish","4":"has-post-thumbnail","6":"product_cat-cuisson-horizontale","7":"product_cat-gastro-m-serie-700","8":"product_cat-materiel-electrique-et-de-cuisson","9":"product_cat-palettisable","11":"first","12":"instock","13":"featured","14":"taxable","15":"shipping-taxable","16":"purchasable","17":"product-type-simple"},"_links":{"self":[{"href":"https:\/\/abinox-chr-clim.com\/index.php\/wp-json\/wp\/v2\/product\/69219","targetHints":{"allow":["GET"]}}],"collection":[{"href":"https:\/\/abinox-chr-clim.com\/index.php\/wp-json\/wp\/v2\/product"}],"about":[{"href":"https:\/\/abinox-chr-clim.com\/index.php\/wp-json\/wp\/v2\/types\/product"}],"replies":[{"embeddable":true,"href":"https:\/\/abinox-chr-clim.com\/index.php\/wp-json\/wp\/v2\/comments?post=69219"}],"wp:featuredmedia":[{"embeddable":true,"href":"https:\/\/abinox-chr-clim.com\/index.php\/wp-json\/wp\/v2\/media\/102340"}],"wp:attachment":[{"href":"https:\/\/abinox-chr-clim.com\/index.php\/wp-json\/wp\/v2\/media?parent=69219"}],"wp:term":[{"taxonomy":"product_brand","embeddable":true,"href":"https:\/\/abinox-chr-clim.com\/index.php\/wp-json\/wp\/v2\/product_brand?post=69219"},{"taxonomy":"product_cat","embeddable":true,"href":"https:\/\/abinox-chr-clim.com\/index.php\/wp-json\/wp\/v2\/product_cat?post=69219"},{"taxonomy":"product_tag","embeddable":true,"href":"https:\/\/abinox-chr-clim.com\/index.php\/wp-json\/wp\/v2\/product_tag?post=69219"}],"curies":[{"name":"wp","href":"https:\/\/api.w.org\/{rel}","templated":true}]}}